{"id":10,"date":"2019-02-25T12:40:05","date_gmt":"2019-02-25T12:40:05","guid":{"rendered":"https:\/\/francheezer.com\/contact\/"},"modified":"2023-03-19T15:47:22","modified_gmt":"2023-03-19T14:47:22","slug":"contact","status":"publish","type":"page","link":"https:\/\/francheezer.com\/en\/contact\/","title":{"rendered":"Contact"},"content":{"rendered":"<h1>\n\t\t\t\tFranchising in Switzerland: contact us!\n\t\t\t<\/h1>\n\t\t\t<p>Vous trouverez ici tout ce qu&#8217;il faut pour nous contacter<\/p>\t\n\t\t\t<h2>Don't miss out on the Franchise experts in Switzerland<\/h2>\t\t\t\n\t\t\t\t<p>Vous voulez vous d\u00e9velopper en Suisse ou \u00e0 l&#8217;international et souhaitez des renseignements concernant nos services ? Contactez-nous !<\/p>\n\t<h3>\n\t\t\t\t<a href=\"mailto:info@francheezer.com\" title=\"by e-mail\" target=\"_self\" rel=\"noopener\">\n\t\t\t\tby e-mail\n\t\t\t\t<\/a>\n\t\t\t<\/h3>\n\t\t\t<p>info@francheezer.com<\/p>\t\n\t<h3>\n\t\t\t\tby phone\n\t\t\t<\/h3>\n\t\t\t<p>+41 22 318 62 00<\/p>\t\n<h2>\n\t\tTell us what you are looking for\n\t<\/h2>","protected":false},"excerpt":{"rendered":"<p>Franchise en Suisse : contactez-nous ! Vous trouverez ici tout ce qu&#8217;il faut pour nous contacter Ne passez pas \u00e0 c\u00f4t\u00e9 des experts de la Franchise en Suisse Vous voulez vous d\u00e9velopper en Suisse ou \u00e0 l&#8217;international et souhaitez des renseignements concernant nos services ? Contactez-nous ! par e-mail info@francheezer.com par t\u00e9l\u00e9phone +41 22 318 [&hellip;]<\/p>\n","protected":false},"author":1,"featured_media":0,"parent":0,"menu_order":0,"comment_status":"closed","ping_status":"closed","template":"","meta":{"site-sidebar-layout":"no-sidebar","site-content-layout":"page-builder","ast-site-content-layout":"default","site-content-style":"default","site-sidebar-style":"default","ast-global-header-display":"","ast-banner-title-visibility":"","ast-main-header-display":"","ast-hfb-above-header-display":"","ast-hfb-below-header-display":"","ast-hfb-mobile-header-display":"","site-post-title":"disabled","ast-breadcrumbs-content":"","ast-featured-img":"disabled","footer-sml-layout":"","ast-disable-related-posts":"","theme-transparent-header-meta":"enabled","adv-header-id-meta":"","stick-header-meta":"","header-above-stick-meta":"","header-main-stick-meta":"","header-below-stick-meta":"","astra-migrate-meta-layouts":"default","ast-page-background-enabled":"default","ast-page-background-meta":{"desktop":{"background-color":"","background-image":"","background-repeat":"repeat","background-position":"center center","background-size":"auto","background-attachment":"scroll","background-type":"","background-media":"","overlay-type":"","overlay-color":"","overlay-opacity":"","overlay-gradient":""},"tablet":{"background-color":"","background-image":"","background-repeat":"repeat","background-position":"center center","background-size":"auto","background-attachment":"scroll","background-type":"","background-media":"","overlay-type":"","overlay-color":"","overlay-opacity":"","overlay-gradient":""},"mobile":{"background-color":"","background-image":"","background-repeat":"repeat","background-position":"center center","background-size":"auto","background-attachment":"scroll","background-type":"","background-media":"","overlay-type":"","overlay-color":"","overlay-opacity":"","overlay-gradient":""}},"ast-content-background-meta":{"desktop":{"background-color":"var(--ast-global-color-5)","background-image":"","background-repeat":"repeat","background-position":"center center","background-size":"auto","background-attachment":"scroll","background-type":"","background-media":"","overlay-type":"","overlay-color":"","overlay-opacity":"","overlay-gradient":""},"tablet":{"background-color":"var(--ast-global-color-5)","background-image":"","background-repeat":"repeat","background-position":"center center","background-size":"auto","background-attachment":"scroll","background-type":"","background-media":"","overlay-type":"","overlay-color":"","overlay-opacity":"","overlay-gradient":""},"mobile":{"background-color":"var(--ast-global-color-5)","background-image":"","background-repeat":"repeat","background-position":"center center","background-size":"auto","background-attachment":"scroll","background-type":"","background-media":"","overlay-type":"","overlay-color":"","overlay-opacity":"","overlay-gradient":""}},"footnotes":""},"class_list":["post-10","page","type-page","status-publish","hentry"],"yoast_head":"<!-- This site is optimized with the Yoast SEO plugin v27.6 - https:\/\/yoast.com\/product\/yoast-seo-wordpress\/ -->\n<title>Contact - Francheezer<\/title>\n<meta name=\"description\" content=\"Contactez l&#039;\u00e9quipe de Francheezer et faites un 1er pas vers le d\u00e9veloppement de votre enseigne ou de votre projet en Suisse.\" \/>\n<meta name=\"robots\" content=\"index, follow, max-snippet:-1, max-image-preview:large, max-video-preview:-1\" \/>\n<link rel=\"canonical\" href=\"https:\/\/francheezer.com\/en\/contact\/\" \/>\n<meta property=\"og:locale\" content=\"en_GB\" \/>\n<meta property=\"og:type\" content=\"article\" \/>\n<meta property=\"og:title\" content=\"Contact - Francheezer\" \/>\n<meta property=\"og:description\" content=\"Contactez l&#039;\u00e9quipe de Francheezer et faites un 1er pas vers le d\u00e9veloppement de votre enseigne ou de votre projet en Suisse.\" \/>\n<meta property=\"og:url\" content=\"https:\/\/francheezer.com\/en\/contact\/\" \/>\n<meta property=\"og:site_name\" content=\"Francheezer\" \/>\n<meta property=\"article:modified_time\" content=\"2023-03-19T14:47:22+00:00\" \/>\n<meta name=\"twitter:card\" content=\"summary_large_image\" \/>\n<meta name=\"twitter:label1\" content=\"Estimated reading time\" \/>\n\t<meta name=\"twitter:data1\" content=\"1 minute\" \/>\n<script type=\"application\/ld+json\" class=\"yoast-schema-graph\">{\"@context\":\"https:\\\/\\\/schema.org\",\"@graph\":[{\"@type\":\"WebPage\",\"@id\":\"https:\\\/\\\/francheezer.com\\\/contact\\\/\",\"url\":\"https:\\\/\\\/francheezer.com\\\/contact\\\/\",\"name\":\"Contact - Francheezer\",\"isPartOf\":{\"@id\":\"https:\\\/\\\/francheezer.com\\\/#website\"},\"datePublished\":\"2019-02-25T12:40:05+00:00\",\"dateModified\":\"2023-03-19T14:47:22+00:00\",\"description\":\"Contactez l'\u00e9quipe de Francheezer et faites un 1er pas vers le d\u00e9veloppement de votre enseigne ou de votre projet en Suisse.\",\"breadcrumb\":{\"@id\":\"https:\\\/\\\/francheezer.com\\\/contact\\\/#breadcrumb\"},\"inLanguage\":\"en-GB\",\"potentialAction\":[{\"@type\":\"ReadAction\",\"target\":[\"https:\\\/\\\/francheezer.com\\\/contact\\\/\"]}]},{\"@type\":\"BreadcrumbList\",\"@id\":\"https:\\\/\\\/francheezer.com\\\/contact\\\/#breadcrumb\",\"itemListElement\":[{\"@type\":\"ListItem\",\"position\":1,\"name\":\"Accueil\",\"item\":\"https:\\\/\\\/francheezer.com\\\/\"},{\"@type\":\"ListItem\",\"position\":2,\"name\":\"Contact\"}]},{\"@type\":\"WebSite\",\"@id\":\"https:\\\/\\\/francheezer.com\\\/#website\",\"url\":\"https:\\\/\\\/francheezer.com\\\/\",\"name\":\"Francheezer\",\"description\":\"\",\"publisher\":{\"@id\":\"https:\\\/\\\/francheezer.com\\\/#organization\"},\"potentialAction\":[{\"@type\":\"SearchAction\",\"target\":{\"@type\":\"EntryPoint\",\"urlTemplate\":\"https:\\\/\\\/francheezer.com\\\/?s={search_term_string}\"},\"query-input\":{\"@type\":\"PropertyValueSpecification\",\"valueRequired\":true,\"valueName\":\"search_term_string\"}}],\"inLanguage\":\"en-GB\"},{\"@type\":\"Organization\",\"@id\":\"https:\\\/\\\/francheezer.com\\\/#organization\",\"name\":\"Francheezer\",\"url\":\"https:\\\/\\\/francheezer.com\\\/\",\"logo\":{\"@type\":\"ImageObject\",\"inLanguage\":\"en-GB\",\"@id\":\"https:\\\/\\\/francheezer.com\\\/#\\\/schema\\\/logo\\\/image\\\/\",\"url\":\"https:\\\/\\\/francheezer.com\\\/wp-content\\\/uploads\\\/2023\\\/03\\\/cropped-Francheezer-RVB-sans-Suisse-500-148.png\",\"contentUrl\":\"https:\\\/\\\/francheezer.com\\\/wp-content\\\/uploads\\\/2023\\\/03\\\/cropped-Francheezer-RVB-sans-Suisse-500-148.png\",\"width\":500,\"height\":148,\"caption\":\"Francheezer\"},\"image\":{\"@id\":\"https:\\\/\\\/francheezer.com\\\/#\\\/schema\\\/logo\\\/image\\\/\"}}]}<\/script>\n<!-- \/ Yoast SEO plugin. -->","yoast_head_json":{"title":"Contact - Francheezer","description":"Contactez l'\u00e9quipe de Francheezer et faites un 1er pas vers le d\u00e9veloppement de votre enseigne ou de votre projet en Suisse.","robots":{"index":"index","follow":"follow","max-snippet":"max-snippet:-1","max-image-preview":"max-image-preview:large","max-video-preview":"max-video-preview:-1"},"canonical":"https:\/\/francheezer.com\/en\/contact\/","og_locale":"en_GB","og_type":"article","og_title":"Contact - Francheezer","og_description":"Contactez l'\u00e9quipe de Francheezer et faites un 1er pas vers le d\u00e9veloppement de votre enseigne ou de votre projet en Suisse.","og_url":"https:\/\/francheezer.com\/en\/contact\/","og_site_name":"Francheezer","article_modified_time":"2023-03-19T14:47:22+00:00","twitter_card":"summary_large_image","twitter_misc":{"Estimated reading time":"1 minute"},"schema":{"@context":"https:\/\/schema.org","@graph":[{"@type":"WebPage","@id":"https:\/\/francheezer.com\/contact\/","url":"https:\/\/francheezer.com\/contact\/","name":"Contact - Francheezer","isPartOf":{"@id":"https:\/\/francheezer.com\/#website"},"datePublished":"2019-02-25T12:40:05+00:00","dateModified":"2023-03-19T14:47:22+00:00","description":"Contactez l'\u00e9quipe de Francheezer et faites un 1er pas vers le d\u00e9veloppement de votre enseigne ou de votre projet en Suisse.","breadcrumb":{"@id":"https:\/\/francheezer.com\/contact\/#breadcrumb"},"inLanguage":"en-GB","potentialAction":[{"@type":"ReadAction","target":["https:\/\/francheezer.com\/contact\/"]}]},{"@type":"BreadcrumbList","@id":"https:\/\/francheezer.com\/contact\/#breadcrumb","itemListElement":[{"@type":"ListItem","position":1,"name":"Accueil","item":"https:\/\/francheezer.com\/"},{"@type":"ListItem","position":2,"name":"Contact"}]},{"@type":"WebSite","@id":"https:\/\/francheezer.com\/#website","url":"https:\/\/francheezer.com\/","name":"Francheezer","description":"","publisher":{"@id":"https:\/\/francheezer.com\/#organization"},"potentialAction":[{"@type":"SearchAction","target":{"@type":"EntryPoint","urlTemplate":"https:\/\/francheezer.com\/?s={search_term_string}"},"query-input":{"@type":"PropertyValueSpecification","valueRequired":true,"valueName":"search_term_string"}}],"inLanguage":"en-GB"},{"@type":"Organization","@id":"https:\/\/francheezer.com\/#organization","name":"Francheezer","url":"https:\/\/francheezer.com\/","logo":{"@type":"ImageObject","inLanguage":"en-GB","@id":"https:\/\/francheezer.com\/#\/schema\/logo\/image\/","url":"https:\/\/francheezer.com\/wp-content\/uploads\/2023\/03\/cropped-Francheezer-RVB-sans-Suisse-500-148.png","contentUrl":"https:\/\/francheezer.com\/wp-content\/uploads\/2023\/03\/cropped-Francheezer-RVB-sans-Suisse-500-148.png","width":500,"height":148,"caption":"Francheezer"},"image":{"@id":"https:\/\/francheezer.com\/#\/schema\/logo\/image\/"}}]}},"_links":{"self":[{"href":"https:\/\/francheezer.com\/en\/wp-json\/wp\/v2\/pages\/10","targetHints":{"allow":["GET"]}}],"collection":[{"href":"https:\/\/francheezer.com\/en\/wp-json\/wp\/v2\/pages"}],"about":[{"href":"https:\/\/francheezer.com\/en\/wp-json\/wp\/v2\/types\/page"}],"author":[{"embeddable":true,"href":"https:\/\/francheezer.com\/en\/wp-json\/wp\/v2\/users\/1"}],"replies":[{"embeddable":true,"href":"https:\/\/francheezer.com\/en\/wp-json\/wp\/v2\/comments?post=10"}],"version-history":[{"count":25,"href":"https:\/\/francheezer.com\/en\/wp-json\/wp\/v2\/pages\/10\/revisions"}],"predecessor-version":[{"id":1532,"href":"https:\/\/francheezer.com\/en\/wp-json\/wp\/v2\/pages\/10\/revisions\/1532"}],"wp:attachment":[{"href":"https:\/\/francheezer.com\/en\/wp-json\/wp\/v2\/media?parent=10"}],"curies":[{"name":"wp","href":"https:\/\/api.w.org\/{rel}","templated":true}]}}