{"id":1035,"date":"2022-09-08T13:27:43","date_gmt":"2022-09-08T11:27:43","guid":{"rendered":"https:\/\/francheezer.com\/?page_id=1035"},"modified":"2023-03-19T15:55:51","modified_gmt":"2023-03-19T14:55:51","slug":"espace-presse","status":"publish","type":"page","link":"https:\/\/francheezer.com\/en\/espace-presse\/","title":{"rendered":"Press"},"content":{"rendered":"<h1>\n\t\t\t\tPress\n\t\t\t<\/h1>\n\t\t\t<p>On parle de Francheezer dans la presse&#8230;<\/p>\t\n\tHere you will find press articles about us as well as some participations in significant events.<br>\nIf you are a journalist and would like information on franchising in Switzerland, please contact us at info@francheezer.com or via our <a href=\"\/en\/contact\/\">contact form<\/a>.\n\t\t\t\t<a href=\"https:\/\/www.pme.ch\/business\/2022\/02\/07\/la-reussite-en-toute-franchise\" target=\"_blank\" rel=\"noopener\" itemprop=\"url\">\n\t\t\t\t<img decoding=\"async\" src=\"https:\/\/francheezer.com\/wp-content\/uploads\/2022\/09\/logo-swissdistribution-small.jpg\" alt=\"logo swiss distribution\" title=\"swiss distribution logo\" itemprop=\"image\">\n\t\t\t\t\t\t<\/a>\n\t<p><strong>APRIL 26, 2022<\/strong><\/p>\n\t<p>Further education with Swiss distribution<\/p>\n\t<em>Speech by David Talerman, co-founder of Francheezer, about <a href=\"\/wp-content\/uploads\/2022\/09\/2022-LE-RECRUTEMENT-DIGITAL-DE-CANDIDATS-FRANCHISES.pdf\" target=\"_blank\" rel=\"noopener\">digital recruitment of franchisees<\/a> (Swiss distribution, Swiss Franchise Federation)<br>\n<\/em>\n\t\t\t\t<a href=\"https:\/\/www.pme.ch\/business\/2022\/02\/07\/la-reussite-en-toute-franchise\" target=\"_blank\" rel=\"noopener\" itemprop=\"url\">\n\t\t\t\t<img decoding=\"async\" src=\"https:\/\/francheezer.com\/wp-content\/uploads\/2022\/09\/logo-pme.png\" alt=\"logo-pme\" title=\"logo-pme\" itemprop=\"image\">\n\t\t\t\t\t\t<\/a>\n\t<p><strong>FEBRUARY 07, 2022<\/strong><\/p>\n\t<p>&#8220;Un franchis\u00e9 doit \u00eatre un ambassadeur fiable et motiv\u00e9 de la marque, dot\u00e9 d&#8217;un \u00e9tat d&#8217;esprit de leader mais en m\u00eame temps d&#8217;une capacit\u00e9 \u00e0 se remettre en cause et de d\u00e9construire ses anciens automatismes professionnels pour se fondre dans un moule assez pr\u00e9cis.&#8221;<\/p>\n\t<em>Laure Limousin, co-fondatrice de Francheezer, dans &#8220;<a href=\"https:\/\/www.pme.ch\/business\/2022\/02\/07\/la-reussite-en-toute-franchise\" target=\"_blank\" rel=\"noopener\">La r\u00e9ussite en toute franchise<\/a>&#8220;<br>\n<\/em>\n\t\t\t\t<img decoding=\"async\" src=\"https:\/\/francheezer.com\/wp-content\/uploads\/2022\/09\/logo-fer-geneve.png\" alt=\"logo FER Gen\u00e8ve\" title=\"logo-fer-geneve\" itemprop=\"image\">\n\t<p><strong>NOVEMBER 03, 2021<\/strong><\/p>\n\t<p>&#8220;Recruter en franchise: une rencontre humaine et \u00e9motionnelle&#8221;<\/p>\n\t<em>Intervention of Laure Limousin at the FER-Gen\u00e8ve for the <a href=\"https:\/\/www.fer-ge.ch\/fr\/web\/fer-ge\/w\/6e-journ%C3%A9e-romande-de-la-franchise\" target=\"_blank\" rel=\"noopener\">6\u00e8me Journ\u00e9e romande de la franchise<\/a><br>\n<\/em>\n\t\t\t\t<img decoding=\"async\" src=\"https:\/\/francheezer.com\/wp-content\/uploads\/2022\/09\/logo-franchise-magazine.png\" alt=\"logo Franchise Magazine\" title=\"logo-franchise-magazine\" itemprop=\"image\">\n\t<p><strong>SEPTEMBER 01, 2021<\/strong><\/p>\n\t<p>&#8220;Faire se rencontrer les porteurs de projet et les enseignes qui recrutent en Suisse et en France&#8221;<\/p>\n\t<em><a href=\"https:\/\/www.franchise-magazine.com\/news-franchise\/evenement-en-ligne-france-suisse-projets-enseignes-septembre-2021\">E-rencontres franco-suisses de la Franchise : an event to follow online on Tuesday 7 September<\/a><br>\n<\/em>\n\t\t\t\t<img decoding=\"async\" src=\"https:\/\/francheezer.com\/wp-content\/uploads\/2022\/09\/logo-ccifs.png\" alt=\"logo ccifs\" title=\"logo-ccifs\" itemprop=\"image\">\n\t<p><strong>FEBRUARY 2020<\/strong><\/p>\n\t<p>&#8220;La r\u00e9ussite du r\u00e9seau de franchise, au-del\u00e0 du choix des candidats repose aussi sur l&#8217;accompagnement que le franchiseur offre au franchis\u00e9&#8221;<\/p>\n\t<p>Laure Limousin, co-founder of Francheezer, in the <a href=\"\/wp-content\/uploads\/2022\/09\/CCIFS-ASPECT-laure-limousin.pdf\" target=\"_blank\" rel=\"noopener\">ASPECT journal of the French-Swiss Chamber of Commerce<\/a><\/p>","protected":false},"excerpt":{"rendered":"<p>Espace presse On parle de Francheezer dans la presse&#8230; Vous retrouverez ici les mentions presse de notre activit\u00e9 ainsi que quelques participations \u00e0 des \u00e9v\u00e9nements significatifs. Si vous \u00eates journaliste et que vous souhaitez des informations sur la franchise en Suisse, merci de nous contacter \u00e0 info@francheezer.com ou via notre formulaire de contact. 26 AVRIL [&hellip;]<\/p>\n","protected":false},"author":1,"featured_media":0,"parent":0,"menu_order":0,"comment_status":"closed","ping_status":"closed","template":"","meta":{"site-sidebar-layout":"default","site-content-layout":"","ast-site-content-layout":"default","site-content-style":"default","site-sidebar-style":"default","ast-global-header-display":"","ast-banner-title-visibility":"","ast-main-header-display":"","ast-hfb-above-header-display":"","ast-hfb-below-header-display":"","ast-hfb-mobile-header-display":"","site-post-title":"disabled","ast-breadcrumbs-content":"","ast-featured-img":"","footer-sml-layout":"","ast-disable-related-posts":"","theme-transparent-header-meta":"","adv-header-id-meta":"","stick-header-meta":"","header-above-stick-meta":"","header-main-stick-meta":"","header-below-stick-meta":"","astra-migrate-meta-layouts":"default","ast-page-background-enabled":"default","ast-page-background-meta":{"desktop":{"background-color":"","background-image":"","background-repeat":"repeat","background-position":"center center","background-size":"auto","background-attachment":"scroll","background-type":"","background-media":"","overlay-type":"","overlay-color":"","overlay-opacity":"","overlay-gradient":""},"tablet":{"background-color":"","background-image":"","background-repeat":"repeat","background-position":"center center","background-size":"auto","background-attachment":"scroll","background-type":"","background-media":"","overlay-type":"","overlay-color":"","overlay-opacity":"","overlay-gradient":""},"mobile":{"background-color":"","background-image":"","background-repeat":"repeat","background-position":"center center","background-size":"auto","background-attachment":"scroll","background-type":"","background-media":"","overlay-type":"","overlay-color":"","overlay-opacity":"","overlay-gradient":""}},"ast-content-background-meta":{"desktop":{"background-color":"var(--ast-global-color-5)","background-image":"","background-repeat":"repeat","background-position":"center center","background-size":"auto","background-attachment":"scroll","background-type":"","background-media":"","overlay-type":"","overlay-color":"","overlay-opacity":"","overlay-gradient":""},"tablet":{"background-color":"var(--ast-global-color-5)","background-image":"","background-repeat":"repeat","background-position":"center center","background-size":"auto","background-attachment":"scroll","background-type":"","background-media":"","overlay-type":"","overlay-color":"","overlay-opacity":"","overlay-gradient":""},"mobile":{"background-color":"var(--ast-global-color-5)","background-image":"","background-repeat":"repeat","background-position":"center center","background-size":"auto","background-attachment":"scroll","background-type":"","background-media":"","overlay-type":"","overlay-color":"","overlay-opacity":"","overlay-gradient":""}},"footnotes":""},"class_list":["post-1035","page","type-page","status-publish","hentry"],"yoast_head":"<!-- This site is optimized with the Yoast SEO plugin v27.5 - https:\/\/yoast.com\/product\/yoast-seo-wordpress\/ -->\n<title>Espace presse - Francheezer<\/title>\n<meta name=\"description\" content=\"On parle de Francheezer, le sp\u00e9cialiste de la Franchise en Suisse et de ses fondateurs dans la presse suisse et internationale. Avis.\" \/>\n<meta name=\"robots\" content=\"index, follow, max-snippet:-1, max-image-preview:large, max-video-preview:-1\" \/>\n<link rel=\"canonical\" href=\"https:\/\/francheezer.com\/en\/espace-presse\/\" \/>\n<meta property=\"og:locale\" content=\"en_GB\" \/>\n<meta property=\"og:type\" content=\"article\" \/>\n<meta property=\"og:title\" content=\"Espace presse - Francheezer\" \/>\n<meta property=\"og:description\" content=\"On parle de Francheezer, le sp\u00e9cialiste de la Franchise en Suisse et de ses fondateurs dans la presse suisse et internationale. Avis.\" \/>\n<meta property=\"og:url\" content=\"https:\/\/francheezer.com\/en\/espace-presse\/\" \/>\n<meta property=\"og:site_name\" content=\"Francheezer\" \/>\n<meta property=\"article:modified_time\" content=\"2023-03-19T14:55:51+00:00\" \/>\n<meta property=\"og:image\" content=\"https:\/\/francheezer.com\/wp-content\/uploads\/2022\/09\/logo-swissdistribution-small.jpg\" \/>\n<meta name=\"twitter:card\" content=\"summary_large_image\" \/>\n<meta name=\"twitter:label1\" content=\"Estimated reading time\" \/>\n\t<meta name=\"twitter:data1\" content=\"3 minutes\" \/>\n<script type=\"application\/ld+json\" class=\"yoast-schema-graph\">{\"@context\":\"https:\\\/\\\/schema.org\",\"@graph\":[{\"@type\":\"WebPage\",\"@id\":\"https:\\\/\\\/francheezer.com\\\/espace-presse\\\/\",\"url\":\"https:\\\/\\\/francheezer.com\\\/espace-presse\\\/\",\"name\":\"Espace presse - Francheezer\",\"isPartOf\":{\"@id\":\"https:\\\/\\\/francheezer.com\\\/#website\"},\"primaryImageOfPage\":{\"@id\":\"https:\\\/\\\/francheezer.com\\\/espace-presse\\\/#primaryimage\"},\"image\":{\"@id\":\"https:\\\/\\\/francheezer.com\\\/espace-presse\\\/#primaryimage\"},\"thumbnailUrl\":\"https:\\\/\\\/francheezer.com\\\/wp-content\\\/uploads\\\/2022\\\/09\\\/logo-swissdistribution-small.jpg\",\"datePublished\":\"2022-09-08T11:27:43+00:00\",\"dateModified\":\"2023-03-19T14:55:51+00:00\",\"description\":\"On parle de Francheezer, le sp\u00e9cialiste de la Franchise en Suisse et de ses fondateurs dans la presse suisse et internationale. Avis.\",\"breadcrumb\":{\"@id\":\"https:\\\/\\\/francheezer.com\\\/espace-presse\\\/#breadcrumb\"},\"inLanguage\":\"en-GB\",\"potentialAction\":[{\"@type\":\"ReadAction\",\"target\":[\"https:\\\/\\\/francheezer.com\\\/espace-presse\\\/\"]}]},{\"@type\":\"ImageObject\",\"inLanguage\":\"en-GB\",\"@id\":\"https:\\\/\\\/francheezer.com\\\/espace-presse\\\/#primaryimage\",\"url\":\"https:\\\/\\\/francheezer.com\\\/wp-content\\\/uploads\\\/2022\\\/09\\\/logo-swissdistribution-small.jpg\",\"contentUrl\":\"https:\\\/\\\/francheezer.com\\\/wp-content\\\/uploads\\\/2022\\\/09\\\/logo-swissdistribution-small.jpg\"},{\"@type\":\"BreadcrumbList\",\"@id\":\"https:\\\/\\\/francheezer.com\\\/espace-presse\\\/#breadcrumb\",\"itemListElement\":[{\"@type\":\"ListItem\",\"position\":1,\"name\":\"Accueil\",\"item\":\"https:\\\/\\\/francheezer.com\\\/\"},{\"@type\":\"ListItem\",\"position\":2,\"name\":\"Espace presse\"}]},{\"@type\":\"WebSite\",\"@id\":\"https:\\\/\\\/francheezer.com\\\/#website\",\"url\":\"https:\\\/\\\/francheezer.com\\\/\",\"name\":\"Francheezer\",\"description\":\"\",\"publisher\":{\"@id\":\"https:\\\/\\\/francheezer.com\\\/#organization\"},\"potentialAction\":[{\"@type\":\"SearchAction\",\"target\":{\"@type\":\"EntryPoint\",\"urlTemplate\":\"https:\\\/\\\/francheezer.com\\\/?s={search_term_string}\"},\"query-input\":{\"@type\":\"PropertyValueSpecification\",\"valueRequired\":true,\"valueName\":\"search_term_string\"}}],\"inLanguage\":\"en-GB\"},{\"@type\":\"Organization\",\"@id\":\"https:\\\/\\\/francheezer.com\\\/#organization\",\"name\":\"Francheezer\",\"url\":\"https:\\\/\\\/francheezer.com\\\/\",\"logo\":{\"@type\":\"ImageObject\",\"inLanguage\":\"en-GB\",\"@id\":\"https:\\\/\\\/francheezer.com\\\/#\\\/schema\\\/logo\\\/image\\\/\",\"url\":\"https:\\\/\\\/francheezer.com\\\/wp-content\\\/uploads\\\/2023\\\/03\\\/cropped-Francheezer-RVB-sans-Suisse-500-148.png\",\"contentUrl\":\"https:\\\/\\\/francheezer.com\\\/wp-content\\\/uploads\\\/2023\\\/03\\\/cropped-Francheezer-RVB-sans-Suisse-500-148.png\",\"width\":500,\"height\":148,\"caption\":\"Francheezer\"},\"image\":{\"@id\":\"https:\\\/\\\/francheezer.com\\\/#\\\/schema\\\/logo\\\/image\\\/\"}}]}<\/script>\n<!-- \/ Yoast SEO plugin. -->","yoast_head_json":{"title":"Press room - Francheezer","description":"Francheezer, the Swiss franchise specialist, and its founders are featured in the Swiss and international press.","robots":{"index":"index","follow":"follow","max-snippet":"max-snippet:-1","max-image-preview":"max-image-preview:large","max-video-preview":"max-video-preview:-1"},"canonical":"https:\/\/francheezer.com\/en\/espace-presse\/","og_locale":"en_GB","og_type":"article","og_title":"Espace presse - Francheezer","og_description":"On parle de Francheezer, le sp\u00e9cialiste de la Franchise en Suisse et de ses fondateurs dans la presse suisse et internationale. Avis.","og_url":"https:\/\/francheezer.com\/en\/espace-presse\/","og_site_name":"Francheezer","article_modified_time":"2023-03-19T14:55:51+00:00","og_image":[{"url":"https:\/\/francheezer.com\/wp-content\/uploads\/2022\/09\/logo-swissdistribution-small.jpg","type":"","width":"","height":""}],"twitter_card":"summary_large_image","twitter_misc":{"Estimated reading time":"3 minutes"},"schema":{"@context":"https:\/\/schema.org","@graph":[{"@type":"WebPage","@id":"https:\/\/francheezer.com\/espace-presse\/","url":"https:\/\/francheezer.com\/espace-presse\/","name":"Press room - Francheezer","isPartOf":{"@id":"https:\/\/francheezer.com\/#website"},"primaryImageOfPage":{"@id":"https:\/\/francheezer.com\/espace-presse\/#primaryimage"},"image":{"@id":"https:\/\/francheezer.com\/espace-presse\/#primaryimage"},"thumbnailUrl":"https:\/\/francheezer.com\/wp-content\/uploads\/2022\/09\/logo-swissdistribution-small.jpg","datePublished":"2022-09-08T11:27:43+00:00","dateModified":"2023-03-19T14:55:51+00:00","description":"Francheezer, the Swiss franchise specialist, and its founders are featured in the Swiss and international press.","breadcrumb":{"@id":"https:\/\/francheezer.com\/espace-presse\/#breadcrumb"},"inLanguage":"en-GB","potentialAction":[{"@type":"ReadAction","target":["https:\/\/francheezer.com\/espace-presse\/"]}]},{"@type":"ImageObject","inLanguage":"en-GB","@id":"https:\/\/francheezer.com\/espace-presse\/#primaryimage","url":"https:\/\/francheezer.com\/wp-content\/uploads\/2022\/09\/logo-swissdistribution-small.jpg","contentUrl":"https:\/\/francheezer.com\/wp-content\/uploads\/2022\/09\/logo-swissdistribution-small.jpg"},{"@type":"BreadcrumbList","@id":"https:\/\/francheezer.com\/espace-presse\/#breadcrumb","itemListElement":[{"@type":"ListItem","position":1,"name":"Accueil","item":"https:\/\/francheezer.com\/"},{"@type":"ListItem","position":2,"name":"Espace presse"}]},{"@type":"WebSite","@id":"https:\/\/francheezer.com\/#website","url":"https:\/\/francheezer.com\/","name":"Francheezer","description":"","publisher":{"@id":"https:\/\/francheezer.com\/#organization"},"potentialAction":[{"@type":"SearchAction","target":{"@type":"EntryPoint","urlTemplate":"https:\/\/francheezer.com\/?s={search_term_string}"},"query-input":{"@type":"PropertyValueSpecification","valueRequired":true,"valueName":"search_term_string"}}],"inLanguage":"en-GB"},{"@type":"Organization","@id":"https:\/\/francheezer.com\/#organization","name":"Francheezer","url":"https:\/\/francheezer.com\/","logo":{"@type":"ImageObject","inLanguage":"en-GB","@id":"https:\/\/francheezer.com\/#\/schema\/logo\/image\/","url":"https:\/\/francheezer.com\/wp-content\/uploads\/2023\/03\/cropped-Francheezer-RVB-sans-Suisse-500-148.png","contentUrl":"https:\/\/francheezer.com\/wp-content\/uploads\/2023\/03\/cropped-Francheezer-RVB-sans-Suisse-500-148.png","width":500,"height":148,"caption":"Francheezer"},"image":{"@id":"https:\/\/francheezer.com\/#\/schema\/logo\/image\/"}}]}},"_links":{"self":[{"href":"https:\/\/francheezer.com\/en\/wp-json\/wp\/v2\/pages\/1035","targetHints":{"allow":["GET"]}}],"collection":[{"href":"https:\/\/francheezer.com\/en\/wp-json\/wp\/v2\/pages"}],"about":[{"href":"https:\/\/francheezer.com\/en\/wp-json\/wp\/v2\/types\/page"}],"author":[{"embeddable":true,"href":"https:\/\/francheezer.com\/en\/wp-json\/wp\/v2\/users\/1"}],"replies":[{"embeddable":true,"href":"https:\/\/francheezer.com\/en\/wp-json\/wp\/v2\/comments?post=1035"}],"version-history":[{"count":17,"href":"https:\/\/francheezer.com\/en\/wp-json\/wp\/v2\/pages\/1035\/revisions"}],"predecessor-version":[{"id":1536,"href":"https:\/\/francheezer.com\/en\/wp-json\/wp\/v2\/pages\/1035\/revisions\/1536"}],"wp:attachment":[{"href":"https:\/\/francheezer.com\/en\/wp-json\/wp\/v2\/media?parent=1035"}],"curies":[{"name":"wp","href":"https:\/\/api.w.org\/{rel}","templated":true}]}}