{"id":1050,"date":"2022-09-08T15:06:29","date_gmt":"2022-09-08T13:06:29","guid":{"rendered":"https:\/\/francheezer.com\/?page_id=1050"},"modified":"2024-02-21T18:35:36","modified_gmt":"2024-02-21T17:35:36","slug":"politique-confidentialite","status":"publish","type":"page","link":"https:\/\/francheezer.com\/en\/politique-confidentialite\/","title":{"rendered":"Privacy Policy"},"content":{"rendered":"<h1>\n\t\tPrivacy policy of Francheezer.com\n\t<\/h1>\n\t<p><strong>Francheezer<\/strong> (\u00ab\u00a0<strong>Francheezer\u00a0<\/strong>\u00bb, \u00ab\u00a0<strong>our<\/strong>\u00a0\u00bb, \u00ab\u00a0<strong>we<\/strong>\u00a0\u00bb and \u00ab\u00a0<strong>our<\/strong>\u00a0\") and our partners respect your privacy.<\/p>\n<p>Please read this privacy policy carefully to understand how your personal data is collected, processed and stored when you use this website <strong>Francheezer<\/strong>, accessible via l&#8217;url https:\/\/francheezer.com.<\/p>\n<p>L&#8217;ensemble des donn\u00e9es personnelles collect\u00e9es sur le pr\u00e9sent site internet sont trait\u00e9es sous la responsabilit\u00e9 de la soci\u00e9t\u00e9 <strong>Francheezer S\u00e0rl<\/strong>, with registered office at rue de Rive 4, 1204 Geneva.<\/p>\n<p>In the sense of the regulations applicable to personal data, Francheezer is therefore responsible for processing.<\/p>\n<p>This privacy policy describes :<\/p>\n\t<h2>I. How Francheezer uses your personal data<\/h2>\n<p>Francheezer may use your personal data for the following purposes<\/p>\n(1) Publish and manage your opinions and\/or comments left on the website<br \/>\n(2) Send you our newsletter, if you have subscribed to it<br \/>\n(3) Respond to your contact request made from our website\n<p>Le traitement de vos donn\u00e9es personnelles est r\u00e9alis\u00e9 dans une d\u00e9marche de prise de contacte pr\u00e9contractuelle, ce traitement est bas\u00e9 sur votre consentement \u00e0 \u00eatre contact\u00e9 afin d&#8217;\u00e9changer sur nos offres et obtenir un devis. Vous pouvez retirer ce consentement \u00e0 tout moment et demand\u00e9 \u00e0 ce que nous supprimions vos informations et cessions de vous contacter.<\/p>\n<p>The processing of your personal data for the purpose of sending you our newsletter is, however, based solely on your consent to receive our newsletter, which you may withdraw at any time.<\/p>\n<h2>II. How Francheezer shares your personal data<\/h2>\n<p>Within Francheezer, and with regard to each processing purpose, your personal data is collected, processed and stored by Francheezer's authorised personnel, solely within the scope of their respective competences, and in particular by the customer service, marketing and IT departments.<\/p>\n<p>Nous ne partageons pas les donn\u00e9es personnelles avec d&#8217;autres entreprises, organisations et personnes, \u00e0 moins que l&#8217;une des circonstances suivantes s&#8217;applique :<\/p>\n<p>(1) Le partage avec consentement pr\u00e9alable : apr\u00e8s avoir obtenu votre consentement, Francheezer partagera les informations que vous avez autoris\u00e9es avec les tiers ou cat\u00e9gories de tiers sp\u00e9cifiques renseign\u00e9s \u00e0 l&#8217;occasion de la collecte de votre consentement.<\/p>\n<p>(2) Le partage avec nos prestataires : Francheezer peut \u00e9galement divulguer vos informations \u00e0 des entreprises qui fournissent des services pour nous ou en notre nom. Ces prestataires de services comprennent des entreprises qui proposent des services informatiques tels notamment notre h\u00e9bergeur ou notre prestataire d&#8217;envoi d&#8217;emails, des services de livraison de nos produits, ou qui proposent des activit\u00e9s marketing pour notre compte. Ces prestataires de services peuvent utiliser vos informations uniquement dans le but de vous fournir des services au nom de Francheezer.<\/p>\n<p>(3) En ex\u00e9cution d&#8217;une obligation l\u00e9gale, le partage conform\u00e9ment aux lois et \u00e0 la r\u00e9glementation : Francheezer, peut partager vos informations comme le stipulent les lois et la r\u00e9glementation, afin de r\u00e9soudre les diff\u00e9rends d&#8217;ordre juridique, ou comme le stipulent les autorit\u00e9s judiciaires ou administratives en vertu de la loi.<\/p>\n<p>Francheezer s&#8217;assurera de la l\u00e9galit\u00e9 de tout partage des donn\u00e9es personnelles via des clauses de traitement de donn\u00e9es avec les entreprises avec lesquelles vos donn\u00e9es personnelles sont partag\u00e9es, les obligeant \u00e0 se conformer \u00e0 cette politique de confidentialit\u00e9 et \u00e0 prendre les mesures de s\u00e9curit\u00e9 et confidentialit\u00e9 appropri\u00e9es lors du traitement de donn\u00e9es \u00e0 caract\u00e8re personnel.<\/p>\n<h2>III. How Francheezer protects your personal data<\/h2>\n<p>Francheezer attache une grande importance \u00e0 la s\u00e9curit\u00e9 de vos donn\u00e9es personnelles et a adopt\u00e9 des pratiques courantes de l&#8217;industrie afin de prot\u00e9ger vos donn\u00e9es personnelles et d&#8217;\u00e9viter l&#8217;acc\u00e8s non autoris\u00e9, la divulgation, l&#8217;utilisation, la modification, les dommages ou la perte de ces informations.<\/p>\n<p>Nous avons par ailleurs pris les pr\u00e9cautions utiles afin de pr\u00e9server, par notre h\u00e9bergeur, la s\u00e9curit\u00e9 et la confidentialit\u00e9 des donn\u00e9es, et notamment emp\u00eacher qu&#8217;elles ne soient d\u00e9form\u00e9es, endommag\u00e9es ou communiqu\u00e9es \u00e0 des personnes non autoris\u00e9es.<\/p>\n<p>Francheezer also adopts the following organisational measures:<\/p>\n<p>(1) We take reasonable and practicable steps to ensure that the personal data collected is as minimal and relevant as necessary for the purposes for which it is processed.<\/p>\n<p>(2) Nous conservons vos donn\u00e9es personnelles pendant la dur\u00e9e qui est strictement n\u00e9cessaire au regard de la finalit\u00e9 du traitement, \u00e0 moins que la conservation de vos donn\u00e9es soit requise ou permise par la loi. \u00c0 titre d&#8217;exemple, nous conservons les donn\u00e9es li\u00e9es \u00e0 l&#8217;ex\u00e9cution de vos commandes pour la dur\u00e9e requise par la loi au titre de conservation des dossiers comptables, \u00e0 savoir au maximum 10 ans \u00e0 compter de l&#8217;exercice concern\u00e9.<\/p>\n<p>(3) Nous d\u00e9ployons les m\u00e9canismes de contr\u00f4le d&#8217;acc\u00e8s afin de s&#8217;assurer que seul le personnel habilit\u00e9 peut acc\u00e9der \u00e0 vos donn\u00e9es personnelles.<\/p>\n<p>In the event of a personal data breach, Francheezer will comply with the legal and regulatory requirements applicable to the notification of personal data breaches to the relevant supervisory authorities and\/or data subjects.<\/p>\n<h2>IV. Where Francheezer hosts and transfers your personal data<\/h2>\n<p>Vos donn\u00e9es personnelles seront h\u00e9berg\u00e9es au sein des infrastructures d&#8217;h\u00e9bergement de notre h\u00e9bergeur, Infomaniak, situ\u00e9 en Suisse.<\/p>\n<p>Certains tiers \u00e0 qui nous communiquons vos donn\u00e9es personnelles sont situ\u00e9s dans des pays tiers \u00e0 l&#8217;Union Europ\u00e9enne, et notamment au Suisse.<\/p>\n<p>Lorsque les produits disponibles \u00e0 la vente sur le site internet sont livr\u00e9s par des ressources situ\u00e9s dans des pays tiers \u00e0 l&#8217;Union Europ\u00e9enne, nous serons notamment amen\u00e9s \u00e0 transf\u00e9rer vos donn\u00e9es personnelles vers ces pays. Il peut \u00e9galement arriver que des prestataires acc\u00e8dent \u00e0 vos donn\u00e9es pour notre compte afin de nous fournir un service sp\u00e9cifique et soient localis\u00e9s dans des pays tiers \u00e0 l&#8217;Union Europ\u00e9enne.<\/p>\n<p>Lorsque de tels transferts existent, nous nous assurons que ces transferts de donn\u00e9es personnelles soient encadr\u00e9s conform\u00e9ment \u00e0 la r\u00e9glementation applicable afin d&#8217;assurer un niveau de protection des donn\u00e9es ad\u00e9quat, soit par une d\u00e9cision d&#8217;ad\u00e9quation de la Commission europ\u00e9enne, soit par le biais d&#8217;instruments juridiques tels que des contrats de transferts de donn\u00e9es int\u00e9grant les Clauses Contractuelles Types de la Commission Europ\u00e9enne.<\/p>\n<p>Pour toute demande concernant les destinataires et les transferts de donn\u00e9es que nous effectuons en dehors de l&#8217;Union Europ\u00e9enne, veuillez nous contacter aux adresses indiqu\u00e9es dans la rubrique \u00ab Comment nous contacter \u00bb ci-dessous.<\/p>\n<h2>V. How you can manage your rights regarding your personal data<\/h2>\n<p>Vous disposez d&#8217;un droit d&#8217;acc\u00e8s, de rectification, d&#8217;effacement, de limitation, d&#8217;opposition concernant le traitement de vos donn\u00e9es personnelles ainsi que du droit de d\u00e9finir des directives relatives au sort de vos donn\u00e9es apr\u00e8s votre mort et du droit \u00e0 la portabilit\u00e9 de vos donn\u00e9es personnelles.<\/p>\n<p>Vous pouvez nous contacter \u00e0 tout moment aux adresses indiqu\u00e9es dans la rubrique &#8221;Comment nous contacter&#8221; ci-dessous afin d&#8217;exercer vos droits en mati\u00e8re de donn\u00e9es personnelles dans les conditions pos\u00e9es par la r\u00e9glementation applicable.<\/p>\n<p>Vous devez indiquer quel droit vous entendez exercer ainsi que l&#8217;ensemble des pr\u00e9cisions n\u00e9cessaires pour que nous puissions r\u00e9pondre \u00e0 votre demande.<\/p>\n<p>Ces droits s&#8217;exercent dans les conditions pos\u00e9es par la r\u00e9glementation applicable.<\/p>\n<p>&#8211; Le <strong>droit d&#8217;acc\u00e8s<\/strong> means that you can ask us at any time to tell you whether we are processing personal data about you and, if so, what personal data is involved and the nature of the processing.<\/p>\n<p>&#8211; Le <strong>right of rectification<\/strong> signifie que vous pouvez nous demander la rectification de vos donn\u00e9es personnelles lorsqu&#8217;elles sont inexactes. Vous pouvez \u00e9galement demander \u00e0 ce que vos donn\u00e9es personnelles, d\u00e8s lors qu&#8217;incompl\u00e8tes, soient compl\u00e9t\u00e9es dans la mesure o\u00f9 cela est pertinent au regard de la finalit\u00e9 du traitement en cause.<\/p>\n<p>&#8211; Le <strong>droit \u00e0 l&#8217;effacement<\/strong> signifie que vous pouvez demander d&#8217;effacer vos donn\u00e9es personnelles notamment lorsque :<\/p>\n<p>(i) Leur conservation n&#8217;est plus n\u00e9cessaire au regard des finalit\u00e9s pour lesquelles elles ont \u00e9t\u00e9 collect\u00e9es ;<\/p>\n<p>(ii) Vos donn\u00e9es personnelles sont trait\u00e9es sur le fondement de votre consentement, vous souhaitez retirer ce consentement, et il n&#8217;existe pas d&#8217;autre fondement juridique susceptible de justifier le traitement ;<\/p>\n<p>(iii) Vous vous \u00eates oppos\u00e9 au traitement de vos donn\u00e9es personnelles et vous souhaitez en cons\u00e9quence qu&#8217;elles soient effac\u00e9es ;<\/p>\n<p>(iv) Vos donn\u00e9es personnelles ont fait l&#8217;objet d&#8217;un traitement illicite ;<\/p>\n<p>(v) Vos donn\u00e9es personnelles doivent \u00eatre effac\u00e9es pour respecter une obligation l\u00e9gale qui est pr\u00e9vue par le droit de l&#8217;Union Europ\u00e9enne.<\/p>\n&#8211; Le droit \u00e0 la limitation signifie que vous pouvez nous demander de proc\u00e9der \u00e0 la limitation du traitement de vos donn\u00e9es personnelles :<br \/>\n(i) Lorsque vous contestez l&#8217;exactitude de vos donn\u00e9es personnelles pendant une dur\u00e9e nous permettant de v\u00e9rifier l&#8217;exactitude de celles-ci ;<br \/>\n(ii) Lorsque suite \u00e0 un traitement \u00e9tabli comme non conforme, vous pr\u00e9f\u00e9rez la limitation du traitement \u00e0 l&#8217;effacement complet de vos donn\u00e9es personnelles ;<br \/>\n(iii) Lorsque nous n&#8217;avons plus besoin de vos donn\u00e9es personnelles aux fins du traitement mais que celles-ci vous sont encore n\u00e9cessaires pour la constatation, l&#8217;exercice ou la d\u00e9fense de droits en justice ;<br \/>\n(iv) When you have objected to the processing of your personal data and you wish to limit the processing for a period that allows us to verify whether the legitimate reason you invoke is justified.\n<p>La limitation du traitement signifie que le traitement de vos donn\u00e9es personnelles s&#8217;entendra alors du seul stockage de vos donn\u00e9es personnelles correspondantes.<\/p>\n<p>Nous n&#8217;effectuerons alors plus aucune autre op\u00e9ration sur les donn\u00e9es personnelles consid\u00e9r\u00e9es.<\/p>\n<p>&#8211; Le <strong>droit d&#8217;opposition<\/strong> signifie que vous pouvez vous opposer au traitement de vos donn\u00e9es personnelles, lorsque ce traitement est fond\u00e9 sur la poursuite de l&#8217;int\u00e9r\u00eat l\u00e9gitime de Francheezer. Le droit d&#8217;opposition s&#8217;exerce sous r\u00e9serve de justifier d&#8217;un motif l\u00e9gitime tenant \u00e0 votre situation particuli\u00e8re. Nous cesserons alors le traitement en cause sauf s&#8217;il existe des motifs l\u00e9gitimes et imp\u00e9rieux en justifiant la poursuite en conformit\u00e9 avec la r\u00e9glementation applicable.<\/p>\n<p>&#8211; Le <strong>the right to define directives concerning the fate of your data after your death<\/strong> vous permet de faire conna\u00eetre vos instructions concernant la conservation, l&#8217;effacement et la communication de vos donn\u00e9es personnelles apr\u00e8s votre d\u00e9c\u00e8s.<\/p>\n<p>&#8211; Le <strong>portability rights<\/strong> means that you can ask us, under the conditions laid down by the applicable regulations, to receive your personal data in a structured, commonly used and machine-readable format, and to transmit it to you, or to ask us to transmit it directly to a third party of your choice where this is legally and technically possible.<\/p>\n<p>Lorsque nous traitons vos donn\u00e9es personnelles sur la base de votre consentement, vous disposez enfin de la facult\u00e9 de retirer votre consentement \u00e0 tout moment en vous adressant aux adresses indiqu\u00e9es dans la rubrique &#8221;Comment nous contacter&#8221; ou en cliquant sur le lien de d\u00e9sabonnement pr\u00e9sent dans chacune de nos communications.<\/p>\n<p>However, the withdrawal of your consent does not affect the validity of the processing carried out prior to that withdrawal.<\/p>\n<h2>VI. Updates to this privacy policy<\/h2>\n<p>Francheezer reserves the right at any time to modify or update, in whole or in part, this privacy policy, due to changes in the regulations applicable to the protection of personal data or the data processing carried out.<\/p>\n<p>Any substantial change to the confidentiality policy will be notified to you by e-mail when you have provided us with a valid e-mail address and will be published on the website.<\/p>\n<p>Nous vous recommandons de prendre r\u00e9guli\u00e8rement connaissance de la pr\u00e9sente politique de confidentialit\u00e9 afin d&#8217;avoir une parfaite connaissance de nos engagements en mati\u00e8re de s\u00e9curit\u00e9 et de protection de vos donn\u00e9es personnelles.<\/p>\n<h2>VII. How to contact us<\/h2>\nIf you have any questions, comments or suggestions, please contact us by visiting the contact us page or by submitting them to info@francheezer.com.<br \/>\nOr by post to Francheezer S\u00e0rl, Rue de Rive 4, 1204 Geneva, Switzerland.\n<p>Si vous n&#8217;\u00eates pas satisfait de la r\u00e9ponse apport\u00e9e par Francheezer \u00e0 une demande d&#8217;exercice de droits conform\u00e9ment \u00e0 l&#8217;article V ci-dessus ou que vous souhaitez signaler une atteinte \u00e0 la r\u00e9glementation applicable en mati\u00e8re de protection des donn\u00e9es, vous disposez du droit d&#8217;introduire une r\u00e9clamation aupr\u00e8s de l&#8217;autorit\u00e9 de protection des donn\u00e9es du pays dans lequel vous r\u00e9sidez ou travaillez habituellement.<\/p>","protected":false},"excerpt":{"rendered":"<p>Politique de confidentialit\u00e9 du site Francheezer.com Francheezer (\u00ab\u00a0Francheezer\u00a0\u00bb, \u00ab\u00a0notre\u00a0\u00bb, \u00ab\u00a0nous\u00a0\u00bb et \u00ab\u00a0nos\u00a0\u00bb) et nos partenaires respectent votre vie priv\u00e9e. Nous vous demandons de bien vouloir lire attentivement la pr\u00e9sente politique de confidentialit\u00e9 pour comprendre comment sont collect\u00e9es, trait\u00e9es et conserv\u00e9es vos donn\u00e9es personnelles lors de votre utilisation du pr\u00e9sent site internet Francheezer, accessible via l&#8217;url [&hellip;]<\/p>","protected":false},"author":1,"featured_media":0,"parent":0,"menu_order":0,"comment_status":"closed","ping_status":"closed","template":"","meta":{"site-sidebar-layout":"default","site-content-layout":"","ast-site-content-layout":"default","site-content-style":"default","site-sidebar-style":"default","ast-global-header-display":"","ast-banner-title-visibility":"","ast-main-header-display":"","ast-hfb-above-header-display":"","ast-hfb-below-header-display":"","ast-hfb-mobile-header-display":"","site-post-title":"disabled","ast-breadcrumbs-content":"","ast-featured-img":"","footer-sml-layout":"","ast-disable-related-posts":"","theme-transparent-header-meta":"","adv-header-id-meta":"","stick-header-meta":"","header-above-stick-meta":"","header-main-stick-meta":"","header-below-stick-meta":"","astra-migrate-meta-layouts":"default","ast-page-background-enabled":"default","ast-page-background-meta":{"desktop":{"background-color":"","background-image":"","background-repeat":"repeat","background-position":"center center","background-size":"auto","background-attachment":"scroll","background-type":"","background-media":"","overlay-type":"","overlay-color":"","overlay-opacity":"","overlay-gradient":""},"tablet":{"background-color":"","background-image":"","background-repeat":"repeat","background-position":"center center","background-size":"auto","background-attachment":"scroll","background-type":"","background-media":"","overlay-type":"","overlay-color":"","overlay-opacity":"","overlay-gradient":""},"mobile":{"background-color":"","background-image":"","background-repeat":"repeat","background-position":"center center","background-size":"auto","background-attachment":"scroll","background-type":"","background-media":"","overlay-type":"","overlay-color":"","overlay-opacity":"","overlay-gradient":""}},"ast-content-background-meta":{"desktop":{"background-color":"var(--ast-global-color-5)","background-image":"","background-repeat":"repeat","background-position":"center center","background-size":"auto","background-attachment":"scroll","background-type":"","background-media":"","overlay-type":"","overlay-color":"","overlay-opacity":"","overlay-gradient":""},"tablet":{"background-color":"var(--ast-global-color-5)","background-image":"","background-repeat":"repeat","background-position":"center center","background-size":"auto","background-attachment":"scroll","background-type":"","background-media":"","overlay-type":"","overlay-color":"","overlay-opacity":"","overlay-gradient":""},"mobile":{"background-color":"var(--ast-global-color-5)","background-image":"","background-repeat":"repeat","background-position":"center center","background-size":"auto","background-attachment":"scroll","background-type":"","background-media":"","overlay-type":"","overlay-color":"","overlay-opacity":"","overlay-gradient":""}},"footnotes":""},"class_list":["post-1050","page","type-page","status-publish","hentry"],"yoast_head":"<!-- This site is optimized with the Yoast SEO plugin v24.9 - https:\/\/yoast.com\/wordpress\/plugins\/seo\/ -->\n<title>Politique de confidentialit\u00e9 - Francheezer<\/title>\n<meta name=\"description\" content=\"Politique de confidentialit\u00e9, traitement des donn\u00e9es personnelles, RGPD dans le cadre de l&#039;utilisation du site Francheezer.com\" \/>\n<meta name=\"robots\" content=\"index, follow, max-snippet:-1, max-image-preview:large, max-video-preview:-1\" \/>\n<link rel=\"canonical\" href=\"https:\/\/francheezer.com\/en\/politique-confidentialite\/\" \/>\n<meta property=\"og:locale\" content=\"en_GB\" \/>\n<meta property=\"og:type\" content=\"article\" \/>\n<meta property=\"og:title\" content=\"Politique de confidentialit\u00e9 - Francheezer\" \/>\n<meta property=\"og:description\" content=\"Politique de confidentialit\u00e9, traitement des donn\u00e9es personnelles, RGPD dans le cadre de l&#039;utilisation du site Francheezer.com\" \/>\n<meta property=\"og:url\" content=\"https:\/\/francheezer.com\/en\/politique-confidentialite\/\" \/>\n<meta property=\"og:site_name\" content=\"Francheezer\" \/>\n<meta property=\"article:modified_time\" content=\"2024-02-21T17:35:36+00:00\" \/>\n<meta name=\"twitter:card\" content=\"summary_large_image\" \/>\n<meta name=\"twitter:label1\" content=\"Estimated reading time\" \/>\n\t<meta name=\"twitter:data1\" content=\"11 minutes\" \/>\n<script type=\"application\/ld+json\" class=\"yoast-schema-graph\">{\"@context\":\"https:\/\/schema.org\",\"@graph\":[{\"@type\":\"WebPage\",\"@id\":\"https:\/\/francheezer.com\/politique-confidentialite\/\",\"url\":\"https:\/\/francheezer.com\/politique-confidentialite\/\",\"name\":\"Politique de confidentialit\u00e9 - Francheezer\",\"isPartOf\":{\"@id\":\"https:\/\/francheezer.com\/#website\"},\"datePublished\":\"2022-09-08T13:06:29+00:00\",\"dateModified\":\"2024-02-21T17:35:36+00:00\",\"description\":\"Politique de confidentialit\u00e9, traitement des donn\u00e9es personnelles, RGPD dans le cadre de l'utilisation du site Francheezer.com\",\"breadcrumb\":{\"@id\":\"https:\/\/francheezer.com\/politique-confidentialite\/#breadcrumb\"},\"inLanguage\":\"en-GB\",\"potentialAction\":[{\"@type\":\"ReadAction\",\"target\":[\"https:\/\/francheezer.com\/politique-confidentialite\/\"]}]},{\"@type\":\"BreadcrumbList\",\"@id\":\"https:\/\/francheezer.com\/politique-confidentialite\/#breadcrumb\",\"itemListElement\":[{\"@type\":\"ListItem\",\"position\":1,\"name\":\"Accueil\",\"item\":\"https:\/\/francheezer.com\/\"},{\"@type\":\"ListItem\",\"position\":2,\"name\":\"Politique de confidentialit\u00e9\"}]},{\"@type\":\"WebSite\",\"@id\":\"https:\/\/francheezer.com\/#website\",\"url\":\"https:\/\/francheezer.com\/\",\"name\":\"Francheezer\",\"description\":\"\",\"publisher\":{\"@id\":\"https:\/\/francheezer.com\/#organization\"},\"potentialAction\":[{\"@type\":\"SearchAction\",\"target\":{\"@type\":\"EntryPoint\",\"urlTemplate\":\"https:\/\/francheezer.com\/?s={search_term_string}\"},\"query-input\":{\"@type\":\"PropertyValueSpecification\",\"valueRequired\":true,\"valueName\":\"search_term_string\"}}],\"inLanguage\":\"en-GB\"},{\"@type\":\"Organization\",\"@id\":\"https:\/\/francheezer.com\/#organization\",\"name\":\"Francheezer\",\"url\":\"https:\/\/francheezer.com\/\",\"logo\":{\"@type\":\"ImageObject\",\"inLanguage\":\"en-GB\",\"@id\":\"https:\/\/francheezer.com\/#\/schema\/logo\/image\/\",\"url\":\"https:\/\/francheezer.com\/wp-content\/uploads\/2023\/03\/cropped-Francheezer-RVB-sans-Suisse-500-148.png\",\"contentUrl\":\"https:\/\/francheezer.com\/wp-content\/uploads\/2023\/03\/cropped-Francheezer-RVB-sans-Suisse-500-148.png\",\"width\":500,\"height\":148,\"caption\":\"Francheezer\"},\"image\":{\"@id\":\"https:\/\/francheezer.com\/#\/schema\/logo\/image\/\"}}]}<\/script>\n<!-- \/ Yoast SEO plugin. -->","yoast_head_json":{"title":"Politique de confidentialit\u00e9 - Francheezer","description":"Politique de confidentialit\u00e9, traitement des donn\u00e9es personnelles, RGPD dans le cadre de l'utilisation du site Francheezer.com","robots":{"index":"index","follow":"follow","max-snippet":"max-snippet:-1","max-image-preview":"max-image-preview:large","max-video-preview":"max-video-preview:-1"},"canonical":"https:\/\/francheezer.com\/en\/politique-confidentialite\/","og_locale":"en_GB","og_type":"article","og_title":"Politique de confidentialit\u00e9 - Francheezer","og_description":"Politique de confidentialit\u00e9, traitement des donn\u00e9es personnelles, RGPD dans le cadre de l'utilisation du site Francheezer.com","og_url":"https:\/\/francheezer.com\/en\/politique-confidentialite\/","og_site_name":"Francheezer","article_modified_time":"2024-02-21T17:35:36+00:00","twitter_card":"summary_large_image","twitter_misc":{"Estimated reading time":"11 minutes"},"schema":{"@context":"https:\/\/schema.org","@graph":[{"@type":"WebPage","@id":"https:\/\/francheezer.com\/politique-confidentialite\/","url":"https:\/\/francheezer.com\/politique-confidentialite\/","name":"Politique de confidentialit\u00e9 - Francheezer","isPartOf":{"@id":"https:\/\/francheezer.com\/#website"},"datePublished":"2022-09-08T13:06:29+00:00","dateModified":"2024-02-21T17:35:36+00:00","description":"Politique de confidentialit\u00e9, traitement des donn\u00e9es personnelles, RGPD dans le cadre de l'utilisation du site Francheezer.com","breadcrumb":{"@id":"https:\/\/francheezer.com\/politique-confidentialite\/#breadcrumb"},"inLanguage":"en-GB","potentialAction":[{"@type":"ReadAction","target":["https:\/\/francheezer.com\/politique-confidentialite\/"]}]},{"@type":"BreadcrumbList","@id":"https:\/\/francheezer.com\/politique-confidentialite\/#breadcrumb","itemListElement":[{"@type":"ListItem","position":1,"name":"Accueil","item":"https:\/\/francheezer.com\/"},{"@type":"ListItem","position":2,"name":"Politique de confidentialit\u00e9"}]},{"@type":"WebSite","@id":"https:\/\/francheezer.com\/#website","url":"https:\/\/francheezer.com\/","name":"Francheezer","description":"","publisher":{"@id":"https:\/\/francheezer.com\/#organization"},"potentialAction":[{"@type":"SearchAction","target":{"@type":"EntryPoint","urlTemplate":"https:\/\/francheezer.com\/?s={search_term_string}"},"query-input":{"@type":"PropertyValueSpecification","valueRequired":true,"valueName":"search_term_string"}}],"inLanguage":"en-GB"},{"@type":"Organization","@id":"https:\/\/francheezer.com\/#organization","name":"Francheezer","url":"https:\/\/francheezer.com\/","logo":{"@type":"ImageObject","inLanguage":"en-GB","@id":"https:\/\/francheezer.com\/#\/schema\/logo\/image\/","url":"https:\/\/francheezer.com\/wp-content\/uploads\/2023\/03\/cropped-Francheezer-RVB-sans-Suisse-500-148.png","contentUrl":"https:\/\/francheezer.com\/wp-content\/uploads\/2023\/03\/cropped-Francheezer-RVB-sans-Suisse-500-148.png","width":500,"height":148,"caption":"Francheezer"},"image":{"@id":"https:\/\/francheezer.com\/#\/schema\/logo\/image\/"}}]}},"_links":{"self":[{"href":"https:\/\/francheezer.com\/en\/wp-json\/wp\/v2\/pages\/1050","targetHints":{"allow":["GET"]}}],"collection":[{"href":"https:\/\/francheezer.com\/en\/wp-json\/wp\/v2\/pages"}],"about":[{"href":"https:\/\/francheezer.com\/en\/wp-json\/wp\/v2\/types\/page"}],"author":[{"embeddable":true,"href":"https:\/\/francheezer.com\/en\/wp-json\/wp\/v2\/users\/1"}],"replies":[{"embeddable":true,"href":"https:\/\/francheezer.com\/en\/wp-json\/wp\/v2\/comments?post=1050"}],"version-history":[{"count":14,"href":"https:\/\/francheezer.com\/en\/wp-json\/wp\/v2\/pages\/1050\/revisions"}],"predecessor-version":[{"id":1684,"href":"https:\/\/francheezer.com\/en\/wp-json\/wp\/v2\/pages\/1050\/revisions\/1684"}],"wp:attachment":[{"href":"https:\/\/francheezer.com\/en\/wp-json\/wp\/v2\/media?parent=1050"}],"curies":[{"name":"wp","href":"https:\/\/api.w.org\/{rel}","templated":true}]}}