{"id":1120,"date":"2022-10-08T11:06:44","date_gmt":"2022-10-08T09:06:44","guid":{"rendered":"https:\/\/francheezer.com\/?page_id=1120"},"modified":"2023-06-13T12:13:56","modified_gmt":"2023-06-13T10:13:56","slug":"espace-franchise","status":"publish","type":"page","link":"https:\/\/francheezer.com\/en\/espace-franchise\/","title":{"rendered":"Franchisee area"},"content":{"rendered":"<h1>\n\t\t\t\tOur services for franchisees\n\t\t\t<\/h1>\n\t\t\t<p>Franchise candidates and Master franchisees, seize our opportunities<\/p>\t\n\t\t\t<h2>Franchisee candidates in Switzerland<\/h2>\t\t\t\n\t\t\t\t<p>Find out which brands are looking for franchisees to expand in Switzerland and get in touch with our team.<\/p>\n\t\t\t<a href=\"https:\/\/francheezer.com\/en\/espace-franchise\/enseignes-franchise-suisse\/\" target=\"_self\" role=\"button\" aria-label=\"Our opportunities\" rel=\"noopener\">\n\t\t\t\t\t\t\tOur opportunities\n\t\t<\/a>\n\t\t\t<h2>Master Franchisees &amp; Investors<\/h2>\t\t\t\n\t\t\t\t<p>We put you in touch with brands that are looking for master franchisees or investors<\/p>\n\t\t\t<a href=\"https:\/\/francheezer.com\/en\/contact\/\" target=\"_self\" role=\"button\" aria-label=\"Contact our team\" rel=\"noopener\">\n\t\t\t\t\t\t\tContact our team\n\t\t<\/a>\n\t\t\t<p>RECHERCHE D&#8217;ENSEIGNES PARTENAIRES<\/p><h2>Find a franchising opportunity<\/h2>\t\t\t\n\t\t\t\tNous avons un large \u00e9ventail d&#8217;opportunit\u00e9s d&#8217;affaires en Suisse. Que vous soyez \u00e0 la recherche d&#8217;un nouveau m\u00e9tier dans le cadre d&#8217;une reconversion professionnelle ou \u00e0 la recherche d&#8217;un challenge entrepreneurial avec un mod\u00e8le r\u00e9silient, nous avons avons la bonne opportunit\u00e9 de franchise pour vous.\n\t\t\t\t<img decoding=\"async\" src=\"https:\/\/francheezer.com\/wp-content\/uploads\/2022\/10\/master-fracnhise-francheezer.png\" alt=\"master-fracnhise-francheezer\" title=\"master-fracnhise-francheezer\" itemprop=\"image\"  \/>\n\t\t\t<p>DECISION SUPPORT<\/p><h2>Become a Master Franchisee<\/h2>\t\t\t\n\t\t\t\tVous cherchez \u00e0 diversifier votre portefeuille d&#8217;enseignes ?<br \/>\nVous cherchez une master Franchise pour vous d\u00e9velopper \u00e0 l&#8217;\u00e9chelle du pays, en Suisse Romande et Al\u00e9manique ?\n<p>Francheezer helps you reach your goal and introduces you to brands that want to develop in Switzerland.<\/p>\n\t\t\t<p>INVESTORS<\/p><h2>Find the right franchise<\/h2>\t\t\t\n\t\t\t\tNous vous aidons \u00e0 trouver la meilleure enseigne, celle qui saura r\u00e9pondre \u00e0 vos meilleurs crit\u00e8res de rentabilit\u00e9, de type d&#8217;investissement et de disposition g\u00e9ographique en Suisse.\n\t\t\t\t<img decoding=\"async\" src=\"https:\/\/francheezer.com\/wp-content\/uploads\/2022\/10\/investisseur-francnheezer.png\" alt=\"investisseur-francnheezer\" title=\"investisseur-francnheezer\" itemprop=\"image\"  \/>\n\t\t<h2>Get in touch with our experts<\/h2>\n\t\t\t\t<p>Donnez vie \u00e0 votre futur projet de franchise en Suisse et contactez l&#8217;\u00e9quipe de Francheezer : nous vous aiderons \u00e0 trouver le projet qui vous convient<\/p>\n\t\t\t<a href=\"\/en\/contact\/\" target=\"_self\" role=\"button\" aria-label=\"Contact our team\" rel=\"noopener\">\n\t\t\t\t\t\t\tContact our team\n\t\t<\/a>\n<h2>\n\t\tWhy choose Francheezer to become a franchisee?\n\t<\/h2>\n\t\t<h3>Wide choice of franchises<\/h3>\t\t\t\n\t\t\t\t<p>Nous mettons \u00e0 disposition des candidats franchis\u00e9s un grand choix d&#8217;enseignes qui souhaitent s&#8217;implanter en Suisse et \u00e0 l&#8217;international.<\/p>\n\t\t<h3>Franchise knowledge<\/h3>\t\t\t\n\t\t\t\t<p>Gr\u00e2ce a nos exp\u00e9riences en tant que Franchis\u00e9s et Franchiseurs dans des secteurs et typologies d&#8217;enseignes vari\u00e9s nous comprenons parfaitement ce que les candidats recherchent.<\/p>\n\t\t<h3>Selected brands<\/h3>\t\t\t\n\t\t\t\tAll Franchisors, Brands, are carefully selected.<br \/>\nWe only work with brands that respect the quality charter and specifications of Francheezer.","protected":false},"excerpt":{"rendered":"<p>Nos services aux franchis\u00e9s Candidats \u00e0 la Franchise et Master franchis\u00e9s, nous vous proposons des opportunit\u00e9s et vous mettons en relation avec des enseignes Candidats \u00e0 la franchise en Suisse D\u00e9couvrez les enseignes qui recherchent des franchis\u00e9s pour leur d\u00e9veloppement en Suisse et prenez contact avec notre \u00e9quipe Voir nos opportunit\u00e9s Master franchis\u00e9s et Investisseurs [&hellip;]<\/p>","protected":false},"author":1,"featured_media":0,"parent":0,"menu_order":0,"comment_status":"closed","ping_status":"closed","template":"","meta":{"site-sidebar-layout":"default","site-content-layout":"","ast-site-content-layout":"default","site-content-style":"default","site-sidebar-style":"default","ast-global-header-display":"","ast-banner-title-visibility":"","ast-main-header-display":"","ast-hfb-above-header-display":"","ast-hfb-below-header-display":"","ast-hfb-mobile-header-display":"","site-post-title":"disabled","ast-breadcrumbs-content":"","ast-featured-img":"","footer-sml-layout":"","ast-disable-related-posts":"","theme-transparent-header-meta":"","adv-header-id-meta":"","stick-header-meta":"","header-above-stick-meta":"","header-main-stick-meta":"","header-below-stick-meta":"","astra-migrate-meta-layouts":"default","ast-page-background-enabled":"default","ast-page-background-meta":{"desktop":{"background-color":"","background-image":"","background-repeat":"repeat","background-position":"center center","background-size":"auto","background-attachment":"scroll","background-type":"","background-media":"","overlay-type":"","overlay-color":"","overlay-opacity":"","overlay-gradient":""},"tablet":{"background-color":"","background-image":"","background-repeat":"repeat","background-position":"center center","background-size":"auto","background-attachment":"scroll","background-type":"","background-media":"","overlay-type":"","overlay-color":"","overlay-opacity":"","overlay-gradient":""},"mobile":{"background-color":"","background-image":"","background-repeat":"repeat","background-position":"center center","background-size":"auto","background-attachment":"scroll","background-type":"","background-media":"","overlay-type":"","overlay-color":"","overlay-opacity":"","overlay-gradient":""}},"ast-content-background-meta":{"desktop":{"background-color":"var(--ast-global-color-5)","background-image":"","background-repeat":"repeat","background-position":"center center","background-size":"auto","background-attachment":"scroll","background-type":"","background-media":"","overlay-type":"","overlay-color":"","overlay-opacity":"","overlay-gradient":""},"tablet":{"background-color":"var(--ast-global-color-5)","background-image":"","background-repeat":"repeat","background-position":"center center","background-size":"auto","background-attachment":"scroll","background-type":"","background-media":"","overlay-type":"","overlay-color":"","overlay-opacity":"","overlay-gradient":""},"mobile":{"background-color":"var(--ast-global-color-5)","background-image":"","background-repeat":"repeat","background-position":"center center","background-size":"auto","background-attachment":"scroll","background-type":"","background-media":"","overlay-type":"","overlay-color":"","overlay-opacity":"","overlay-gradient":""}},"footnotes":""},"class_list":["post-1120","page","type-page","status-publish","hentry"],"yoast_head":"<!-- This site is optimized with the Yoast SEO plugin v24.9 - https:\/\/yoast.com\/wordpress\/plugins\/seo\/ -->\n<title>Espace Franchis\u00e9 - Francheezer<\/title>\n<meta name=\"description\" content=\"Les services que Francheezer met \u00e0 disposition des candidats \u00e0 la franchise et futurs franchis\u00e9s ou master franchis\u00e9s en Suisse.\" \/>\n<meta name=\"robots\" content=\"index, follow, max-snippet:-1, max-image-preview:large, max-video-preview:-1\" \/>\n<link rel=\"canonical\" href=\"https:\/\/francheezer.com\/en\/espace-franchise\/\" \/>\n<meta property=\"og:locale\" content=\"en_GB\" \/>\n<meta property=\"og:type\" content=\"article\" \/>\n<meta property=\"og:title\" content=\"Espace Franchis\u00e9 - Francheezer\" \/>\n<meta property=\"og:description\" content=\"Les services que Francheezer met \u00e0 disposition des candidats \u00e0 la franchise et futurs franchis\u00e9s ou master franchis\u00e9s en Suisse.\" \/>\n<meta property=\"og:url\" content=\"https:\/\/francheezer.com\/en\/espace-franchise\/\" \/>\n<meta property=\"og:site_name\" content=\"Francheezer\" \/>\n<meta property=\"article:modified_time\" content=\"2023-06-13T10:13:56+00:00\" \/>\n<meta property=\"og:image\" content=\"https:\/\/francheezer.com\/wp-content\/uploads\/2022\/10\/master-fracnhise-francheezer.png\" \/>\n<meta name=\"twitter:card\" content=\"summary_large_image\" \/>\n<meta name=\"twitter:label1\" content=\"Estimated reading time\" \/>\n\t<meta name=\"twitter:data1\" content=\"3 minutes\" \/>\n<script type=\"application\/ld+json\" class=\"yoast-schema-graph\">{\"@context\":\"https:\/\/schema.org\",\"@graph\":[{\"@type\":\"WebPage\",\"@id\":\"https:\/\/francheezer.com\/espace-franchise\/\",\"url\":\"https:\/\/francheezer.com\/espace-franchise\/\",\"name\":\"Espace Franchis\u00e9 - Francheezer\",\"isPartOf\":{\"@id\":\"https:\/\/francheezer.com\/#website\"},\"primaryImageOfPage\":{\"@id\":\"https:\/\/francheezer.com\/espace-franchise\/#primaryimage\"},\"image\":{\"@id\":\"https:\/\/francheezer.com\/espace-franchise\/#primaryimage\"},\"thumbnailUrl\":\"https:\/\/francheezer.com\/wp-content\/uploads\/2022\/10\/master-fracnhise-francheezer.png\",\"datePublished\":\"2022-10-08T09:06:44+00:00\",\"dateModified\":\"2023-06-13T10:13:56+00:00\",\"description\":\"Les services que Francheezer met \u00e0 disposition des candidats \u00e0 la franchise et futurs franchis\u00e9s ou master franchis\u00e9s en Suisse.\",\"breadcrumb\":{\"@id\":\"https:\/\/francheezer.com\/espace-franchise\/#breadcrumb\"},\"inLanguage\":\"en-GB\",\"potentialAction\":[{\"@type\":\"ReadAction\",\"target\":[\"https:\/\/francheezer.com\/espace-franchise\/\"]}]},{\"@type\":\"ImageObject\",\"inLanguage\":\"en-GB\",\"@id\":\"https:\/\/francheezer.com\/espace-franchise\/#primaryimage\",\"url\":\"https:\/\/francheezer.com\/wp-content\/uploads\/2022\/10\/master-fracnhise-francheezer.png\",\"contentUrl\":\"https:\/\/francheezer.com\/wp-content\/uploads\/2022\/10\/master-fracnhise-francheezer.png\"},{\"@type\":\"BreadcrumbList\",\"@id\":\"https:\/\/francheezer.com\/espace-franchise\/#breadcrumb\",\"itemListElement\":[{\"@type\":\"ListItem\",\"position\":1,\"name\":\"Accueil\",\"item\":\"https:\/\/francheezer.com\/\"},{\"@type\":\"ListItem\",\"position\":2,\"name\":\"Espace Franchis\u00e9\"}]},{\"@type\":\"WebSite\",\"@id\":\"https:\/\/francheezer.com\/#website\",\"url\":\"https:\/\/francheezer.com\/\",\"name\":\"Francheezer\",\"description\":\"\",\"publisher\":{\"@id\":\"https:\/\/francheezer.com\/#organization\"},\"potentialAction\":[{\"@type\":\"SearchAction\",\"target\":{\"@type\":\"EntryPoint\",\"urlTemplate\":\"https:\/\/francheezer.com\/?s={search_term_string}\"},\"query-input\":{\"@type\":\"PropertyValueSpecification\",\"valueRequired\":true,\"valueName\":\"search_term_string\"}}],\"inLanguage\":\"en-GB\"},{\"@type\":\"Organization\",\"@id\":\"https:\/\/francheezer.com\/#organization\",\"name\":\"Francheezer\",\"url\":\"https:\/\/francheezer.com\/\",\"logo\":{\"@type\":\"ImageObject\",\"inLanguage\":\"en-GB\",\"@id\":\"https:\/\/francheezer.com\/#\/schema\/logo\/image\/\",\"url\":\"https:\/\/francheezer.com\/wp-content\/uploads\/2023\/03\/cropped-Francheezer-RVB-sans-Suisse-500-148.png\",\"contentUrl\":\"https:\/\/francheezer.com\/wp-content\/uploads\/2023\/03\/cropped-Francheezer-RVB-sans-Suisse-500-148.png\",\"width\":500,\"height\":148,\"caption\":\"Francheezer\"},\"image\":{\"@id\":\"https:\/\/francheezer.com\/#\/schema\/logo\/image\/\"}}]}<\/script>\n<!-- \/ Yoast SEO plugin. -->","yoast_head_json":{"title":"Espace Franchis\u00e9 - Francheezer","description":"Les services que Francheezer met \u00e0 disposition des candidats \u00e0 la franchise et futurs franchis\u00e9s ou master franchis\u00e9s en Suisse.","robots":{"index":"index","follow":"follow","max-snippet":"max-snippet:-1","max-image-preview":"max-image-preview:large","max-video-preview":"max-video-preview:-1"},"canonical":"https:\/\/francheezer.com\/en\/espace-franchise\/","og_locale":"en_GB","og_type":"article","og_title":"Espace Franchis\u00e9 - Francheezer","og_description":"Les services que Francheezer met \u00e0 disposition des candidats \u00e0 la franchise et futurs franchis\u00e9s ou master franchis\u00e9s en Suisse.","og_url":"https:\/\/francheezer.com\/en\/espace-franchise\/","og_site_name":"Francheezer","article_modified_time":"2023-06-13T10:13:56+00:00","og_image":[{"url":"https:\/\/francheezer.com\/wp-content\/uploads\/2022\/10\/master-fracnhise-francheezer.png","type":"","width":"","height":""}],"twitter_card":"summary_large_image","twitter_misc":{"Estimated reading time":"3 minutes"},"schema":{"@context":"https:\/\/schema.org","@graph":[{"@type":"WebPage","@id":"https:\/\/francheezer.com\/espace-franchise\/","url":"https:\/\/francheezer.com\/espace-franchise\/","name":"Espace Franchis\u00e9 - Francheezer","isPartOf":{"@id":"https:\/\/francheezer.com\/#website"},"primaryImageOfPage":{"@id":"https:\/\/francheezer.com\/espace-franchise\/#primaryimage"},"image":{"@id":"https:\/\/francheezer.com\/espace-franchise\/#primaryimage"},"thumbnailUrl":"https:\/\/francheezer.com\/wp-content\/uploads\/2022\/10\/master-fracnhise-francheezer.png","datePublished":"2022-10-08T09:06:44+00:00","dateModified":"2023-06-13T10:13:56+00:00","description":"Les services que Francheezer met \u00e0 disposition des candidats \u00e0 la franchise et futurs franchis\u00e9s ou master franchis\u00e9s en Suisse.","breadcrumb":{"@id":"https:\/\/francheezer.com\/espace-franchise\/#breadcrumb"},"inLanguage":"en-GB","potentialAction":[{"@type":"ReadAction","target":["https:\/\/francheezer.com\/espace-franchise\/"]}]},{"@type":"ImageObject","inLanguage":"en-GB","@id":"https:\/\/francheezer.com\/espace-franchise\/#primaryimage","url":"https:\/\/francheezer.com\/wp-content\/uploads\/2022\/10\/master-fracnhise-francheezer.png","contentUrl":"https:\/\/francheezer.com\/wp-content\/uploads\/2022\/10\/master-fracnhise-francheezer.png"},{"@type":"BreadcrumbList","@id":"https:\/\/francheezer.com\/espace-franchise\/#breadcrumb","itemListElement":[{"@type":"ListItem","position":1,"name":"Accueil","item":"https:\/\/francheezer.com\/"},{"@type":"ListItem","position":2,"name":"Espace Franchis\u00e9"}]},{"@type":"WebSite","@id":"https:\/\/francheezer.com\/#website","url":"https:\/\/francheezer.com\/","name":"Francheezer","description":"","publisher":{"@id":"https:\/\/francheezer.com\/#organization"},"potentialAction":[{"@type":"SearchAction","target":{"@type":"EntryPoint","urlTemplate":"https:\/\/francheezer.com\/?s={search_term_string}"},"query-input":{"@type":"PropertyValueSpecification","valueRequired":true,"valueName":"search_term_string"}}],"inLanguage":"en-GB"},{"@type":"Organization","@id":"https:\/\/francheezer.com\/#organization","name":"Francheezer","url":"https:\/\/francheezer.com\/","logo":{"@type":"ImageObject","inLanguage":"en-GB","@id":"https:\/\/francheezer.com\/#\/schema\/logo\/image\/","url":"https:\/\/francheezer.com\/wp-content\/uploads\/2023\/03\/cropped-Francheezer-RVB-sans-Suisse-500-148.png","contentUrl":"https:\/\/francheezer.com\/wp-content\/uploads\/2023\/03\/cropped-Francheezer-RVB-sans-Suisse-500-148.png","width":500,"height":148,"caption":"Francheezer"},"image":{"@id":"https:\/\/francheezer.com\/#\/schema\/logo\/image\/"}}]}},"_links":{"self":[{"href":"https:\/\/francheezer.com\/en\/wp-json\/wp\/v2\/pages\/1120","targetHints":{"allow":["GET"]}}],"collection":[{"href":"https:\/\/francheezer.com\/en\/wp-json\/wp\/v2\/pages"}],"about":[{"href":"https:\/\/francheezer.com\/en\/wp-json\/wp\/v2\/types\/page"}],"author":[{"embeddable":true,"href":"https:\/\/francheezer.com\/en\/wp-json\/wp\/v2\/users\/1"}],"replies":[{"embeddable":true,"href":"https:\/\/francheezer.com\/en\/wp-json\/wp\/v2\/comments?post=1120"}],"version-history":[{"count":32,"href":"https:\/\/francheezer.com\/en\/wp-json\/wp\/v2\/pages\/1120\/revisions"}],"predecessor-version":[{"id":1550,"href":"https:\/\/francheezer.com\/en\/wp-json\/wp\/v2\/pages\/1120\/revisions\/1550"}],"wp:attachment":[{"href":"https:\/\/francheezer.com\/en\/wp-json\/wp\/v2\/media?parent=1120"}],"curies":[{"name":"wp","href":"https:\/\/api.w.org\/{rel}","templated":true}]}}