{"id":1434,"date":"2022-11-15T12:13:26","date_gmt":"2022-11-15T11:13:26","guid":{"rendered":"https:\/\/francheezer.com\/?page_id=1434"},"modified":"2025-03-13T13:09:23","modified_gmt":"2025-03-13T12:09:23","slug":"enseignes-franchise-suisse","status":"publish","type":"page","link":"https:\/\/francheezer.com\/en\/espace-franchise\/enseignes-franchise-suisse\/","title":{"rendered":"Swiss franchise brands"},"content":{"rendered":"\n\t\t<div class=\"gv-grid gv-widgets-header\">\n\t\t\t\t\t\t\t<div class=\"gv-grid-row\">\n\t\t\t\t\t\t\t\t\t<div class=\"gv-grid-col-1-1 gv-left\">\n\t\t\t\t\t\t\n<form class=\"gv-widget-search gv-search-horizontal gv-search-rows\"\n\t  method=\"get\" action=\"https:\/\/francheezer.com\/en\/espace-franchise\/enseignes-franchise-suisse\/#gv-view-1446-1\"\n\t  data-viewid=\"1446\">\n\t\n\t<div class=\"gv-widget-search-general-search gv-grid\">\n\t\t\t<div class=\"gv-grid-row\">\n\t\t\t\t\t<div class=\"gv-grid-col-1-1\">\n\t\t\t\t<div class=\"gv-search-widget-area gv-search-horizontal\"><div class=\"gv-search-box gv-search-field-select \">\n\t\t\t<label for=\"search-box-filter_92\">Secteur d&#039;activit\u00e9<\/label>\n\t\t<p>\n\t\t<select name=\"filter_92\" id=\"search-box-filter_92\">\n\t\t\t<option value=\"\"  selected='selected'>&mdash;<\/option>\n\t\t\t\t\t\t\t\t\t\t\t\t<option value=\"Automobiles, cycles, motos\" >Automobiles, cycles, motos<\/option>\n\t\t\t\t\t\t\t\t\t\t\t\t\t\t\t\t<option value=\"B\u00e2timent\" >B\u00e2timent<\/option>\n\t\t\t\t\t\t\t\t\t\t\t\t\t\t\t\t<option value=\"Beaut\u00e9, sant\u00e9, remise en forme\" >Beaut\u00e9, sant\u00e9, remise en forme<\/option>\n\t\t\t\t\t\t\t\t\t\t\t\t\t\t\t\t<option value=\"Commerce alimentaire\" >Commerce alimentaire<\/option>\n\t\t\t\t\t\t\t\t\t\t\t\t\t\t\t\t<option value=\"Commerces sp\u00e9cialis\u00e9s\" >Commerces sp\u00e9cialis\u00e9s<\/option>\n\t\t\t\t\t\t\t\t\t\t\t\t\t\t\t\t<option value=\"D\u00e9coration et \u00e9quipement de la maison\" >D\u00e9coration et \u00e9quipement de la maison<\/option>\n\t\t\t\t\t\t\t\t\t\t\t\t\t\t\t\t<option value=\"H\u00f4tellerie Restauration\" >H\u00f4tellerie Restauration<\/option>\n\t\t\t\t\t\t\t\t\t\t\t\t\t\t\t\t<option value=\"Immobilier\" >Immobilier<\/option>\n\t\t\t\t\t\t\t\t\t\t\t\t\t\t\t\t<option value=\"Mini, super et hypermarch\u00e9\" >Mini, super et hypermarch\u00e9<\/option>\n\t\t\t\t\t\t\t\t\t\t\t\t\t\t\t\t<option value=\"Mode et \u00e9quipement de la personne\" >Mode et \u00e9quipement de la personne<\/option>\n\t\t\t\t\t\t\t\t\t\t\t\t\t\t\t\t<option value=\"Services aux entreprises\" >Services aux entreprises<\/option>\n\t\t\t\t\t\t\t\t\t\t\t\t\t\t\t\t<option value=\"Service aux particuliers\" >Service aux particuliers<\/option>\n\t\t\t\t\t\t\t\t\t<\/select>\n\t<\/p>\n<\/div>\n<\/div>\t\t\t<\/div>\n\t\t\t<\/div>\n\t<div class=\"gv-grid-row\">\n\t\t\t\t\t<div class=\"gv-grid-col-1-2\">\n\t\t\t\t<div class=\"gv-search-widget-area\"><div class=\"gv-search-box gv-search-box-submit \">\n\t<a class=\"button gv-search-clear\" href=\"\/en\/wp-json\/wp\/v2\/pages\/1434\">Clear<\/a><input type=\"submit\" class=\"button gv-search-button\" id=\"gv_search_button_1446\" value=\"Search\"\/><\/div>\n<\/div>\t\t\t<\/div>\n\t\t\t\t\t<div class=\"gv-grid-col-1-2\">\n\t\t\t\t<div class=\"gv-search-widget-area\"><input type=\"hidden\" name=\"mode\" value=\"all\">\n<\/div>\t\t\t<\/div>\n\t\t\t<\/div>\n\t<\/div>\n\n\t\n\t<\/form>\n\t\t\t\t\t<\/div>\n\t\t\t\t\t\t\t\t<\/div>\n\t\t\t\t\t\t\t<div class=\"gv-grid-row\">\n\t\t\t\t\t\t\t\t\t<div class=\"gv-grid-col-1-2 left gv-left\">\n\t\t\t\t\t\t<div class=\"gv-widget-pagination \"><p>Displaying 1 - 5 of 5<\/p><\/div>\t\t\t\t\t<\/div>\n\t\t\t\t\t\t\t\t\t<div class=\"gv-grid-col-1-2 right gv-right\">\n\t\t\t\t\t\t\t\t\t\t\t<\/div>\n\t\t\t\t\t\t\t\t<\/div>\n\t\t\t\t\t<\/div>\n\n\t\t\n<div id=\"gv-view-1446-1\" class=\"gv-diy-container gv-diy-multiple-container gv-container gv-container-1446\">\n\n\t\n\t\t\t<div id=\"gv_diy_14\" class=\"gv-diy-view\">\n\n\t\t\t\t\r\n<div class=\"default-banner\">\r\n<img decoding=\"async\" src=\"https:\/\/francheezer.com\/wp-content\/uploads\/gravity_forms\/2-5b043d312f3bada963e4d717713b1456\/2022\/11\/banniere-cavavin-2-1.jpg\">\r\n<\/div>\r\n<div class=\"nofancybox logo-icon gv-field-2-29\">\r\n\t<img decoding=\"async\" class=\"logo-image\" src=\"https:\/\/francheezer.com\/wp-content\/uploads\/gravity_forms\/2-5b043d312f3bada963e4d717713b1456\/2022\/10\/logo-cavavin-suisse.jpg\">\r\n<\/div><div class=\"padding-inside\"><h3 class=\"text-blue gv-field-2-2\"><a href=\"https:\/\/francheezer.com\/en\/espace-franchise\/enseignes-franchise-suisse\/entry\/14\/\">CAVAVIN<\/a><\/h3><div class=\"text-blue gv-field-2-92\">Commerce alimentaire<\/div><div class=\"gv-field-2-15\"><p>Le r\u00e9seau Cavavin est constitu\u00e9 d'un r\u00e9seau de commer\u00e7ants ind\u00e9pendants et \u00e9picuriens qui aiment conseiller \u00e0 leurs clients des vins authentiques et exclusifs dans une gamme de vins fran\u00e7ais et du monde entier.<\/p>\n<\/div><div class=\"text-blue\">\r\n<span class=\"section-label\">L'apport Personnel: \u20ac<\/span><div class=\"inline-value gv-field-2-109\">70.000<\/div><\/div><div class=\"text-blue\">\r\n<span class=\"section-label\">Investissement: \u20ac<\/span><div class=\"inline-value gv-field-2-110\">150.000<\/div><\/div><div class=\"gv-field-2-entry_link\"><a href=\"https:\/\/francheezer.com\/en\/espace-franchise\/enseignes-franchise-suisse\/entry\/14\/\">D\u00e9tails de la Vue<\/a><\/div><\/div>\n\t\t\t<\/div>\n\n\t\t\n\t\t\t<div id=\"gv_diy_268\" class=\"gv-diy-view\">\n\n\t\t\t\t\r\n<div class=\"default-banner\">\r\n<img decoding=\"async\" src=\"https:\/\/francheezer.com\/index.php?gf-download=2025%2F02%2Fcabine-guinot-3d.jpg&amp;form-id=2&amp;field-id=23&amp;entry-id=268&amp;hash=3e222ae5e880102c7fd620719b0dfe73aacf2c3ad9fb210bbf230f9018cee812\">\r\n<\/div>\r\n<div class=\"nofancybox logo-icon gv-field-2-29\">\r\n\t<img decoding=\"async\" class=\"logo-image\" src=\"https:\/\/francheezer.com\/index.php?gf-download=2025%2F02%2FLOGO-GUINOT-4001.png&amp;form-id=2&amp;field-id=29&amp;entry-id=268&amp;hash=c189c81cd862d77077ffd8d01143702d9c298cc534ad9b0dbc8e83f2f094ef53\">\r\n<\/div><div class=\"padding-inside\"><h3 class=\"text-blue gv-field-2-2\"><a href=\"https:\/\/francheezer.com\/en\/espace-franchise\/enseignes-franchise-suisse\/entry\/268\/\">GUINOT 2<\/a><\/h3><div class=\"text-blue gv-field-2-92\">Beaut\u00e9, sant\u00e9, remise en forme<\/div><div class=\"gv-field-2-15\"><p>L\u2019affiliation Guinot c\u2019est la garantie d\u2019une gestion m\u00e9thodique de l\u2019Institut, pour un plus grand confort de travail et une plus grande rentabilit\u00e9. Les soins et les produits Guinot sont reconnus par les esth\u00e9ticiennes et par les clientes depuis plus de 40 ans pour leurs r\u00e9sultats visibles. La production en France aux normes pharmaceutiques est un gage de s\u00e9curit\u00e9 sur la qualit\u00e9 et sur l\u2019origine des produits.<\/p>\n<\/div><div class=\"text-blue\">\r\n<span class=\"section-label\">L'apport Personnel: \u20ac<\/span><div class=\"inline-value gv-field-2-109\">30.000<\/div><\/div><div class=\"text-blue\">\r\n<span class=\"section-label\">Investissement: \u20ac<\/span><div class=\"inline-value gv-field-2-110\">50.000<\/div><\/div><div class=\"gv-field-2-entry_link\"><a href=\"https:\/\/francheezer.com\/en\/espace-franchise\/enseignes-franchise-suisse\/entry\/268\/\">D\u00e9tails de la Vue<\/a><\/div><\/div>\n\t\t\t<\/div>\n\n\t\t\n\t\t\t<div id=\"gv_diy_47\" class=\"gv-diy-view\">\n\n\t\t\t\t\r\n<div class=\"default-banner\">\r\n<img decoding=\"async\" src=\"https:\/\/francheezer.com\/wp-content\/uploads\/gravity_forms\/2-e023d70c0f2dcc4d41ee878e2c4ce61e\/2023\/06\/happy-cash-banniere-small.jpg\">\r\n<\/div>\r\n<div class=\"nofancybox logo-icon gv-field-2-29\">\r\n\t<img decoding=\"async\" class=\"logo-image\" src=\"https:\/\/francheezer.com\/wp-content\/uploads\/gravity_forms\/2-e023d70c0f2dcc4d41ee878e2c4ce61e\/2023\/06\/logo-happy-cash11.png\">\r\n<\/div><div class=\"padding-inside\"><h3 class=\"text-blue gv-field-2-2\"><a href=\"https:\/\/francheezer.com\/en\/espace-franchise\/enseignes-franchise-suisse\/entry\/47\/\">Happy Cash<\/a><\/h3><div class=\"text-blue gv-field-2-92\">Commerces sp\u00e9cialis\u00e9s<\/div><div class=\"gv-field-2-15\"><p>Le groupe Happy Cash est consid\u00e9r\u00e9 comme le leader dans la seconde main en Europe avec 180 magasins dans 5 pays. Plus de 40 ans d\u2019exp\u00e9rience dans l\u2019univers de l\u2019achat et la revente de produits d\u2019occasion avec diff\u00e9rentes enseignes.<\/p>\n<p>Le groupe Happy Cash a rachet\u00e9 d\u00e9but 2019 le r\u00e9seau Troc.com, anciennement connu sous le nom Troc de l'Ile.<\/p>\n<p>Les diff\u00e9rentes enseignes repr\u00e9sent\u00e9es par le groupe Happy Cash sont implant\u00e9es dans des villes secondaires pour la plupart.<\/p>\n<\/div><div class=\"text-blue\">\r\n<span class=\"section-label\">L'apport Personnel: \u20ac<\/span><div class=\"inline-value gv-field-2-109\">125.000<\/div><\/div><div class=\"text-blue\">\r\n<span class=\"section-label\">Investissement: \u20ac<\/span><div class=\"inline-value gv-field-2-110\">200.000<\/div><\/div><div class=\"gv-field-2-entry_link\"><a href=\"https:\/\/francheezer.com\/en\/espace-franchise\/enseignes-franchise-suisse\/entry\/47\/\">D\u00e9tails de la Vue<\/a><\/div><\/div>\n\t\t\t<\/div>\n\n\t\t\n\t\t\t<div id=\"gv_diy_49\" class=\"gv-diy-view\">\n\n\t\t\t\t\r\n<div class=\"default-banner\">\r\n<img decoding=\"async\" src=\"https:\/\/francheezer.com\/wp-content\/uploads\/gravity_forms\/2-e023d70c0f2dcc4d41ee878e2c4ce61e\/2023\/06\/happy-cash-services-banner-1.jpg\">\r\n<\/div>\r\n<div class=\"nofancybox logo-icon gv-field-2-29\">\r\n\t<img decoding=\"async\" class=\"logo-image\" src=\"https:\/\/francheezer.com\/wp-content\/uploads\/gravity_forms\/2-e023d70c0f2dcc4d41ee878e2c4ce61e\/2023\/06\/logo-happy-cash-services-1.png\">\r\n<\/div><div class=\"padding-inside\"><h3 class=\"text-blue gv-field-2-2\"><a href=\"https:\/\/francheezer.com\/en\/espace-franchise\/enseignes-franchise-suisse\/entry\/49\/\">Happy Cash Services<\/a><\/h3><div class=\"text-blue gv-field-2-92\">Commerces sp\u00e9cialis\u00e9s<\/div><div class=\"gv-field-2-15\"><p>Le groupe Happy Cash est consid\u00e9r\u00e9 comme le leader dans la seconde main en Europe avec 180 magasins dans 5 pays. Plus de 40 ans d\u2019exp\u00e9rience dans l\u2019univers de l\u2019achat et la revente de produits d\u2019occasion avec diff\u00e9rentes enseignes.<\/p>\n<p>Le groupe Happy Cash a rachet\u00e9 d\u00e9but 2019 le r\u00e9seau Troc.com, anciennement connu sous le nom Troc de l'Ile.<\/p>\n<p>Les diff\u00e9rentes enseignes repr\u00e9sent\u00e9es par le groupe Happy Cash sont implant\u00e9es dans des villes secondaires pour la plupart.<\/p>\n<\/div><div class=\"text-blue\">\r\n<span class=\"section-label\">L'apport Personnel: \u20ac<\/span><div class=\"inline-value gv-field-2-109\">125.000<\/div><\/div><div class=\"text-blue\">\r\n<span class=\"section-label\">Investissement: \u20ac<\/span><div class=\"inline-value gv-field-2-110\">200.000<\/div><\/div><div class=\"gv-field-2-entry_link\"><a href=\"https:\/\/francheezer.com\/en\/espace-franchise\/enseignes-franchise-suisse\/entry\/49\/\">D\u00e9tails de la Vue<\/a><\/div><\/div>\n\t\t\t<\/div>\n\n\t\t\n\t\t\t<div id=\"gv_diy_46\" class=\"gv-diy-view\">\n\n\t\t\t\t\r\n<div class=\"default-banner\">\r\n<img decoding=\"async\" src=\"https:\/\/francheezer.com\/wp-content\/uploads\/gravity_forms\/2-e023d70c0f2dcc4d41ee878e2c4ce61e\/2023\/06\/banniere-happy-troc-1-1.jpg\">\r\n<\/div>\r\n<div class=\"nofancybox logo-icon gv-field-2-29\">\r\n\t<img decoding=\"async\" class=\"logo-image\" src=\"https:\/\/francheezer.com\/wp-content\/uploads\/gravity_forms\/2-e023d70c0f2dcc4d41ee878e2c4ce61e\/2023\/06\/logo-happy-troc.png\">\r\n<\/div><div class=\"padding-inside\"><h3 class=\"text-blue gv-field-2-2\"><a href=\"https:\/\/francheezer.com\/en\/espace-franchise\/enseignes-franchise-suisse\/entry\/46\/\">Happy Troc<\/a><\/h3><div class=\"text-blue gv-field-2-92\">Commerces sp\u00e9cialis\u00e9s<\/div><div class=\"gv-field-2-15\"><p>Le groupe Happy Cash est consid\u00e9r\u00e9 comme le leader dans la seconde main en Europe avec 180 magasins dans 5 pays. Plus de 40 ans d\u2019exp\u00e9rience dans l\u2019univers de l\u2019achat et la revente de produits d\u2019occasion avec diff\u00e9rentes enseignes.<\/p>\n<p>Le groupe Happy Cash a rachet\u00e9 d\u00e9but 2019 le r\u00e9seau Troc.com, anciennement connu sous le nom Troc de l'Ile.<\/p>\n<p>Les diff\u00e9rentes enseignes repr\u00e9sent\u00e9es par le groupe Happy Cash sont implant\u00e9es dans des villes secondaires pour la plupart.<\/p>\n<\/div><div class=\"text-blue\">\r\n<span class=\"section-label\">L'apport Personnel: \u20ac<\/span><div class=\"inline-value gv-field-2-109\">125.000<\/div><\/div><div class=\"text-blue\">\r\n<span class=\"section-label\">Investissement: \u20ac<\/span><div class=\"inline-value gv-field-2-110\">250.000<\/div><\/div><div class=\"gv-field-2-entry_link\"><a href=\"https:\/\/francheezer.com\/en\/espace-franchise\/enseignes-franchise-suisse\/entry\/46\/\">D\u00e9tails de la Vue<\/a><\/div><\/div>\n\t\t\t<\/div>\n\n\t\t\n<\/div>\n\n\t\t<style>\n\t\t\t.fancybox-container {\n\t\t\t\tz-index: 100000; \/** Divi is 99999 *\/\n\t\t\t}\n\n\t\t\t.admin-bar .fancybox-container {\n\t\t\t\tmargin-top: 32px;\n\t\t\t}\n\t\t<\/style>\n\t\t<script>\n\t\t\tif ( window.Fancybox ){\n\t\t\t\tFancybox.bind(\".gravityview-fancybox\", {\"animationEffect\":\"fade\",\"toolbar\":true,\"closeExisting\":true,\"arrows\":true,\"buttons\":[\"thumbs\",\"close\"],\"i18n\":{\"en\":{\"CLOSE\":\"Close\",\"NEXT\":\"Next\",\"PREV\":\"Previous\",\"ERROR\":\"The requested content cannot be loaded. Please try again later.\",\"PLAY_START\":\"Start slideshow\",\"PLAY_STOP\":\"Pause slideshow\",\"FULL_SCREEN\":\"Full screen\",\"THUMBS\":\"Thumbnails\",\"DOWNLOAD\":\"Download\",\"SHARE\":\"Share\",\"ZOOM\":\"Zoom\"}}});\n\t\t\t}\n\t\t<\/script>\n\t\t\t\t<div class=\"gv-grid gv-widgets-footer\">\n\t\t\t\t\t\t\t<div class=\"gv-grid-row\">\n\t\t\t\t\t\t\t\t\t<div class=\"gv-grid-col-1-2 left gv-left\">\n\t\t\t\t\t\t\t\t\t\t\t<\/div>\n\t\t\t\t\t\t\t\t\t<div class=\"gv-grid-col-1-2 right gv-right\">\n\t\t\t\t\t\t\t\t\t\t\t<\/div>\n\t\t\t\t\t\t\t\t<\/div>\n\t\t\t\t\t<\/div>\n\n\t\t<input type=\"hidden\" class=\"gravityview-view-id\" value=\"1446\">\n","protected":false},"excerpt":{"rendered":"","protected":false},"author":1,"featured_media":0,"parent":1120,"menu_order":0,"comment_status":"closed","ping_status":"closed","template":"","meta":{"site-sidebar-layout":"default","site-content-layout":"","ast-site-content-layout":"default","site-content-style":"default","site-sidebar-style":"default","ast-global-header-display":"","ast-banner-title-visibility":"","ast-main-header-display":"","ast-hfb-above-header-display":"","ast-hfb-below-header-display":"","ast-hfb-mobile-header-display":"","site-post-title":"disabled","ast-breadcrumbs-content":"","ast-featured-img":"","footer-sml-layout":"","ast-disable-related-posts":"","theme-transparent-header-meta":"","adv-header-id-meta":"","stick-header-meta":"","header-above-stick-meta":"","header-main-stick-meta":"","header-below-stick-meta":"","astra-migrate-meta-layouts":"set","ast-page-background-enabled":"default","ast-page-background-meta":{"desktop":{"background-color":"","background-image":"","background-repeat":"repeat","background-position":"center center","background-size":"auto","background-attachment":"scroll","background-type":"","background-media":"","overlay-type":"","overlay-color":"","overlay-opacity":"","overlay-gradient":""},"tablet":{"background-color":"","background-image":"","background-repeat":"repeat","background-position":"center center","background-size":"auto","background-attachment":"scroll","background-type":"","background-media":"","overlay-type":"","overlay-color":"","overlay-opacity":"","overlay-gradient":""},"mobile":{"background-color":"","background-image":"","background-repeat":"repeat","background-position":"center center","background-size":"auto","background-attachment":"scroll","background-type":"","background-media":"","overlay-type":"","overlay-color":"","overlay-opacity":"","overlay-gradient":""}},"ast-content-background-meta":{"desktop":{"background-color":"var(--ast-global-color-5)","background-image":"","background-repeat":"repeat","background-position":"center center","background-size":"auto","background-attachment":"scroll","background-type":"","background-media":"","overlay-type":"","overlay-color":"","overlay-opacity":"","overlay-gradient":""},"tablet":{"background-color":"var(--ast-global-color-5)","background-image":"","background-repeat":"repeat","background-position":"center center","background-size":"auto","background-attachment":"scroll","background-type":"","background-media":"","overlay-type":"","overlay-color":"","overlay-opacity":"","overlay-gradient":""},"mobile":{"background-color":"var(--ast-global-color-5)","background-image":"","background-repeat":"repeat","background-position":"center center","background-size":"auto","background-attachment":"scroll","background-type":"","background-media":"","overlay-type":"","overlay-color":"","overlay-opacity":"","overlay-gradient":""}},"footnotes":""},"class_list":["post-1434","page","type-page","status-publish","hentry"],"yoast_head":"<!-- This site is optimized with the Yoast SEO plugin v27.5 - https:\/\/yoast.com\/product\/yoast-seo-wordpress\/ -->\n<title>Enseignes franchise suisse - Francheezer<\/title>\n<meta name=\"description\" content=\"S\u00e9lection d&#039;enseignes et de franchiseurs qui souhaitent se d\u00e9velopper en Suisse, pour les franchis\u00e9s et candidats \u00e0 la franchise\" \/>\n<meta name=\"robots\" content=\"index, follow, max-snippet:-1, max-image-preview:large, max-video-preview:-1\" \/>\n<link rel=\"canonical\" href=\"https:\/\/francheezer.com\/en\/espace-franchise\/enseignes-franchise-suisse\/\" \/>\n<meta property=\"og:locale\" content=\"en_GB\" \/>\n<meta property=\"og:type\" content=\"article\" \/>\n<meta property=\"og:title\" content=\"Enseignes franchise suisse - Francheezer\" \/>\n<meta property=\"og:description\" content=\"S\u00e9lection d&#039;enseignes et de franchiseurs qui souhaitent se d\u00e9velopper en Suisse, pour les franchis\u00e9s et candidats \u00e0 la franchise\" \/>\n<meta property=\"og:url\" content=\"https:\/\/francheezer.com\/en\/espace-franchise\/enseignes-franchise-suisse\/\" \/>\n<meta property=\"og:site_name\" content=\"Francheezer\" \/>\n<meta property=\"article:modified_time\" content=\"2025-03-13T12:09:23+00:00\" \/>\n<meta name=\"twitter:card\" content=\"summary_large_image\" \/>\n<script type=\"application\/ld+json\" class=\"yoast-schema-graph\">{\"@context\":\"https:\\\/\\\/schema.org\",\"@graph\":[{\"@type\":\"WebPage\",\"@id\":\"https:\\\/\\\/francheezer.com\\\/espace-franchise\\\/enseignes-franchise-suisse\\\/\",\"url\":\"https:\\\/\\\/francheezer.com\\\/espace-franchise\\\/enseignes-franchise-suisse\\\/\",\"name\":\"Enseignes franchise suisse - Francheezer\",\"isPartOf\":{\"@id\":\"https:\\\/\\\/francheezer.com\\\/#website\"},\"datePublished\":\"2022-11-15T11:13:26+00:00\",\"dateModified\":\"2025-03-13T12:09:23+00:00\",\"description\":\"S\u00e9lection d'enseignes et de franchiseurs qui souhaitent se d\u00e9velopper en Suisse, pour les franchis\u00e9s et candidats \u00e0 la franchise\",\"breadcrumb\":{\"@id\":\"https:\\\/\\\/francheezer.com\\\/espace-franchise\\\/enseignes-franchise-suisse\\\/#breadcrumb\"},\"inLanguage\":\"en-GB\",\"potentialAction\":[{\"@type\":\"ReadAction\",\"target\":[\"https:\\\/\\\/francheezer.com\\\/espace-franchise\\\/enseignes-franchise-suisse\\\/\"]}]},{\"@type\":\"BreadcrumbList\",\"@id\":\"https:\\\/\\\/francheezer.com\\\/espace-franchise\\\/enseignes-franchise-suisse\\\/#breadcrumb\",\"itemListElement\":[{\"@type\":\"ListItem\",\"position\":1,\"name\":\"Accueil\",\"item\":\"https:\\\/\\\/francheezer.com\\\/\"},{\"@type\":\"ListItem\",\"position\":2,\"name\":\"Espace Franchis\u00e9\",\"item\":\"https:\\\/\\\/francheezer.com\\\/espace-franchise\\\/\"},{\"@type\":\"ListItem\",\"position\":3,\"name\":\"Enseignes franchise suisse\"}]},{\"@type\":\"WebSite\",\"@id\":\"https:\\\/\\\/francheezer.com\\\/#website\",\"url\":\"https:\\\/\\\/francheezer.com\\\/\",\"name\":\"Francheezer\",\"description\":\"\",\"publisher\":{\"@id\":\"https:\\\/\\\/francheezer.com\\\/#organization\"},\"potentialAction\":[{\"@type\":\"SearchAction\",\"target\":{\"@type\":\"EntryPoint\",\"urlTemplate\":\"https:\\\/\\\/francheezer.com\\\/?s={search_term_string}\"},\"query-input\":{\"@type\":\"PropertyValueSpecification\",\"valueRequired\":true,\"valueName\":\"search_term_string\"}}],\"inLanguage\":\"en-GB\"},{\"@type\":\"Organization\",\"@id\":\"https:\\\/\\\/francheezer.com\\\/#organization\",\"name\":\"Francheezer\",\"url\":\"https:\\\/\\\/francheezer.com\\\/\",\"logo\":{\"@type\":\"ImageObject\",\"inLanguage\":\"en-GB\",\"@id\":\"https:\\\/\\\/francheezer.com\\\/#\\\/schema\\\/logo\\\/image\\\/\",\"url\":\"https:\\\/\\\/francheezer.com\\\/wp-content\\\/uploads\\\/2023\\\/03\\\/cropped-Francheezer-RVB-sans-Suisse-500-148.png\",\"contentUrl\":\"https:\\\/\\\/francheezer.com\\\/wp-content\\\/uploads\\\/2023\\\/03\\\/cropped-Francheezer-RVB-sans-Suisse-500-148.png\",\"width\":500,\"height\":148,\"caption\":\"Francheezer\"},\"image\":{\"@id\":\"https:\\\/\\\/francheezer.com\\\/#\\\/schema\\\/logo\\\/image\\\/\"}}]}<\/script>\n<!-- \/ Yoast SEO plugin. -->","yoast_head_json":{"title":"Enseignes franchise suisse - Francheezer","description":"S\u00e9lection d'enseignes et de franchiseurs qui souhaitent se d\u00e9velopper en Suisse, pour les franchis\u00e9s et candidats \u00e0 la franchise","robots":{"index":"index","follow":"follow","max-snippet":"max-snippet:-1","max-image-preview":"max-image-preview:large","max-video-preview":"max-video-preview:-1"},"canonical":"https:\/\/francheezer.com\/en\/espace-franchise\/enseignes-franchise-suisse\/","og_locale":"en_GB","og_type":"article","og_title":"Enseignes franchise suisse - Francheezer","og_description":"S\u00e9lection d'enseignes et de franchiseurs qui souhaitent se d\u00e9velopper en Suisse, pour les franchis\u00e9s et candidats \u00e0 la franchise","og_url":"https:\/\/francheezer.com\/en\/espace-franchise\/enseignes-franchise-suisse\/","og_site_name":"Francheezer","article_modified_time":"2025-03-13T12:09:23+00:00","twitter_card":"summary_large_image","schema":{"@context":"https:\/\/schema.org","@graph":[{"@type":"WebPage","@id":"https:\/\/francheezer.com\/espace-franchise\/enseignes-franchise-suisse\/","url":"https:\/\/francheezer.com\/espace-franchise\/enseignes-franchise-suisse\/","name":"Enseignes franchise suisse - Francheezer","isPartOf":{"@id":"https:\/\/francheezer.com\/#website"},"datePublished":"2022-11-15T11:13:26+00:00","dateModified":"2025-03-13T12:09:23+00:00","description":"S\u00e9lection d'enseignes et de franchiseurs qui souhaitent se d\u00e9velopper en Suisse, pour les franchis\u00e9s et candidats \u00e0 la franchise","breadcrumb":{"@id":"https:\/\/francheezer.com\/espace-franchise\/enseignes-franchise-suisse\/#breadcrumb"},"inLanguage":"en-GB","potentialAction":[{"@type":"ReadAction","target":["https:\/\/francheezer.com\/espace-franchise\/enseignes-franchise-suisse\/"]}]},{"@type":"BreadcrumbList","@id":"https:\/\/francheezer.com\/espace-franchise\/enseignes-franchise-suisse\/#breadcrumb","itemListElement":[{"@type":"ListItem","position":1,"name":"Accueil","item":"https:\/\/francheezer.com\/"},{"@type":"ListItem","position":2,"name":"Espace Franchis\u00e9","item":"https:\/\/francheezer.com\/espace-franchise\/"},{"@type":"ListItem","position":3,"name":"Enseignes franchise suisse"}]},{"@type":"WebSite","@id":"https:\/\/francheezer.com\/#website","url":"https:\/\/francheezer.com\/","name":"Francheezer","description":"","publisher":{"@id":"https:\/\/francheezer.com\/#organization"},"potentialAction":[{"@type":"SearchAction","target":{"@type":"EntryPoint","urlTemplate":"https:\/\/francheezer.com\/?s={search_term_string}"},"query-input":{"@type":"PropertyValueSpecification","valueRequired":true,"valueName":"search_term_string"}}],"inLanguage":"en-GB"},{"@type":"Organization","@id":"https:\/\/francheezer.com\/#organization","name":"Francheezer","url":"https:\/\/francheezer.com\/","logo":{"@type":"ImageObject","inLanguage":"en-GB","@id":"https:\/\/francheezer.com\/#\/schema\/logo\/image\/","url":"https:\/\/francheezer.com\/wp-content\/uploads\/2023\/03\/cropped-Francheezer-RVB-sans-Suisse-500-148.png","contentUrl":"https:\/\/francheezer.com\/wp-content\/uploads\/2023\/03\/cropped-Francheezer-RVB-sans-Suisse-500-148.png","width":500,"height":148,"caption":"Francheezer"},"image":{"@id":"https:\/\/francheezer.com\/#\/schema\/logo\/image\/"}}]}},"_links":{"self":[{"href":"https:\/\/francheezer.com\/en\/wp-json\/wp\/v2\/pages\/1434","targetHints":{"allow":["GET"]}}],"collection":[{"href":"https:\/\/francheezer.com\/en\/wp-json\/wp\/v2\/pages"}],"about":[{"href":"https:\/\/francheezer.com\/en\/wp-json\/wp\/v2\/types\/page"}],"author":[{"embeddable":true,"href":"https:\/\/francheezer.com\/en\/wp-json\/wp\/v2\/users\/1"}],"replies":[{"embeddable":true,"href":"https:\/\/francheezer.com\/en\/wp-json\/wp\/v2\/comments?post=1434"}],"version-history":[{"count":12,"href":"https:\/\/francheezer.com\/en\/wp-json\/wp\/v2\/pages\/1434\/revisions"}],"predecessor-version":[{"id":1768,"href":"https:\/\/francheezer.com\/en\/wp-json\/wp\/v2\/pages\/1434\/revisions\/1768"}],"up":[{"embeddable":true,"href":"https:\/\/francheezer.com\/en\/wp-json\/wp\/v2\/pages\/1120"}],"wp:attachment":[{"href":"https:\/\/francheezer.com\/en\/wp-json\/wp\/v2\/media?parent=1434"}],"curies":[{"name":"wp","href":"https:\/\/api.w.org\/{rel}","templated":true}]}}