{"id":295,"date":"2019-02-25T09:31:29","date_gmt":"2019-02-25T09:31:29","guid":{"rendered":"https:\/\/francheezer.com\/home\/"},"modified":"2025-04-04T07:18:03","modified_gmt":"2025-04-04T05:18:03","slug":"home","status":"publish","type":"page","link":"https:\/\/francheezer.com\/en\/","title":{"rendered":"Home"},"content":{"rendered":"<h1>\n\t\t\t\tStart your franchise in Switzerland\n\t\t\t<\/h1>\n\t\t\t<p>Franchising, Licensing, Joint Venture, Master Franchising: we help <strong>franchisors, brands and franchisees<\/strong> to develop in Switzerland<\/p>\t\n\t\t\t<h2>For franchisors<\/h2>\t\t\t\n\t\t\t\t<p>Le meilleur moyen de d\u00e9marrer l&#8217;implantation de votre marque ou de la d\u00e9velopper en Suisse<\/p>\n\t\t\t<a href=\"https:\/\/francheezer.com\/en\/espace-franchiseur\/\" title=\"Cliquez ici\" target=\"_self\"   role=\"button\" aria-label=\"Our services to FRANCHISERS\">\n\t\t\t\t\t\t\tOur services to FRANCHISERS\n\t\t<\/a>\n\t\t\t<h2>For franchisees<\/h2>\t\t\t\n\t\t\t\t<p>To find a brand, become a franchisee in Switzerland and get advice<\/p>\n\t\t\t<a href=\"\/en\/espace-franchise\/\" title=\"Cliquez ici\" target=\"_self\"   role=\"button\" aria-label=\"Our services to FRANCHISEES\">\n\t\t\t\t\t\t\tOur services to FRANCHISEES\n\t\t<\/a>\n\t<p>Francheezer est le repr\u00e9sentant exclusif pour la Suisse de<\/p>\n\t\t\t\t<img loading=\"lazy\" decoding=\"async\" src=\"https:\/\/francheezer.com\/wp-content\/uploads\/2022\/10\/logo-franchise-world-link.png\" alt=\"Franchise World Link logo\" itemprop=\"image\" height=\"73\" width=\"180\" title=\"Franchise World Link logo\" onerror=\"this.style.display='none'\"  \/>\n\t\t\t\t<img loading=\"lazy\" decoding=\"async\" src=\"https:\/\/francheezer.com\/wp-content\/uploads\/2022\/09\/image-enseigne-HP.jpg\" alt=\"image-enseigne-HP\" itemprop=\"image\" height=\"467\" width=\"700\" title=\"image-enseigne-HP\" onerror=\"this.style.display='none'\"  \/>\n\t<ul>\n\t\t<li>\t\t\t\t\n\t\t<p>Audit de l&#8217;enseigne et du positionnement<\/p><\/li><li>\t\t\t\t\n\t\t<p>Analyse compl\u00e8te (DIP, contrats, plaquettes&#8230;)<\/p><\/li><li>\t\t\t\t\n\t\t<p>Recruitment of Franchisees<\/p><\/li><li>\t\t\t\t\n\t\t<p>Digital presence of your brand for recruitment<\/p><\/li><li>\t\t\t\t\n\t\t<p>Mise en relation avec un r\u00e9seau local d&#8217;experts (emplacement, cr\u00e9ation de soci\u00e9t\u00e9, fiduciaire, financement&#8230;)<\/p><\/li>\t<\/ul>\n<h2>\n\t\tWhat we can do for you\n\t<\/h2>\n\t\t<h3>Better understanding of Swiss market issues<\/h3>\t\t\t\n\t\t\t\t<p>Le march\u00e9 suisse poss\u00e8de des sp\u00e9cificit\u00e9s qu&#8217;il est essentiel de bien conna\u00eetre. En passant par nos services, votre projet en Suisse sera totalement ma\u00eetris\u00e9, tant dans la mise en oeuvre que dans les aspects locaux li\u00e9s \u00e0 la Franchise.<\/p>\n\t\t<h3>Access to a strong Swiss franchise ecosystem<\/h3>\t\t\t\n\t\t\t\t<p>G\u00e9omarketing, fiduciaire, business plan&#8230; Chaque projet de franchise n\u00e9cessite l&#8217;intervention de plusieurs experts. Notre connaissance locale et notre exp\u00e9rience nous permettent de vous proposer les meilleurs experts franchise en Suisse.<\/p>\n\t\t<h3>Marketing adapted to the Swiss market<\/h3>\t\t\t\n\t\t\t\t<p>Your brand, content, communications and marketing are tailored to the local market for greater effectiveness.<\/p>\n\t\t<h3>Profiles of qualified franchisees for your development<\/h3>\t\t\t\n\t\t\t\t<p>The relationships we have built up in the Swiss Franchise network and the various events we organise enable us to recruit qualified candidates for your brand.<\/p>\n\t\t<h3>Development of your franchise concept in Switzerland<\/h3>\t\t\t\n\t\t\t\t<p>Vous renforcez votre pr\u00e9sence en Suisse \u00e0 travers un r\u00e9seau de Franchise. Vous \u00eates accompagn\u00e9 dans la phase de lancement de votre r\u00e9seau (audit de faisabilit\u00e9, mod\u00e9lisation et manuel op\u00e9ratoire, guide d\u00e9veloppement, accompagnement juridique, business model, strat\u00e9gie de d\u00e9veloppement&#8230;)<\/p>\n\t\t<h3>Supporting the management of your franchise network<\/h3>\t\t\t\n\t\t\t\t<p>Vous externalisez le d\u00e9veloppement et l&#8217;animation de votre r\u00e9seau.<br \/>We are recruiting on your behalf the head of the franchise network in charge of the management of your brand in Switzerland.<\/p>\n\t\t<h3>Financement de votre franchise en Suisse<\/h3>\t\t\t\n\t\t\t\t<p>Nous recherchons pour vous des solutions de financement pour la mise en place de votre franchise. Nous avons s\u00e9lectionn\u00e9 des sp\u00e9cialistes du financement qui seront en mesure de vous proposer des solutions adapt\u00e9es \u00e0 votre projet.<\/p>\n\t\t\t<h2>Meet our experts<\/h2>\t\t\t\n\t\t\t\t<p>Franchise, recrutement, digital&#8230; : chaque expert poss\u00e8de une sp\u00e9cialit\u00e9 qui r\u00e9pondra \u00e0 vos attentes.<br \/><a href=\"\/en\/a-propos\/\">Read more<\/a><\/p>\n\t\t\t\t<img decoding=\"async\" src=\"https:\/\/francheezer.com\/wp-content\/uploads\/2023\/03\/Laure-limousin-500-500.jpg\" alt=\"Laure Limousin \u25aa Experte Franchise\" title=\"Laure-limousin-500-500\" itemprop=\"image\"  \/>\n\t\tLaure Limousin \u25aa \nFranchise Expert\n\t\t\t\t<img decoding=\"async\" src=\"https:\/\/francheezer.com\/wp-content\/uploads\/2023\/03\/estelle-limousin-500-500.jpg\" alt=\"Estelle Limousin \u25aa Franchise Expert\" title=\"estelle-limousin-500-500\" itemprop=\"image\"  \/>\n\t\tEstelle Limousin \u25aa Franchise Expert\n\t\t\t<h2>Our partners<\/h2>\t\t\t\n\t\t\t\t<p>Cr\u00e9ation de soci\u00e9t\u00e9, mise en place d&#8217;un business plan, conseils juridiques&#8230; Pour vous conseiller au mieux, nous mettons \u00e0 votre disposition notre s\u00e9lection de partenaires franchise en Suisse<\/p>\n\t\t<h3>Trustees<\/h3>\t\t\t\n\t\t<h3>Real Estate<\/h3>\t\t\t\n\t\t<h3>Geomarketing<\/h3>\t\t\t\n\t\t<h3>Lawyers<\/h3>\t\t\t\n\t\t<h3>Federations<\/h3>\t\t\t\n\t\t<h3>Consulting<\/h3>\t\t\t\n\t\t<h3>Investisseurs<\/h3>\t\t\t\n<h2>\n\t\tThey trust us\n\t<\/h2>\n\t\t\t\t<img decoding=\"async\" src=\"https:\/\/francheezer.com\/wp-content\/uploads\/2023\/11\/logo-pokawa.png\" alt=\"logo-pokawa\" title=\"logo-pokawa\" itemprop=\"image\"  \/>\n\t\t\t\t<img decoding=\"async\" src=\"https:\/\/francheezer.com\/wp-content\/uploads\/2023\/11\/logo-ByKarl.png\" alt=\"logo-ByKarl\" title=\"logo-ByKarl\" itemprop=\"image\"  \/>\n\t\t\t\t<img loading=\"lazy\" decoding=\"async\" src=\"https:\/\/francheezer.com\/wp-content\/uploads\/2023\/09\/Logo-easygym.png\" alt=\"Logo-easygym\" itemprop=\"image\" height=\"176\" width=\"556\" title=\"Logo-easygym\" onerror=\"this.style.display='none'\"  \/>\n\t\t\t\t<img loading=\"lazy\" decoding=\"async\" src=\"https:\/\/francheezer.com\/wp-content\/uploads\/2022\/09\/logo-cavavin-suisse.jpg\" alt=\"logo-cavavin-suisse\" itemprop=\"image\" height=\"182\" width=\"300\" title=\"logo-cavavin-suisse\" onerror=\"this.style.display='none'\"  \/>\n\t\t\t\t<img decoding=\"async\" src=\"https:\/\/francheezer.com\/wp-content\/uploads\/2024\/02\/logo-laserel-large.png\" alt=\"logo Laserel\" title=\"logo-laserel-large\" itemprop=\"image\"  \/>\n\t\t\t\t<img decoding=\"async\" src=\"https:\/\/francheezer.com\/wp-content\/uploads\/2024\/10\/logo-cabaia.jpg\" alt=\"logo-cabaia\" title=\"logo-cabaia\" itemprop=\"image\"  \/>\n\t\t\t\t<img decoding=\"async\" src=\"https:\/\/francheezer.com\/wp-content\/uploads\/2023\/11\/logo-herbolario.jpeg\" alt=\"logo-herbolario\" title=\"logo-herbolario\" itemprop=\"image\"  \/>\n\t\t\t\t<img loading=\"lazy\" decoding=\"async\" src=\"https:\/\/francheezer.com\/wp-content\/uploads\/2022\/09\/LOGO-GUINOT.jpg\" alt=\"LOGO-GUINOT\" itemprop=\"image\" height=\"288\" width=\"628\" title=\"LOGO-GUINOT\" onerror=\"this.style.display='none'\"  \/>\n\t\t\t\t<img decoding=\"async\" src=\"https:\/\/francheezer.com\/wp-content\/uploads\/2023\/11\/logo-happy-cash1.png\" alt=\"logo-happy-cash(1)\" title=\"logo-happy-cash(1)\" itemprop=\"image\"  \/>\n\t\t\t\t<img decoding=\"async\" src=\"https:\/\/francheezer.com\/wp-content\/uploads\/2024\/02\/logo-happy-cash-services-842.png\" alt=\"logo-happy-cash-services-842\" title=\"logo-happy-cash-services-842\" itemprop=\"image\"  \/>\n\t\t\t\t<img decoding=\"async\" src=\"https:\/\/francheezer.com\/wp-content\/uploads\/2024\/09\/logo-larelocation.png\" alt=\"logo-larelocation\" title=\"logo-larelocation\" itemprop=\"image\"  \/>\n\t\t\t\t<img decoding=\"async\" src=\"https:\/\/francheezer.com\/wp-content\/uploads\/2024\/02\/logo-ecole-lenotre.png\" alt=\"logo-ecole-lenotre\" title=\"logo-ecole-lenotre\" itemprop=\"image\"  \/>\n\t\t\t\t<img decoding=\"async\" src=\"https:\/\/francheezer.com\/wp-content\/uploads\/2024\/09\/logo-slice-slice-baby-png.avif\" alt=\"logo-slice-slice-baby\" title=\"logo-slice-slice-baby\" itemprop=\"image\"  \/>\n\t\t\t\t<img decoding=\"async\" src=\"https:\/\/francheezer.com\/wp-content\/uploads\/2024\/02\/Happy-Troc-842.png\" alt=\"Happy-Troc-842\" title=\"Happy-Troc-842\" itemprop=\"image\"  \/>\n\t\t\t\t<img loading=\"lazy\" decoding=\"async\" src=\"https:\/\/francheezer.com\/wp-content\/uploads\/2024\/02\/viagimmo-logo.png\" alt=\"viagimmo-logo\" itemprop=\"image\" height=\"286\" width=\"800\" title=\"viagimmo-logo\" onerror=\"this.style.display='none'\"  \/>\n\t\t<h2>What do you want to do next?<\/h2>\n\t\t\t\t<p>Boost your projects in Switzerland and contact our team: we can help you!<\/p>\n\t\t\t<a href=\"\/en\/contact\/\" title=\"Cliquez ici\" target=\"_self\"   role=\"button\" aria-label=\"Contact our team\">\n\t\t\t\t\t\t\tContact our team\n\t\t<\/a>","protected":false},"excerpt":{"rendered":"<p>D\u00e9marrez votre franchise en Suisse Franchise, Contrat de licence, Joint Venture, Master Franchise : nous aidons les franchiseurs, les marques et les franchis\u00e9s \u00e0 se d\u00e9velopper en Suisse Pour les franchiseurs Le meilleur moyen de d\u00e9marrer l&#8217;implantation de votre marque ou de la d\u00e9velopper en Suisse Nos services aux FRANCHISEURS Pour les franchis\u00e9s Pour trouver [&hellip;]<\/p>","protected":false},"author":1,"featured_media":0,"parent":0,"menu_order":0,"comment_status":"closed","ping_status":"closed","template":"","meta":{"site-sidebar-layout":"no-sidebar","site-content-layout":"page-builder","ast-site-content-layout":"default","site-content-style":"default","site-sidebar-style":"default","ast-global-header-display":"","ast-banner-title-visibility":"","ast-main-header-display":"","ast-hfb-above-header-display":"","ast-hfb-below-header-display":"","ast-hfb-mobile-header-display":"","site-post-title":"disabled","ast-breadcrumbs-content":"","ast-featured-img":"disabled","footer-sml-layout":"","ast-disable-related-posts":"","theme-transparent-header-meta":"enabled","adv-header-id-meta":"","stick-header-meta":"","header-above-stick-meta":"","header-main-stick-meta":"","header-below-stick-meta":"","astra-migrate-meta-layouts":"default","ast-page-background-enabled":"default","ast-page-background-meta":{"desktop":{"background-color":"","background-image":"","background-repeat":"repeat","background-position":"center center","background-size":"auto","background-attachment":"scroll","background-type":"","background-media":"","overlay-type":"","overlay-color":"","overlay-opacity":"","overlay-gradient":""},"tablet":{"background-color":"","background-image":"","background-repeat":"repeat","background-position":"center center","background-size":"auto","background-attachment":"scroll","background-type":"","background-media":"","overlay-type":"","overlay-color":"","overlay-opacity":"","overlay-gradient":""},"mobile":{"background-color":"","background-image":"","background-repeat":"repeat","background-position":"center center","background-size":"auto","background-attachment":"scroll","background-type":"","background-media":"","overlay-type":"","overlay-color":"","overlay-opacity":"","overlay-gradient":""}},"ast-content-background-meta":{"desktop":{"background-color":"var(--ast-global-color-5)","background-image":"","background-repeat":"repeat","background-position":"center center","background-size":"auto","background-attachment":"scroll","background-type":"","background-media":"","overlay-type":"","overlay-color":"","overlay-opacity":"","overlay-gradient":""},"tablet":{"background-color":"var(--ast-global-color-5)","background-image":"","background-repeat":"repeat","background-position":"center center","background-size":"auto","background-attachment":"scroll","background-type":"","background-media":"","overlay-type":"","overlay-color":"","overlay-opacity":"","overlay-gradient":""},"mobile":{"background-color":"var(--ast-global-color-5)","background-image":"","background-repeat":"repeat","background-position":"center center","background-size":"auto","background-attachment":"scroll","background-type":"","background-media":"","overlay-type":"","overlay-color":"","overlay-opacity":"","overlay-gradient":""}},"footnotes":""},"class_list":["post-295","page","type-page","status-publish","hentry"],"yoast_head":"<!-- This site is optimized with the Yoast SEO plugin v24.9 - https:\/\/yoast.com\/wordpress\/plugins\/seo\/ -->\n<title>L&#039;expertise de la Franchise en Suisse - Francheezer<\/title>\n<meta name=\"description\" content=\"Franchise, Master Franchise, Contrat de licence... Nous aidons franchiseurs et franchis\u00e9s \u00e0 se d\u00e9velopper en franchise en Suisse.\" \/>\n<meta name=\"robots\" content=\"index, follow, max-snippet:-1, max-image-preview:large, max-video-preview:-1\" \/>\n<link rel=\"canonical\" href=\"https:\/\/francheezer.com\/en\/\" \/>\n<meta property=\"og:locale\" content=\"en_GB\" \/>\n<meta property=\"og:type\" content=\"article\" \/>\n<meta property=\"og:title\" content=\"L&#039;expertise de la Franchise en Suisse - Francheezer\" \/>\n<meta property=\"og:description\" content=\"Franchise, Master Franchise, Contrat de licence... Nous aidons franchiseurs et franchis\u00e9s \u00e0 se d\u00e9velopper en franchise en Suisse.\" \/>\n<meta property=\"og:url\" content=\"https:\/\/francheezer.com\/en\/\" \/>\n<meta property=\"og:site_name\" content=\"Francheezer\" \/>\n<meta property=\"article:modified_time\" content=\"2025-04-04T05:18:03+00:00\" \/>\n<meta property=\"og:image\" content=\"https:\/\/francheezer.com\/wp-content\/uploads\/2022\/10\/logo-franchise-world-link.png\" \/>\n<meta name=\"twitter:card\" content=\"summary_large_image\" \/>\n<meta name=\"twitter:label1\" content=\"Estimated reading time\" \/>\n\t<meta name=\"twitter:data1\" content=\"4 minutes\" \/>\n<script type=\"application\/ld+json\" class=\"yoast-schema-graph\">{\"@context\":\"https:\/\/schema.org\",\"@graph\":[{\"@type\":\"WebPage\",\"@id\":\"https:\/\/francheezer.com\/\",\"url\":\"https:\/\/francheezer.com\/\",\"name\":\"L'expertise de la Franchise en Suisse - Francheezer\",\"isPartOf\":{\"@id\":\"https:\/\/francheezer.com\/#website\"},\"primaryImageOfPage\":{\"@id\":\"https:\/\/francheezer.com\/#primaryimage\"},\"image\":{\"@id\":\"https:\/\/francheezer.com\/#primaryimage\"},\"thumbnailUrl\":\"https:\/\/francheezer.com\/wp-content\/uploads\/2022\/10\/logo-franchise-world-link.png\",\"datePublished\":\"2019-02-25T09:31:29+00:00\",\"dateModified\":\"2025-04-04T05:18:03+00:00\",\"description\":\"Franchise, Master Franchise, Contrat de licence... Nous aidons franchiseurs et franchis\u00e9s \u00e0 se d\u00e9velopper en franchise en Suisse.\",\"breadcrumb\":{\"@id\":\"https:\/\/francheezer.com\/#breadcrumb\"},\"inLanguage\":\"en-GB\",\"potentialAction\":[{\"@type\":\"ReadAction\",\"target\":[\"https:\/\/francheezer.com\/\"]}]},{\"@type\":\"ImageObject\",\"inLanguage\":\"en-GB\",\"@id\":\"https:\/\/francheezer.com\/#primaryimage\",\"url\":\"https:\/\/francheezer.com\/wp-content\/uploads\/2022\/10\/logo-franchise-world-link.png\",\"contentUrl\":\"https:\/\/francheezer.com\/wp-content\/uploads\/2022\/10\/logo-franchise-world-link.png\"},{\"@type\":\"BreadcrumbList\",\"@id\":\"https:\/\/francheezer.com\/#breadcrumb\",\"itemListElement\":[{\"@type\":\"ListItem\",\"position\":1,\"name\":\"Accueil\",\"item\":\"https:\/\/francheezer.com\/\"},{\"@type\":\"ListItem\",\"position\":2,\"name\":\"Home\"}]},{\"@type\":\"WebSite\",\"@id\":\"https:\/\/francheezer.com\/#website\",\"url\":\"https:\/\/francheezer.com\/\",\"name\":\"Francheezer\",\"description\":\"\",\"publisher\":{\"@id\":\"https:\/\/francheezer.com\/#organization\"},\"potentialAction\":[{\"@type\":\"SearchAction\",\"target\":{\"@type\":\"EntryPoint\",\"urlTemplate\":\"https:\/\/francheezer.com\/?s={search_term_string}\"},\"query-input\":{\"@type\":\"PropertyValueSpecification\",\"valueRequired\":true,\"valueName\":\"search_term_string\"}}],\"inLanguage\":\"en-GB\"},{\"@type\":\"Organization\",\"@id\":\"https:\/\/francheezer.com\/#organization\",\"name\":\"Francheezer\",\"url\":\"https:\/\/francheezer.com\/\",\"logo\":{\"@type\":\"ImageObject\",\"inLanguage\":\"en-GB\",\"@id\":\"https:\/\/francheezer.com\/#\/schema\/logo\/image\/\",\"url\":\"https:\/\/francheezer.com\/wp-content\/uploads\/2023\/03\/cropped-Francheezer-RVB-sans-Suisse-500-148.png\",\"contentUrl\":\"https:\/\/francheezer.com\/wp-content\/uploads\/2023\/03\/cropped-Francheezer-RVB-sans-Suisse-500-148.png\",\"width\":500,\"height\":148,\"caption\":\"Francheezer\"},\"image\":{\"@id\":\"https:\/\/francheezer.com\/#\/schema\/logo\/image\/\"}}]}<\/script>\n<!-- \/ Yoast SEO plugin. -->","yoast_head_json":{"title":"L'expertise de la Franchise en Suisse - Francheezer","description":"Franchise, Master Franchise, Contrat de licence... Nous aidons franchiseurs et franchis\u00e9s \u00e0 se d\u00e9velopper en franchise en Suisse.","robots":{"index":"index","follow":"follow","max-snippet":"max-snippet:-1","max-image-preview":"max-image-preview:large","max-video-preview":"max-video-preview:-1"},"canonical":"https:\/\/francheezer.com\/en\/","og_locale":"en_GB","og_type":"article","og_title":"L'expertise de la Franchise en Suisse - Francheezer","og_description":"Franchise, Master Franchise, Contrat de licence... Nous aidons franchiseurs et franchis\u00e9s \u00e0 se d\u00e9velopper en franchise en Suisse.","og_url":"https:\/\/francheezer.com\/en\/","og_site_name":"Francheezer","article_modified_time":"2025-04-04T05:18:03+00:00","og_image":[{"url":"https:\/\/francheezer.com\/wp-content\/uploads\/2022\/10\/logo-franchise-world-link.png","type":"","width":"","height":""}],"twitter_card":"summary_large_image","twitter_misc":{"Estimated reading time":"4 minutes"},"schema":{"@context":"https:\/\/schema.org","@graph":[{"@type":"WebPage","@id":"https:\/\/francheezer.com\/","url":"https:\/\/francheezer.com\/","name":"L'expertise de la Franchise en Suisse - Francheezer","isPartOf":{"@id":"https:\/\/francheezer.com\/#website"},"primaryImageOfPage":{"@id":"https:\/\/francheezer.com\/#primaryimage"},"image":{"@id":"https:\/\/francheezer.com\/#primaryimage"},"thumbnailUrl":"https:\/\/francheezer.com\/wp-content\/uploads\/2022\/10\/logo-franchise-world-link.png","datePublished":"2019-02-25T09:31:29+00:00","dateModified":"2025-04-04T05:18:03+00:00","description":"Franchise, Master Franchise, Contrat de licence... Nous aidons franchiseurs et franchis\u00e9s \u00e0 se d\u00e9velopper en franchise en Suisse.","breadcrumb":{"@id":"https:\/\/francheezer.com\/#breadcrumb"},"inLanguage":"en-GB","potentialAction":[{"@type":"ReadAction","target":["https:\/\/francheezer.com\/"]}]},{"@type":"ImageObject","inLanguage":"en-GB","@id":"https:\/\/francheezer.com\/#primaryimage","url":"https:\/\/francheezer.com\/wp-content\/uploads\/2022\/10\/logo-franchise-world-link.png","contentUrl":"https:\/\/francheezer.com\/wp-content\/uploads\/2022\/10\/logo-franchise-world-link.png"},{"@type":"BreadcrumbList","@id":"https:\/\/francheezer.com\/#breadcrumb","itemListElement":[{"@type":"ListItem","position":1,"name":"Accueil","item":"https:\/\/francheezer.com\/"},{"@type":"ListItem","position":2,"name":"Home"}]},{"@type":"WebSite","@id":"https:\/\/francheezer.com\/#website","url":"https:\/\/francheezer.com\/","name":"Francheezer","description":"","publisher":{"@id":"https:\/\/francheezer.com\/#organization"},"potentialAction":[{"@type":"SearchAction","target":{"@type":"EntryPoint","urlTemplate":"https:\/\/francheezer.com\/?s={search_term_string}"},"query-input":{"@type":"PropertyValueSpecification","valueRequired":true,"valueName":"search_term_string"}}],"inLanguage":"en-GB"},{"@type":"Organization","@id":"https:\/\/francheezer.com\/#organization","name":"Francheezer","url":"https:\/\/francheezer.com\/","logo":{"@type":"ImageObject","inLanguage":"en-GB","@id":"https:\/\/francheezer.com\/#\/schema\/logo\/image\/","url":"https:\/\/francheezer.com\/wp-content\/uploads\/2023\/03\/cropped-Francheezer-RVB-sans-Suisse-500-148.png","contentUrl":"https:\/\/francheezer.com\/wp-content\/uploads\/2023\/03\/cropped-Francheezer-RVB-sans-Suisse-500-148.png","width":500,"height":148,"caption":"Francheezer"},"image":{"@id":"https:\/\/francheezer.com\/#\/schema\/logo\/image\/"}}]}},"_links":{"self":[{"href":"https:\/\/francheezer.com\/en\/wp-json\/wp\/v2\/pages\/295","targetHints":{"allow":["GET"]}}],"collection":[{"href":"https:\/\/francheezer.com\/en\/wp-json\/wp\/v2\/pages"}],"about":[{"href":"https:\/\/francheezer.com\/en\/wp-json\/wp\/v2\/types\/page"}],"author":[{"embeddable":true,"href":"https:\/\/francheezer.com\/en\/wp-json\/wp\/v2\/users\/1"}],"replies":[{"embeddable":true,"href":"https:\/\/francheezer.com\/en\/wp-json\/wp\/v2\/comments?post=295"}],"version-history":[{"count":159,"href":"https:\/\/francheezer.com\/en\/wp-json\/wp\/v2\/pages\/295\/revisions"}],"predecessor-version":[{"id":1776,"href":"https:\/\/francheezer.com\/en\/wp-json\/wp\/v2\/pages\/295\/revisions\/1776"}],"wp:attachment":[{"href":"https:\/\/francheezer.com\/en\/wp-json\/wp\/v2\/media?parent=295"}],"curies":[{"name":"wp","href":"https:\/\/api.w.org\/{rel}","templated":true}]}}