{"id":296,"date":"2019-02-25T12:37:08","date_gmt":"2019-02-25T11:37:08","guid":{"rendered":"https:\/\/francheezer.com\/about\/"},"modified":"2025-01-30T13:20:45","modified_gmt":"2025-01-30T12:20:45","slug":"a-propos","status":"publish","type":"page","link":"https:\/\/francheezer.com\/en\/a-propos\/","title":{"rendered":"About"},"content":{"rendered":"<h1>\n\t\t\t\tSupporting you in the development of your franchise in Switzerland\n\t\t\t<\/h1>\n\t\t\t<p>Nous sommes \u00e0 vos c\u00f4t\u00e9s pour faire cro\u00eetre votre business en Suisse et \u00e0 l&#8217;international<\/p>\t\n\t<p>L&#8217;\u00e9quipe de Francheezer est sp\u00e9cialis\u00e9e dans le conseil aux franchiseurs en Suisse et dans la recherche de candidats franchis\u00e9s.<\/p>\n<p>We offer in-depth franchise expertise and work with you to find qualified franchisees who are passionate about your brand.<\/p>\n<p>Nous vous assistons tout au long du processus, de l&#8217;\u00e9valuation initiale des candidats \u00e0 la finalisation de l&#8217;accord de franchise.<\/p>\n<p>Nous vous garantissons des r\u00e9sultats concrets et mesurables pour votre entreprise. Faites appel \u00e0 notre expertise et comme l&#8217;Ecole Len\u00f4tre, EasyGym, Cavavin ou encore Guinot, laissez-nous vous aider \u00e0 d\u00e9velopper votre r\u00e9seau de franchise en Suisse et \u00e0 l&#8217;International.<\/p>\n<h2>\n\t\tWe are Franchise and Digital Experts\n\t<\/h2>\n\t<p>L&#8217;\u00e9quipe de Francheezer est compos\u00e9e d&#8217;<strong>franchise experts<\/strong>, <strong>recruitment specialists<\/strong> and <strong>digital marketing professionals<\/strong>.<\/p>\n<p>Nous intervenons pour le compte de grands groupes internationaux et de PME qui d\u00e9sirent s&#8217;implanter en Suisse. Notre expertise et notre r\u00e9seau nous permettent \u00e9galement d&#8217;accompagner des enseignes suisses qui souhaitent se d\u00e9velopper en Europe ou dans le monde entier.<\/p>\n<p>We work on behalf of <strong><a href=\"https:\/\/www.swissdistribution.org\/\" target=\"_blank\" rel=\"noopener\">Swiss Distribution<\/a> (Swiss Franchise Federation)<\/strong> dans le cadre de conf\u00e9rences th\u00e9matiques et en tant qu&#8217;experts aux <a href=\"https:\/\/www.ge.ch\/evenement\/6eme-journee-romande-franchise\" target=\"_blank\" rel=\"noopener\"><strong>French-speaking Franchise Days at FER Geneva<\/strong><\/a>.<\/p>\n\t<p>We co-organise a reference event, the <a href=\"https:\/\/www.linkedin.com\/company\/franchise-franco-suisse\" target=\"_blank\" rel=\"noopener\">e-Rencontres franco-suisses de la Franchise<\/a>. This digital event, sponsored by Swiss Distribution and the French Franchise Federation, brings together brands wishing to develop in Switzerland and franchise candidates.<\/p>\n<h2>\n\t\tA propos de l&#8217;\u00e9quipe de Francheezer\n\t<\/h2>\n\t\t<nav>\n\t\t\t<ul>\n\t\t\t\t\t\t\t\t<li data-index=\"0\" tabindex=\"0\">\n\t\t\t\t\t\n\t\t\t\t\t\t<a href=\"javascript:void(0);\" tabindex=\"-1\">Laure Limousin\n\t\t\t\t\t\t\t\t\t\t\t\t<\/a>\n\t\t\t\t\t\n\t\t\t\t<\/li>\n\t\t\t\t\t\t\t\t<li data-index=\"1\" tabindex=\"0\">\n\t\t\t\t\t\n\t\t\t\t\t\t<a href=\"javascript:void(0);\" tabindex=\"-1\">Estelle Limousin\n\t\t\t\t\t\t\t\t\t\t\t\t<\/a>\n\t\t\t\t\t\n\t\t\t\t<\/li>\n\t\t\t\t\t\t\t<\/ul>\n\t\t<\/nav>\n\t\t\t\t\t\n\t\t\t\t\t\t\t\t\t\t\t\tLaure Limousin\n\t\t\t\t\t\t\t\t\t\t\t\n\t\t\t\t\t<div class=\"fl-builder-content fl-builder-content-1427 fl-builder-template fl-builder-row-template fl-builder-global-templates-locked\" data-post-id=\"1427\"><div class=\"fl-row fl-row-fixed-width fl-row-bg-none fl-node-09yhapkengf8 fl-row-default-height fl-row-align-center\" data-node=\"09yhapkengf8\">\n\t<div class=\"fl-row-content-wrap\">\n\t\t\t\t\t\t\t\t<div class=\"fl-row-content fl-row-fixed-width fl-node-content\">\n\t\t\n<div class=\"fl-col-group fl-node-16t2n0m8kyac\" data-node=\"16t2n0m8kyac\">\n\t\t\t<div class=\"fl-col fl-node-mv8w3rn5zb14 fl-col-bg-color fl-col-has-cols\" data-node=\"mv8w3rn5zb14\">\n\t<div class=\"fl-col-content fl-node-content\">\n<div class=\"fl-col-group fl-node-7q0tkw86namp fl-col-group-nested\" data-node=\"7q0tkw86namp\">\n\t\t\t<div class=\"fl-col fl-node-eu47msh2onb1 fl-col-bg-color fl-col-small\" data-node=\"eu47msh2onb1\">\n\t<div class=\"fl-col-content fl-node-content\"><\/div>\n<\/div>\n\t\t\t<div class=\"fl-col fl-node-e947p0ci6bg2 fl-col-bg-color fl-col-small\" data-node=\"e947p0ci6bg2\">\n\t<div class=\"fl-col-content fl-node-content\"><div class=\"fl-module fl-module-team fl-node-6ia5cuvt0j9q\" data-node=\"6ia5cuvt0j9q\">\n\t<div class=\"fl-module-content fl-node-content\">\n\t\t\n<div class=\"uabb-module-content uabb-team-wrap\">\n\t<div class=\"uabb-team-member-wrap\">\n\t\t<div class=\"uabb-team-image\">\n\t\t<div class=\"uabb-module-content uabb-imgicon-wrap\">\t\t\n\t\t\t\t\t<div class=\"uabb-image\t\t uabb-image-crop-simple\" itemscope itemtype=\"https:\/\/schema.org\/ImageObject\">\n\t\t\t<div class=\"uabb-image-content\">\n\t\t\t\t<img loading=\"lazy\" decoding=\"async\" width=\"500\" height=\"500\" class=\"uabb-photo-img wp-image-1539 size-full\" src=\"https:\/\/francheezer.com\/wp-content\/uploads\/2023\/03\/Laure-limousin-500-500.jpg\" alt=\"Laure Limousin \u25aa Experte Franchise\" title=\"Laure-limousin-500-500\" itemprop=\"image\" srcset=\"https:\/\/francheezer.com\/wp-content\/uploads\/2023\/03\/Laure-limousin-500-500.jpg 500w, https:\/\/francheezer.com\/wp-content\/uploads\/2023\/03\/Laure-limousin-500-500-300x300.jpg 300w, https:\/\/francheezer.com\/wp-content\/uploads\/2023\/03\/Laure-limousin-500-500-150x150.jpg 150w, https:\/\/francheezer.com\/wp-content\/uploads\/2023\/03\/Laure-limousin-500-500-12x12.jpg 12w\" sizes=\"auto, (max-width: 500px) 100vw, 500px\" \/>\n\t\t\t<\/div>\n\t\t<\/div>\n\n\t\t<\/div><\/a>\t\t<\/div> \n\t\t\t\t<div class=\"uabb-team-content\">\n\t\t<div class=\"uabb-team-name\" ><h3 class=\"uabb-team-name-text\">Laure Limousin<\/h3><\/div><div class=\"uabb-team-desgn\"><span class=\"uabb-team-desgn-text\">franchise expert &amp; co-founder<\/span><\/div><div class=\"uabb-team-desc\"><span class=\"uabb-team-desc-text\">Sp\u00e9cialiste de la Franchise et du recrutement, Laure limousin a exploit\u00e9 toutes les facettes du m\u00e9tier de direction des op\u00e9rations & r\u00e9seau dans l\u2019univers du F&B mais aussi de l\u2019esth\u00e9tique et de la beaut\u00e9.<\/span><\/div>\t\t\t\t\t\t\t<div class=\"uabb-team-social\">\n\t\t\t\t<a class=\"uabb-team-icon-link uabb-team-icon-1\" href=\"https:\/\/www.linkedin.com\/company\/francheezer\/\" target=\"_blank\" rel=\"noopener\"><div class=\"uabb-module-content uabb-imgicon-wrap\">\t\t\t\t<span class=\"uabb-icon-wrap\">\n\t\t\t<span class=\"uabb-icon\">\n\t\t\t\t<i class=\"ua-icon ua-icon-linkedin-with-circle\"><\/i>\n\t\t\t<\/span>\n\t\t<\/span>\n\t\n\t\t<\/div><\/a>\t\t\t\t<\/div> \n\t\t\t\t\t<\/div>\n\t<\/div>\n<\/div>\n\t<\/div>\n<\/div>\n<\/div>\n<\/div>\n\t\t\t<div class=\"fl-col fl-node-txgmfs935ldh fl-col-bg-color fl-col-small\" data-node=\"txgmfs935ldh\">\n\t<div class=\"fl-col-content fl-node-content\"><\/div>\n<\/div>\n\t<\/div>\n\n<div class=\"fl-col-group fl-node-1dov3syilqb9 fl-col-group-nested\" data-node=\"1dov3syilqb9\">\n\t\t\t<div class=\"fl-col fl-node-g2zuba4xtvnf fl-col-bg-color\" data-node=\"g2zuba4xtvnf\">\n\t<div class=\"fl-col-content fl-node-content\"><div class=\"fl-module fl-module-heading fl-node-zgbux92lsjv1\" data-node=\"zgbux92lsjv1\">\n\t<div class=\"fl-module-content fl-node-content\">\n\t\t<h3 class=\"fl-heading\">\n\t\t<span class=\"fl-heading-text\">My background<\/span>\n\t<\/h3>\n\t<\/div>\n<\/div>\n<div class=\"fl-module fl-module-rich-text fl-node-4569kesadujr\" data-node=\"4569kesadujr\">\n\t<div class=\"fl-module-content fl-node-content\">\n\t\t<div class=\"fl-rich-text\">\n\t<p>\u25aa Over 25 years of experience in sales, management and the franchise industry<\/p>\n<p>\u25aa Expertise in managing international franchised businesses<\/p>\n<p>\u25aa Experience in the F&amp;B industry, the aesthetics and beauty industry and the mobile phone sector<\/p>\n<p>\u25aa Co-organiser of the digital event \"les E-rencontres franco-suisses de la Franchise<\/p>\n<p>\u25aa Speaker for the Swiss Franchise Federation (swiss distribution)<\/p>\n<\/div>\n\t<\/div>\n<\/div>\n<\/div>\n<\/div>\n\t<\/div>\n<div class=\"fl-module fl-module-heading fl-node-xf5z8tewdlqv\" data-node=\"xf5z8tewdlqv\">\n\t<div class=\"fl-module-content fl-node-content\">\n\t\t<h3 class=\"fl-heading\">\n\t\t<span class=\"fl-heading-text\">Expertise &amp; Services<\/span>\n\t<\/h3>\n\t<\/div>\n<\/div>\n<div class=\"fl-module fl-module-rich-text fl-node-4yrmlafx2pj7\" data-node=\"4yrmlafx2pj7\">\n\t<div class=\"fl-module-content fl-node-content\">\n\t\t<div class=\"fl-rich-text\">\n\t<p>\u25aa Used to managing large management teams for profit centres<\/p>\n<p>\u25aa Sales and business development<\/p>\n<p>\u25aa Coaching and management consulting for franchisees<\/p>\n<p>\u25aa Franchise development strategies<\/p>\n<p>\u25aa Adaptation of the franchise concept to the local Swiss background<\/p>\n<p>\u25aa Recruitment of franchisees and master franchisees<\/p>\n<p>\u25aa Connecting franchisors with local partners and a full range of local franchising professional services<\/p>\n<\/div>\n\t<\/div>\n<\/div>\n<\/div>\n<\/div>\n\t<\/div>\n\t\t<\/div>\n\t<\/div>\n<\/div>\n<\/div><div class=\"uabb-js-breakpoint\" style=\"display: none;\"><\/div>\t\t\t\t\n\t\t\t\t\t\n\t\t\t\t\t\t\t\t\t\t\t\tEstelle Limousin\n\t\t\t\t\t\t\t\t\t\t\t\n\t\t\t\t\t<div class=\"fl-builder-content fl-builder-content-1428 fl-builder-template fl-builder-row-template fl-builder-global-templates-locked\" data-post-id=\"1428\"><div class=\"fl-row fl-row-fixed-width fl-row-bg-none fl-node-doq39h5n8ue7 fl-row-default-height fl-row-align-center\" data-node=\"doq39h5n8ue7\">\n\t<div class=\"fl-row-content-wrap\">\n\t\t\t\t\t\t\t\t<div class=\"fl-row-content fl-row-fixed-width fl-node-content\">\n\t\t\n<div class=\"fl-col-group fl-node-kumilb70jw19\" data-node=\"kumilb70jw19\">\n\t\t\t<div class=\"fl-col fl-node-swcru4dznagk fl-col-bg-color fl-col-has-cols\" data-node=\"swcru4dznagk\">\n\t<div class=\"fl-col-content fl-node-content\">\n<div class=\"fl-col-group fl-node-h0jp6kar9beo fl-col-group-nested\" data-node=\"h0jp6kar9beo\">\n\t\t\t<div class=\"fl-col fl-node-w53ix41dbnj8 fl-col-bg-color fl-col-small\" data-node=\"w53ix41dbnj8\">\n\t<div class=\"fl-col-content fl-node-content\"><\/div>\n<\/div>\n\t\t\t<div class=\"fl-col fl-node-pu8la35xjv1o fl-col-bg-color fl-col-small\" data-node=\"pu8la35xjv1o\">\n\t<div class=\"fl-col-content fl-node-content\"><div class=\"fl-module fl-module-team fl-node-tgzv7ahdnrp1\" data-node=\"tgzv7ahdnrp1\">\n\t<div class=\"fl-module-content fl-node-content\">\n\t\t\n<div class=\"uabb-module-content uabb-team-wrap\">\n\t<div class=\"uabb-team-member-wrap\">\n\t\t<div class=\"uabb-team-image\">\n\t\t<div class=\"uabb-module-content uabb-imgicon-wrap\">\t\t\n\t\t\t\t\t<div class=\"uabb-image\t\t uabb-image-crop-simple\" itemscope itemtype=\"https:\/\/schema.org\/ImageObject\">\n\t\t\t<div class=\"uabb-image-content\">\n\t\t\t\t<img loading=\"lazy\" decoding=\"async\" width=\"500\" height=\"500\" class=\"uabb-photo-img wp-image-1540 size-full\" src=\"https:\/\/francheezer.com\/wp-content\/uploads\/2023\/03\/estelle-limousin-500-500.jpg\" alt=\"Estelle Limousin \u25aa Franchise Expert\" title=\"estelle-limousin-500-500\" itemprop=\"image\" srcset=\"https:\/\/francheezer.com\/wp-content\/uploads\/2023\/03\/estelle-limousin-500-500.jpg 500w, https:\/\/francheezer.com\/wp-content\/uploads\/2023\/03\/estelle-limousin-500-500-300x300.jpg 300w, https:\/\/francheezer.com\/wp-content\/uploads\/2023\/03\/estelle-limousin-500-500-150x150.jpg 150w, https:\/\/francheezer.com\/wp-content\/uploads\/2023\/03\/estelle-limousin-500-500-12x12.jpg 12w\" sizes=\"auto, (max-width: 500px) 100vw, 500px\" \/>\n\t\t\t<\/div>\n\t\t<\/div>\n\n\t\t<\/div><\/a>\t\t<\/div> \n\t\t\t\t<div class=\"uabb-team-content\">\n\t\t<div class=\"uabb-team-name\" ><h3 class=\"uabb-team-name-text\">Estelle Limousin<\/h3><\/div><div class=\"uabb-team-desgn\"><span class=\"uabb-team-desgn-text\">franchise expert &amp; co-founder<\/span><\/div><div class=\"uabb-team-desc\"><span class=\"uabb-team-desc-text\">Sp\u00e9cialiste Franchise dans l'univers de la restauration, elle a occup\u00e9 de nombreux postes en exploitation. Elle a  \u00e9galement dirig\u00e9 l'animation d'un r\u00e9seau de 22 unit\u00e9s pour le groupe \"Paradis du Fruit\".<\/span><\/div>\t\t\t\t\t\t\t<div class=\"uabb-team-social\">\n\t\t\t\t<a class=\"uabb-team-icon-link uabb-team-icon-1\" href=\"https:\/\/www.linkedin.com\/company\/francheezer\/\" target=\"_blank\" rel=\"noopener\"><div class=\"uabb-module-content uabb-imgicon-wrap\">\t\t\t\t<span class=\"uabb-icon-wrap\">\n\t\t\t<span class=\"uabb-icon\">\n\t\t\t\t<i class=\"ua-icon ua-icon-linkedin-with-circle\"><\/i>\n\t\t\t<\/span>\n\t\t<\/span>\n\t\n\t\t<\/div><\/a>\t\t\t\t<\/div> \n\t\t\t\t\t<\/div>\n\t<\/div>\n<\/div>\n\t<\/div>\n<\/div>\n<\/div>\n<\/div>\n\t\t\t<div class=\"fl-col fl-node-ovnel4i6whrc fl-col-bg-color fl-col-small\" data-node=\"ovnel4i6whrc\">\n\t<div class=\"fl-col-content fl-node-content\"><\/div>\n<\/div>\n\t<\/div>\n\n<div class=\"fl-col-group fl-node-sycxbl06kqum fl-col-group-nested\" data-node=\"sycxbl06kqum\">\n\t\t\t<div class=\"fl-col fl-node-ly739xi5rwvh fl-col-bg-color\" data-node=\"ly739xi5rwvh\">\n\t<div class=\"fl-col-content fl-node-content\"><div class=\"fl-module fl-module-heading fl-node-vhtgdalbjcun\" data-node=\"vhtgdalbjcun\">\n\t<div class=\"fl-module-content fl-node-content\">\n\t\t<h3 class=\"fl-heading\">\n\t\t<span class=\"fl-heading-text\">My background<\/span>\n\t<\/h3>\n\t<\/div>\n<\/div>\n<div class=\"fl-module fl-module-rich-text fl-node-6k0shplcyz81\" data-node=\"6k0shplcyz81\">\n\t<div class=\"fl-module-content fl-node-content\">\n\t\t<div class=\"fl-rich-text\">\n\t<p><span aria-hidden=\"true\">\u25aa<\/span> Over 20 years of experience in the F&amp;B industry<\/p>\n<p><span aria-hidden=\"true\">\u25aa<\/span> Operation and management of a network of franchised restaurants (in an international group)<\/p>\n<p><span aria-hidden=\"true\">\u25aa<\/span> Expertise in managing multi-concept franchise networks<\/p>\n<\/div>\n\t<\/div>\n<\/div>\n<\/div>\n<\/div>\n\t<\/div>\n<div class=\"fl-module fl-module-heading fl-node-o32pnc0lj584\" data-node=\"o32pnc0lj584\">\n\t<div class=\"fl-module-content fl-node-content\">\n\t\t<h3 class=\"fl-heading\">\n\t\t<span class=\"fl-heading-text\">Expertise &amp; Services<\/span>\n\t<\/h3>\n\t<\/div>\n<\/div>\n<div class=\"fl-module fl-module-rich-text fl-node-2wascjnytd4k\" data-node=\"2wascjnytd4k\">\n\t<div class=\"fl-module-content fl-node-content\">\n\t\t<div class=\"fl-rich-text\">\n\t<p><span aria-hidden=\"true\">\u25aa<\/span> Recruitment of franchisees and master-franchisees<\/p>\n<p><span aria-hidden=\"true\">\u25aa<\/span> HR Recruitment<\/p>\n<p><span aria-hidden=\"true\">\u25aa<\/span> Management of operations and franchise networks<\/p>\n<p><span aria-hidden=\"true\">\u25aa<\/span> Support for the opening of sales outlets with the development departments<\/p>\n<\/div>\n\t<\/div>\n<\/div>\n<\/div>\n<\/div>\n\t<\/div>\n\t\t<\/div>\n\t<\/div>\n<\/div>\n<\/div><div class=\"uabb-js-breakpoint\" style=\"display: none;\"><\/div>\t\t\t\t\n\t\t\t\t\t<!-- \/content -->\n\t<!-- \/tabs -->","protected":false},"excerpt":{"rendered":"<p>Vous accompagner dans le d\u00e9veloppement de votre Franchise en Suisse Nous sommes \u00e0 vos c\u00f4t\u00e9s pour faire cro\u00eetre votre business en Suisse et \u00e0 l&#8217;international L&#8217;\u00e9quipe de Francheezer est sp\u00e9cialis\u00e9e dans le conseil aux franchiseurs en Suisse et dans la recherche de candidats franchis\u00e9s. Nous vous offrons une expertise approfondie en mati\u00e8re de franchise et [&hellip;]<\/p>","protected":false},"author":1,"featured_media":0,"parent":0,"menu_order":0,"comment_status":"closed","ping_status":"closed","template":"","meta":{"site-sidebar-layout":"no-sidebar","site-content-layout":"page-builder","ast-site-content-layout":"default","site-content-style":"default","site-sidebar-style":"default","ast-global-header-display":"","ast-banner-title-visibility":"","ast-main-header-display":"","ast-hfb-above-header-display":"","ast-hfb-below-header-display":"","ast-hfb-mobile-header-display":"","site-post-title":"disabled","ast-breadcrumbs-content":"","ast-featured-img":"disabled","footer-sml-layout":"","ast-disable-related-posts":"","theme-transparent-header-meta":"enabled","adv-header-id-meta":"","stick-header-meta":"","header-above-stick-meta":"","header-main-stick-meta":"","header-below-stick-meta":"","astra-migrate-meta-layouts":"default","ast-page-background-enabled":"default","ast-page-background-meta":{"desktop":{"background-color":"","background-image":"","background-repeat":"repeat","background-position":"center center","background-size":"auto","background-attachment":"scroll","background-type":"","background-media":"","overlay-type":"","overlay-color":"","overlay-opacity":"","overlay-gradient":""},"tablet":{"background-color":"","background-image":"","background-repeat":"repeat","background-position":"center center","background-size":"auto","background-attachment":"scroll","background-type":"","background-media":"","overlay-type":"","overlay-color":"","overlay-opacity":"","overlay-gradient":""},"mobile":{"background-color":"","background-image":"","background-repeat":"repeat","background-position":"center center","background-size":"auto","background-attachment":"scroll","background-type":"","background-media":"","overlay-type":"","overlay-color":"","overlay-opacity":"","overlay-gradient":""}},"ast-content-background-meta":{"desktop":{"background-color":"var(--ast-global-color-5)","background-image":"","background-repeat":"repeat","background-position":"center center","background-size":"auto","background-attachment":"scroll","background-type":"","background-media":"","overlay-type":"","overlay-color":"","overlay-opacity":"","overlay-gradient":""},"tablet":{"background-color":"var(--ast-global-color-5)","background-image":"","background-repeat":"repeat","background-position":"center center","background-size":"auto","background-attachment":"scroll","background-type":"","background-media":"","overlay-type":"","overlay-color":"","overlay-opacity":"","overlay-gradient":""},"mobile":{"background-color":"var(--ast-global-color-5)","background-image":"","background-repeat":"repeat","background-position":"center center","background-size":"auto","background-attachment":"scroll","background-type":"","background-media":"","overlay-type":"","overlay-color":"","overlay-opacity":"","overlay-gradient":""}},"footnotes":""},"class_list":["post-296","page","type-page","status-publish","hentry"],"yoast_head":"<!-- This site is optimized with the Yoast SEO plugin v24.9 - https:\/\/yoast.com\/wordpress\/plugins\/seo\/ -->\n<title>A propos - Francheezer<\/title>\n<meta name=\"robots\" content=\"index, follow, max-snippet:-1, max-image-preview:large, max-video-preview:-1\" \/>\n<link rel=\"canonical\" href=\"https:\/\/francheezer.com\/en\/a-propos\/\" \/>\n<meta property=\"og:locale\" content=\"en_GB\" \/>\n<meta property=\"og:type\" content=\"article\" \/>\n<meta property=\"og:title\" content=\"A propos - Francheezer\" \/>\n<meta property=\"og:description\" content=\"Vous accompagner dans le d\u00e9veloppement de votre Franchise en Suisse Nous sommes \u00e0 vos c\u00f4t\u00e9s pour faire cro\u00eetre votre business en Suisse et \u00e0 l&#8217;international L&#8217;\u00e9quipe de Francheezer est sp\u00e9cialis\u00e9e dans le conseil aux franchiseurs en Suisse et dans la recherche de candidats franchis\u00e9s. Nous vous offrons une expertise approfondie en mati\u00e8re de franchise et [&hellip;]\" \/>\n<meta property=\"og:url\" content=\"https:\/\/francheezer.com\/en\/a-propos\/\" \/>\n<meta property=\"og:site_name\" content=\"Francheezer\" \/>\n<meta property=\"article:modified_time\" content=\"2025-01-30T12:20:45+00:00\" \/>\n<meta name=\"twitter:card\" content=\"summary_large_image\" \/>\n<meta name=\"twitter:label1\" content=\"Estimated reading time\" \/>\n\t<meta name=\"twitter:data1\" content=\"2 minutes\" \/>\n<script type=\"application\/ld+json\" class=\"yoast-schema-graph\">{\"@context\":\"https:\/\/schema.org\",\"@graph\":[{\"@type\":\"WebPage\",\"@id\":\"https:\/\/francheezer.com\/a-propos\/\",\"url\":\"https:\/\/francheezer.com\/a-propos\/\",\"name\":\"A propos - Francheezer\",\"isPartOf\":{\"@id\":\"https:\/\/francheezer.com\/#website\"},\"datePublished\":\"2019-02-25T11:37:08+00:00\",\"dateModified\":\"2025-01-30T12:20:45+00:00\",\"breadcrumb\":{\"@id\":\"https:\/\/francheezer.com\/a-propos\/#breadcrumb\"},\"inLanguage\":\"en-GB\",\"potentialAction\":[{\"@type\":\"ReadAction\",\"target\":[\"https:\/\/francheezer.com\/a-propos\/\"]}]},{\"@type\":\"BreadcrumbList\",\"@id\":\"https:\/\/francheezer.com\/a-propos\/#breadcrumb\",\"itemListElement\":[{\"@type\":\"ListItem\",\"position\":1,\"name\":\"Accueil\",\"item\":\"https:\/\/francheezer.com\/\"},{\"@type\":\"ListItem\",\"position\":2,\"name\":\"A propos\"}]},{\"@type\":\"WebSite\",\"@id\":\"https:\/\/francheezer.com\/#website\",\"url\":\"https:\/\/francheezer.com\/\",\"name\":\"Francheezer\",\"description\":\"\",\"publisher\":{\"@id\":\"https:\/\/francheezer.com\/#organization\"},\"potentialAction\":[{\"@type\":\"SearchAction\",\"target\":{\"@type\":\"EntryPoint\",\"urlTemplate\":\"https:\/\/francheezer.com\/?s={search_term_string}\"},\"query-input\":{\"@type\":\"PropertyValueSpecification\",\"valueRequired\":true,\"valueName\":\"search_term_string\"}}],\"inLanguage\":\"en-GB\"},{\"@type\":\"Organization\",\"@id\":\"https:\/\/francheezer.com\/#organization\",\"name\":\"Francheezer\",\"url\":\"https:\/\/francheezer.com\/\",\"logo\":{\"@type\":\"ImageObject\",\"inLanguage\":\"en-GB\",\"@id\":\"https:\/\/francheezer.com\/#\/schema\/logo\/image\/\",\"url\":\"https:\/\/francheezer.com\/wp-content\/uploads\/2023\/03\/cropped-Francheezer-RVB-sans-Suisse-500-148.png\",\"contentUrl\":\"https:\/\/francheezer.com\/wp-content\/uploads\/2023\/03\/cropped-Francheezer-RVB-sans-Suisse-500-148.png\",\"width\":500,\"height\":148,\"caption\":\"Francheezer\"},\"image\":{\"@id\":\"https:\/\/francheezer.com\/#\/schema\/logo\/image\/\"}}]}<\/script>\n<!-- \/ Yoast SEO plugin. -->","yoast_head_json":{"title":"A propos - Francheezer","robots":{"index":"index","follow":"follow","max-snippet":"max-snippet:-1","max-image-preview":"max-image-preview:large","max-video-preview":"max-video-preview:-1"},"canonical":"https:\/\/francheezer.com\/en\/a-propos\/","og_locale":"en_GB","og_type":"article","og_title":"A propos - Francheezer","og_description":"Vous accompagner dans le d\u00e9veloppement de votre Franchise en Suisse Nous sommes \u00e0 vos c\u00f4t\u00e9s pour faire cro\u00eetre votre business en Suisse et \u00e0 l&#8217;international L&#8217;\u00e9quipe de Francheezer est sp\u00e9cialis\u00e9e dans le conseil aux franchiseurs en Suisse et dans la recherche de candidats franchis\u00e9s. Nous vous offrons une expertise approfondie en mati\u00e8re de franchise et [&hellip;]","og_url":"https:\/\/francheezer.com\/en\/a-propos\/","og_site_name":"Francheezer","article_modified_time":"2025-01-30T12:20:45+00:00","twitter_card":"summary_large_image","twitter_misc":{"Estimated reading time":"2 minutes"},"schema":{"@context":"https:\/\/schema.org","@graph":[{"@type":"WebPage","@id":"https:\/\/francheezer.com\/a-propos\/","url":"https:\/\/francheezer.com\/a-propos\/","name":"A propos - Francheezer","isPartOf":{"@id":"https:\/\/francheezer.com\/#website"},"datePublished":"2019-02-25T11:37:08+00:00","dateModified":"2025-01-30T12:20:45+00:00","breadcrumb":{"@id":"https:\/\/francheezer.com\/a-propos\/#breadcrumb"},"inLanguage":"en-GB","potentialAction":[{"@type":"ReadAction","target":["https:\/\/francheezer.com\/a-propos\/"]}]},{"@type":"BreadcrumbList","@id":"https:\/\/francheezer.com\/a-propos\/#breadcrumb","itemListElement":[{"@type":"ListItem","position":1,"name":"Accueil","item":"https:\/\/francheezer.com\/"},{"@type":"ListItem","position":2,"name":"A propos"}]},{"@type":"WebSite","@id":"https:\/\/francheezer.com\/#website","url":"https:\/\/francheezer.com\/","name":"Francheezer","description":"","publisher":{"@id":"https:\/\/francheezer.com\/#organization"},"potentialAction":[{"@type":"SearchAction","target":{"@type":"EntryPoint","urlTemplate":"https:\/\/francheezer.com\/?s={search_term_string}"},"query-input":{"@type":"PropertyValueSpecification","valueRequired":true,"valueName":"search_term_string"}}],"inLanguage":"en-GB"},{"@type":"Organization","@id":"https:\/\/francheezer.com\/#organization","name":"Francheezer","url":"https:\/\/francheezer.com\/","logo":{"@type":"ImageObject","inLanguage":"en-GB","@id":"https:\/\/francheezer.com\/#\/schema\/logo\/image\/","url":"https:\/\/francheezer.com\/wp-content\/uploads\/2023\/03\/cropped-Francheezer-RVB-sans-Suisse-500-148.png","contentUrl":"https:\/\/francheezer.com\/wp-content\/uploads\/2023\/03\/cropped-Francheezer-RVB-sans-Suisse-500-148.png","width":500,"height":148,"caption":"Francheezer"},"image":{"@id":"https:\/\/francheezer.com\/#\/schema\/logo\/image\/"}}]}},"_links":{"self":[{"href":"https:\/\/francheezer.com\/en\/wp-json\/wp\/v2\/pages\/296","targetHints":{"allow":["GET"]}}],"collection":[{"href":"https:\/\/francheezer.com\/en\/wp-json\/wp\/v2\/pages"}],"about":[{"href":"https:\/\/francheezer.com\/en\/wp-json\/wp\/v2\/types\/page"}],"author":[{"embeddable":true,"href":"https:\/\/francheezer.com\/en\/wp-json\/wp\/v2\/users\/1"}],"replies":[{"embeddable":true,"href":"https:\/\/francheezer.com\/en\/wp-json\/wp\/v2\/comments?post=296"}],"version-history":[{"count":57,"href":"https:\/\/francheezer.com\/en\/wp-json\/wp\/v2\/pages\/296\/revisions"}],"predecessor-version":[{"id":1761,"href":"https:\/\/francheezer.com\/en\/wp-json\/wp\/v2\/pages\/296\/revisions\/1761"}],"wp:attachment":[{"href":"https:\/\/francheezer.com\/en\/wp-json\/wp\/v2\/media?parent=296"}],"curies":[{"name":"wp","href":"https:\/\/api.w.org\/{rel}","templated":true}]}}