{"id":627,"date":"2021-01-07T16:56:25","date_gmt":"2021-01-07T15:56:25","guid":{"rendered":"https:\/\/francheezer.com\/?page_id=627"},"modified":"2025-04-04T07:18:59","modified_gmt":"2025-04-04T05:18:59","slug":"espace-franchiseur","status":"publish","type":"page","link":"https:\/\/francheezer.com\/en\/espace-franchiseur\/","title":{"rendered":"Franchiser's area"},"content":{"rendered":"<h1>\n\t\t\t\tOur services to franchisers\n\t\t\t<\/h1>\n\t\t\t<p>Nous conseillons les franchiseurs et enseignes pour leur implantation et leur d\u00e9veloppement en Franchise en Suisse et \u00e0 l&#8217;International<\/p>\t\n\t\t\t<a href=\"#formulaire-contact\" target=\"_self\">\n\t\t\t\t\t\t\tContact us\n\t\t\t\t\t<\/a>\n\t\t\t<a href=\"#services\" target=\"_self\">\n\t\t\t\t\t\t\tSee the different services\n\t\t\t\t\t<\/a>\n\t\t\t<p>BE DECISIVE IN SWITZERLAND<\/p><h2>Profitez d&#8217;une forte expertise suisse<\/h2>\t\t\t\n\t\t\t\t<p>Given the investments involved, you need strong local expertise.<\/p>\n<p>Avec Francheezer vous avez l&#8217;assurance de parfaitement comprendre les enjeux qui vous attendent dans le cadre d&#8217;un d\u00e9veloppement en Franchise en Suisse ou \u00e0 l&#8217;international.<\/p>\n<p>Let us develop your brand in Switzerland.<\/p>\n\t<iframe src=\"https:\/\/player.vimeo.com\/video\/758215218?h=9b5ff8ab0b&amp;badge=0&amp;autopause=0&amp;player_id=0&amp;app_id=58479\" frameborder=\"0\" allow=\"autoplay; fullscreen; picture-in-picture\" allowfullscreen title=\"Pr&amp;eacute;sentation Francheezer\"><\/iframe>\n\t\t\t\t<img decoding=\"async\" src=\"https:\/\/francheezer.com\/wp-content\/uploads\/2022\/10\/illustration-choix-francheezer.png\" alt=\"illustration-choix-francheezer\" title=\"illustration-choix-francheezer\" itemprop=\"image\"  \/>\n\t\t\t<p>DECISION SUPPORT<\/p><h2>Make the right choices<\/h2>\t\t\t\n\t\t\t\t<p>Emplacement, business plan, juridiques, montage financier, cr\u00e9ation d&#8217;entreprise : l&#8217;\u00e9quipe de Francheezer vous accompagne \u00e0 chaque \u00e9tape de votre projet, tant dans l&#8217;implantation que dans votre d\u00e9veloppement, en Suisse ou \u00e0 l&#8217;\u00e9tranger.<\/p>\n<p>The choice of local partners is decisive for your success.<\/p>\n\t\t\t<p>GAIN DE TEMPS &#038; CROISSANCE<\/p><h2>Develop faster<\/h2>\t\t\t\n\t\t\t\t<p>To get a business off the ground quickly, you need several ingredients.<br \/>En vous accompagnant dans le recrutement de franchis\u00e9s ou Master franchis\u00e9s et en vous mettant en relation avec l&#8217;\u00e9cosyst\u00e8me Franchise local, les experts de Francheezer vous aideront \u00e0 vous d\u00e9velopper plus rapidement.<\/p>\n\t\t\t\t<img decoding=\"async\" src=\"https:\/\/francheezer.com\/wp-content\/uploads\/2022\/10\/croissance-francheezer.png\" alt=\"croissance-francheezer\" title=\"croissance-francheezer\" itemprop=\"image\"  \/>\n\t\t\t\t<img decoding=\"async\" src=\"https:\/\/francheezer.com\/wp-content\/uploads\/2022\/10\/logo-franchise-world-link.png\" alt=\"Franchise World Link logo\" title=\"Franchise World Link logo\" itemprop=\"image\"  \/>\n\t\t\t<p>INTERNATIONAL<\/p><h2>D\u00e9ployez vous \u00e0 l&#8217;international avec s\u00e9r\u00e9nit\u00e9<\/h2>\t\t\t\n\t\t\t\t<p>En tant qu&#8217;enseigne suisse souhaitant vous d\u00e9velopper \u00e0 l&#8217;international, vous pourrez vous appuyer sur un r\u00e9seau d&#8217;experts dans chacun des pays qui vous int\u00e9resse et ainsi vous d\u00e9velopper dans les meilleures conditions.<br \/>Francheezer fait partie du r\u00e9seau d&#8217;experts international <strong>Franchise World Link<\/strong>.<\/p>\n\t\t<h2>Talk to our experts<\/h2>\n\t\t\t\t<p>Don't waste any more time to implement your franchise project in Switzerland and take the first step towards the realization of your project<\/p>\n\t\t\t<a href=\"#formulaire-contact\" title=\"Cliquez ici\" target=\"_self\"   role=\"button\" aria-label=\"Contact our team\">\n\t\t\t\t\t\t\tContact our team\n\t\t<\/a>\n<h2>\n\t\tFrancheezer supports you in 6 steps\n\t<\/h2>\n\t<p>Whether at the start of your project or to accelerate your development, our teams are at your side for the success of your franchise project<\/p>\n\t\t\t\t\t\t\t\t\t\t\t\t\t\t\t\t\t\t\t<p>STEP 1<\/p>\n\t\t\t\t\t\t\t\t\t\t\t\t\t\t\t\t\t\t\t\t\t\t\t<h3>Diagnosis<\/h3> \t\t\t\t\t\t\t\t\t\t\t\n\t\t\t\t\t\t\t\t\t\t\t\t\t\t\t\t\t\t\t\t\t\t\t\t\t\t\t\t\t\t\t\t\t\t\t\t\t\t\t\t\t\t\t\t\t\t\t\t\t\t\t\t\t\t\t\t<p>plan d&#8217;action \u25aa<br \/>calculation of the provisional budget \u25aa<br \/>feasibility study \u25aa<\/p> \t\t\t\t\t\t\t\t\t\t\t\t\t\t\t\t\t\t\t\t\t\t\t\t\t\t\t\t\t\n\t\t\t\t\t\t\t\tSTEP 1\n\t\t\t\t\t\t\t\t\t\t\t\t\t\t\t\t\t\t\t<p>STEP 2<\/p>\n\t\t\t\t\t\t\t\t\t\t\t\t\t\t\t\t\t\t\t\t\t\t\t<h3>Modelling<\/h3> \t\t\t\t\t\t\t\t\t\t\t\n\t\t\t\t\t\t\t\t\t\t\t\t\t\t\t\t\t\t\t\t\t\t\t\t\t\t\t\t\t\t\t\t\t\t\t\t\t\t\t\t\t\t\t\t\t\t\t\t\t\t\t\t\t\t\t\t\u25aa business model<br \/>\n\u25aa organisation of the network head<br \/>\n\u25aa \u00e9tude de faisabilit\u00e9\n\t\t\t\t\t\t\t\tETAPE 2\n\t\t\t\t\t\t\t\t\t\t\t\t\t\t\t\t\t\t\t<p>STEP 3<\/p>\n\t\t\t\t\t\t\t\t\t\t\t\t\t\t\t\t\t\t\t\t\t\t\t<h3>Legal<\/h3> \t\t\t\t\t\t\t\t\t\t\t\n\t\t\t\t\t\t\t\t\t\t\t\t\t\t\t\t\t\t\t\t\t\t\t\t\t\t\t\t\t\t\t\t\t\t\t\t\t\t\t\t\t\t\t\t\t\t\t\t\t\t\t\t\t\t\t\t<p>DIP \u25aa<br \/>Franchise contract \u25aa<\/p> \t\t\t\t\t\t\t\t\t\t\t\t\t\t\t\t\t\t\t\t\t\t\t\t\t\t\t\t\t\n\t\t\t\t\t\t\t\tSTEP 3\n\t\t\t\t\t\t\t\t\t\t\t\t\t\t\t\t\t\t\t<p>STEP 4<\/p>\n\t\t\t\t\t\t\t\t\t\t\t\t\t\t\t\t\t\t\t\t\t\t\t<h3>Operating manual<\/h3> \t\t\t\t\t\t\t\t\t\t\t\n\t\t\t\t\t\t\t\t\t\t\t\t\t\t\t\t\t\t\t\t\t\t\t\t\t\t\t\t\t\t\t\t\t\t\t\t\t\t\t\t\t\t\t\t\t\t\t\t\t\t\t\t\t\t\t\t<p>\u25aa document design<br \/>\u25aa advice on design if done in-house<\/p> \t\t\t\t\t\t\t\t\t\t\t\t\t\t\t\t\t\t\t\t\t\t\t\t\t\t\t\t\t\n\t\t\t\t\t\t\t\tSTEP 4\n\t\t\t\t\t\t\t\t\t\t\t\t\t\t\t\t\t\t\t<p>STEP 5<\/p>\n\t\t\t\t\t\t\t\t\t\t\t\t\t\t\t\t\t\t\t\t\t\t\t<h3>Development<\/h3> \t\t\t\t\t\t\t\t\t\t\t\n\t\t\t\t\t\t\t\t\t\t\t\t\t\t\t\t\t\t\t\t\t\t\t\t\t\t\t\t\t\t\t\t\t\t\t\t\t\t\t\t\t\t\t\t\t\t\t\t\t\t\t\t\t\t\t\t<p>competitive analysis \u25aa<br \/>d\u00e9finition des zones d&#8217;implantation \u25aa<br \/>media plan setting up \u25aa<br \/>communication plan \u25aa<br \/>digital communication \u25aa<br \/>content creation (text, video, visuals) \u25aa<br \/>community management \u25aa<\/p> \t\t\t\t\t\t\t\t\t\t\t\t\t\t\t\t\t\t\t\t\t\t\t\t\t\t\t\t\t\n\t\t\t\t\t\t\t\tSTEP 5\n\t\t\t\t\t\t\t\t\t\t\t\t\t\t\t\t\t\t\t<p>STEP 6<\/p>\n\t\t\t\t\t\t\t\t\t\t\t\t\t\t\t\t\t\t\t\t\t\t\t<h3>Recruitment<\/h3> \t\t\t\t\t\t\t\t\t\t\t\n\t\t\t\t\t\t\t\t\t\t\t\t\t\t\t\t\t\t\t\t\t\t\t\t\t\t\t\t\t\t\t\t\t\t\t\t\t\t\t\t\t\t\t\t\t\t\t\t\t\t\t\t\t\t\t\t\u25aa definition of the candidates' profile<br \/>\n\u25aa sourcing strategy<br \/>\n\u25aa qualification des candidats\n\t\t\t\t\t\t\t\tETAPE 6\n\t\t\t\t<img decoding=\"async\" src=\"https:\/\/francheezer.com\/wp-content\/uploads\/2022\/10\/switzerland_01-1.jpg\" alt=\"switzerland_01 (1)\" title=\"switzerland_01 (1)\" itemprop=\"image\"  \/>\n<h2>\n\t\tWhy choose Francheezer for your development in Switzerland?\n\t<\/h2>\n\t\t<h3>Pour la &#8220;Franchise touch&#8221;<\/h3>\t\t\t\n\t\t\t\t<p>We are <strong>Franchise experts<\/strong> and have worked in this sector for several years.<br \/>We support brands of all sizes in their development in Switzerland.<\/p>\n\t\t<h3>Pour la &#8220;Home swiss touch&#8221;<\/h3>\t\t\t\n\t\t\t\t<p>We have an <strong>in-depth expertise of the Swiss market<\/strong> et de ses particularit\u00e9s locales : nous faisons gagner du temps \u00e0 nos clients en \u00e9vitant bon nombre d&#8217;erreurs.<\/p>\n\t\t<h3>Pour la &#8220;Full service touch&#8221;<\/h3>\t\t\t\n\t\t\t\t<p>Our <strong>r\u00e9seau local d&#8217;experts franchises<\/strong> est \u00e0 m\u00eame de r\u00e9pondre \u00e0 vos demandes les plus sp\u00e9cifiques : recherche de candidats, d&#8217;opportunit\u00e9s business, de partenaires&#8230;<\/p>\n<h2>\n\t\tThey trust us\n\t<\/h2>\n\t\t\t\t<img decoding=\"async\" src=\"https:\/\/francheezer.com\/wp-content\/uploads\/2023\/11\/logo-pokawa.png\" alt=\"logo-pokawa\" title=\"logo-pokawa\" itemprop=\"image\"  \/>\n\t\t\t\t<img decoding=\"async\" src=\"https:\/\/francheezer.com\/wp-content\/uploads\/2023\/11\/logo-ByKarl.png\" alt=\"logo-ByKarl\" title=\"logo-ByKarl\" itemprop=\"image\"  \/>\n\t\t\t\t<img loading=\"lazy\" decoding=\"async\" src=\"https:\/\/francheezer.com\/wp-content\/uploads\/2023\/09\/Logo-easygym.png\" alt=\"Logo-easygym\" itemprop=\"image\" height=\"176\" width=\"556\" title=\"Logo-easygym\" onerror=\"this.style.display='none'\"  \/>\n\t\t\t\t<img loading=\"lazy\" decoding=\"async\" src=\"https:\/\/francheezer.com\/wp-content\/uploads\/2022\/09\/logo-cavavin-suisse.jpg\" alt=\"logo-cavavin-suisse\" itemprop=\"image\" height=\"182\" width=\"300\" title=\"logo-cavavin-suisse\" onerror=\"this.style.display='none'\"  \/>\n\t\t\t\t<img decoding=\"async\" src=\"https:\/\/francheezer.com\/wp-content\/uploads\/2024\/02\/logo-laserel-large.png\" alt=\"logo Laserel\" title=\"logo-laserel-large\" itemprop=\"image\"  \/>\n\t\t\t\t<img decoding=\"async\" src=\"https:\/\/francheezer.com\/wp-content\/uploads\/2024\/10\/logo-cabaia.jpg\" alt=\"logo-cabaia\" title=\"logo-cabaia\" itemprop=\"image\"  \/>\n\t\t\t\t<img decoding=\"async\" src=\"https:\/\/francheezer.com\/wp-content\/uploads\/2023\/11\/logo-herbolario.jpeg\" alt=\"logo-herbolario\" title=\"logo-herbolario\" itemprop=\"image\"  \/>\n\t\t\t\t<img loading=\"lazy\" decoding=\"async\" src=\"https:\/\/francheezer.com\/wp-content\/uploads\/2022\/09\/LOGO-GUINOT.jpg\" alt=\"LOGO-GUINOT\" itemprop=\"image\" height=\"288\" width=\"628\" title=\"LOGO-GUINOT\" onerror=\"this.style.display='none'\"  \/>\n\t\t\t\t<img decoding=\"async\" src=\"https:\/\/francheezer.com\/wp-content\/uploads\/2023\/11\/logo-happy-cash1.png\" alt=\"logo-happy-cash(1)\" title=\"logo-happy-cash(1)\" itemprop=\"image\"  \/>\n\t\t\t\t<img decoding=\"async\" src=\"https:\/\/francheezer.com\/wp-content\/uploads\/2024\/02\/logo-happy-cash-services-842.png\" alt=\"logo-happy-cash-services-842\" title=\"logo-happy-cash-services-842\" itemprop=\"image\"  \/>\n\t\t\t\t<img decoding=\"async\" src=\"https:\/\/francheezer.com\/wp-content\/uploads\/2024\/09\/logo-larelocation.png\" alt=\"logo-larelocation\" title=\"logo-larelocation\" itemprop=\"image\"  \/>\n\t\t\t\t<img decoding=\"async\" src=\"https:\/\/francheezer.com\/wp-content\/uploads\/2024\/02\/logo-ecole-lenotre.png\" alt=\"logo-ecole-lenotre\" title=\"logo-ecole-lenotre\" itemprop=\"image\"  \/>\n\t\t\t\t<img decoding=\"async\" src=\"https:\/\/francheezer.com\/wp-content\/uploads\/2024\/09\/logo-slice-slice-baby-png.avif\" alt=\"logo-slice-slice-baby\" title=\"logo-slice-slice-baby\" itemprop=\"image\"  \/>\n\t\t\t\t<img decoding=\"async\" src=\"https:\/\/francheezer.com\/wp-content\/uploads\/2024\/02\/Happy-Troc-842.png\" alt=\"Happy-Troc-842\" title=\"Happy-Troc-842\" itemprop=\"image\"  \/>\n\t\t\t\t<img loading=\"lazy\" decoding=\"async\" src=\"https:\/\/francheezer.com\/wp-content\/uploads\/2024\/02\/viagimmo-logo.png\" alt=\"viagimmo-logo\" itemprop=\"image\" height=\"286\" width=\"800\" title=\"viagimmo-logo\" onerror=\"this.style.display='none'\"  \/>\n<h2>\n\t\tA franchise project in Switzerland? Contact our team\n\t<\/h2>","protected":false},"excerpt":{"rendered":"<p>Nos services aux franchiseurs Nous conseillons les franchiseurs et enseignes pour leur implantation et leur d\u00e9veloppement en Franchise en Suisse et \u00e0 l&#8217;International Contactez-nous Voir les diff\u00e9rents services SOYEZ DECISIF EN SUISSE Profitez d&#8217;une forte expertise suisse Compte tenu des investissements en jeu, vous devez pouvoir compter sur une expertise locale forte. Avec Francheezer vous [&hellip;]<\/p>\n","protected":false},"author":1,"featured_media":0,"parent":0,"menu_order":0,"comment_status":"closed","ping_status":"closed","template":"","meta":{"site-sidebar-layout":"default","site-content-layout":"default","ast-site-content-layout":"default","site-content-style":"default","site-sidebar-style":"default","ast-global-header-display":"","ast-banner-title-visibility":"","ast-main-header-display":"","ast-hfb-above-header-display":"","ast-hfb-below-header-display":"","ast-hfb-mobile-header-display":"","site-post-title":"disabled","ast-breadcrumbs-content":"","ast-featured-img":"","footer-sml-layout":"","ast-disable-related-posts":"","theme-transparent-header-meta":"default","adv-header-id-meta":"","stick-header-meta":"","header-above-stick-meta":"","header-main-stick-meta":"","header-below-stick-meta":"","astra-migrate-meta-layouts":"default","ast-page-background-enabled":"default","ast-page-background-meta":{"desktop":{"background-color":"","background-image":"","background-repeat":"repeat","background-position":"center center","background-size":"auto","background-attachment":"scroll","background-type":"","background-media":"","overlay-type":"","overlay-color":"","overlay-opacity":"","overlay-gradient":""},"tablet":{"background-color":"","background-image":"","background-repeat":"repeat","background-position":"center center","background-size":"auto","background-attachment":"scroll","background-type":"","background-media":"","overlay-type":"","overlay-color":"","overlay-opacity":"","overlay-gradient":""},"mobile":{"background-color":"","background-image":"","background-repeat":"repeat","background-position":"center center","background-size":"auto","background-attachment":"scroll","background-type":"","background-media":"","overlay-type":"","overlay-color":"","overlay-opacity":"","overlay-gradient":""}},"ast-content-background-meta":{"desktop":{"background-color":"var(--ast-global-color-5)","background-image":"","background-repeat":"repeat","background-position":"center center","background-size":"auto","background-attachment":"scroll","background-type":"","background-media":"","overlay-type":"","overlay-color":"","overlay-opacity":"","overlay-gradient":""},"tablet":{"background-color":"var(--ast-global-color-5)","background-image":"","background-repeat":"repeat","background-position":"center center","background-size":"auto","background-attachment":"scroll","background-type":"","background-media":"","overlay-type":"","overlay-color":"","overlay-opacity":"","overlay-gradient":""},"mobile":{"background-color":"var(--ast-global-color-5)","background-image":"","background-repeat":"repeat","background-position":"center center","background-size":"auto","background-attachment":"scroll","background-type":"","background-media":"","overlay-type":"","overlay-color":"","overlay-opacity":"","overlay-gradient":""}},"footnotes":""},"class_list":["post-627","page","type-page","status-publish","hentry"],"yoast_head":"<!-- This site is optimized with the Yoast SEO plugin v27.5 - https:\/\/yoast.com\/product\/yoast-seo-wordpress\/ -->\n<title>Espace franchiseur - Francheezer<\/title>\n<meta name=\"description\" content=\"Recrutement de franchis\u00e9s en Suisse, conseil franchise en Suisse : tous les services pour d\u00e9velopper sa marque en Franchise en Suisse.\" \/>\n<meta name=\"robots\" content=\"index, follow, max-snippet:-1, max-image-preview:large, max-video-preview:-1\" \/>\n<link rel=\"canonical\" href=\"https:\/\/francheezer.com\/en\/espace-franchiseur\/\" \/>\n<meta property=\"og:locale\" content=\"en_GB\" \/>\n<meta property=\"og:type\" content=\"article\" \/>\n<meta property=\"og:title\" content=\"Espace franchiseur - Francheezer\" \/>\n<meta property=\"og:description\" content=\"Recrutement de franchis\u00e9s en Suisse, conseil franchise en Suisse : tous les services pour d\u00e9velopper sa marque en Franchise en Suisse.\" \/>\n<meta property=\"og:url\" content=\"https:\/\/francheezer.com\/en\/espace-franchiseur\/\" \/>\n<meta property=\"og:site_name\" content=\"Francheezer\" \/>\n<meta property=\"article:modified_time\" content=\"2025-04-04T05:18:59+00:00\" \/>\n<meta property=\"og:image\" content=\"https:\/\/francheezer.com\/wp-content\/uploads\/2022\/10\/illustration-choix-francheezer.png\" \/>\n<meta name=\"twitter:card\" content=\"summary_large_image\" \/>\n<meta name=\"twitter:label1\" content=\"Estimated reading time\" \/>\n\t<meta name=\"twitter:data1\" content=\"4 minutes\" \/>\n<script type=\"application\/ld+json\" class=\"yoast-schema-graph\">{\"@context\":\"https:\\\/\\\/schema.org\",\"@graph\":[{\"@type\":\"WebPage\",\"@id\":\"https:\\\/\\\/francheezer.com\\\/espace-franchiseur\\\/\",\"url\":\"https:\\\/\\\/francheezer.com\\\/espace-franchiseur\\\/\",\"name\":\"Espace franchiseur - Francheezer\",\"isPartOf\":{\"@id\":\"https:\\\/\\\/francheezer.com\\\/#website\"},\"primaryImageOfPage\":{\"@id\":\"https:\\\/\\\/francheezer.com\\\/espace-franchiseur\\\/#primaryimage\"},\"image\":{\"@id\":\"https:\\\/\\\/francheezer.com\\\/espace-franchiseur\\\/#primaryimage\"},\"thumbnailUrl\":\"https:\\\/\\\/francheezer.com\\\/wp-content\\\/uploads\\\/2022\\\/10\\\/illustration-choix-francheezer.png\",\"datePublished\":\"2021-01-07T15:56:25+00:00\",\"dateModified\":\"2025-04-04T05:18:59+00:00\",\"description\":\"Recrutement de franchis\u00e9s en Suisse, conseil franchise en Suisse : tous les services pour d\u00e9velopper sa marque en Franchise en Suisse.\",\"breadcrumb\":{\"@id\":\"https:\\\/\\\/francheezer.com\\\/espace-franchiseur\\\/#breadcrumb\"},\"inLanguage\":\"en-GB\",\"potentialAction\":[{\"@type\":\"ReadAction\",\"target\":[\"https:\\\/\\\/francheezer.com\\\/espace-franchiseur\\\/\"]}]},{\"@type\":\"ImageObject\",\"inLanguage\":\"en-GB\",\"@id\":\"https:\\\/\\\/francheezer.com\\\/espace-franchiseur\\\/#primaryimage\",\"url\":\"https:\\\/\\\/francheezer.com\\\/wp-content\\\/uploads\\\/2022\\\/10\\\/illustration-choix-francheezer.png\",\"contentUrl\":\"https:\\\/\\\/francheezer.com\\\/wp-content\\\/uploads\\\/2022\\\/10\\\/illustration-choix-francheezer.png\"},{\"@type\":\"BreadcrumbList\",\"@id\":\"https:\\\/\\\/francheezer.com\\\/espace-franchiseur\\\/#breadcrumb\",\"itemListElement\":[{\"@type\":\"ListItem\",\"position\":1,\"name\":\"Accueil\",\"item\":\"https:\\\/\\\/francheezer.com\\\/\"},{\"@type\":\"ListItem\",\"position\":2,\"name\":\"Espace franchiseur\"}]},{\"@type\":\"WebSite\",\"@id\":\"https:\\\/\\\/francheezer.com\\\/#website\",\"url\":\"https:\\\/\\\/francheezer.com\\\/\",\"name\":\"Francheezer\",\"description\":\"\",\"publisher\":{\"@id\":\"https:\\\/\\\/francheezer.com\\\/#organization\"},\"potentialAction\":[{\"@type\":\"SearchAction\",\"target\":{\"@type\":\"EntryPoint\",\"urlTemplate\":\"https:\\\/\\\/francheezer.com\\\/?s={search_term_string}\"},\"query-input\":{\"@type\":\"PropertyValueSpecification\",\"valueRequired\":true,\"valueName\":\"search_term_string\"}}],\"inLanguage\":\"en-GB\"},{\"@type\":\"Organization\",\"@id\":\"https:\\\/\\\/francheezer.com\\\/#organization\",\"name\":\"Francheezer\",\"url\":\"https:\\\/\\\/francheezer.com\\\/\",\"logo\":{\"@type\":\"ImageObject\",\"inLanguage\":\"en-GB\",\"@id\":\"https:\\\/\\\/francheezer.com\\\/#\\\/schema\\\/logo\\\/image\\\/\",\"url\":\"https:\\\/\\\/francheezer.com\\\/wp-content\\\/uploads\\\/2023\\\/03\\\/cropped-Francheezer-RVB-sans-Suisse-500-148.png\",\"contentUrl\":\"https:\\\/\\\/francheezer.com\\\/wp-content\\\/uploads\\\/2023\\\/03\\\/cropped-Francheezer-RVB-sans-Suisse-500-148.png\",\"width\":500,\"height\":148,\"caption\":\"Francheezer\"},\"image\":{\"@id\":\"https:\\\/\\\/francheezer.com\\\/#\\\/schema\\\/logo\\\/image\\\/\"}}]}<\/script>\n<!-- \/ Yoast SEO plugin. -->","yoast_head_json":{"title":"Franchisor area - Francheezer","description":"Franchisee recruitment in Switzerland, franchisee consultancy in Switzerland: all the services to develop your brand in Switzerland.","robots":{"index":"index","follow":"follow","max-snippet":"max-snippet:-1","max-image-preview":"max-image-preview:large","max-video-preview":"max-video-preview:-1"},"canonical":"https:\/\/francheezer.com\/en\/espace-franchiseur\/","og_locale":"en_GB","og_type":"article","og_title":"Espace franchiseur - Francheezer","og_description":"Recrutement de franchis\u00e9s en Suisse, conseil franchise en Suisse : tous les services pour d\u00e9velopper sa marque en Franchise en Suisse.","og_url":"https:\/\/francheezer.com\/en\/espace-franchiseur\/","og_site_name":"Francheezer","article_modified_time":"2025-04-04T05:18:59+00:00","og_image":[{"url":"https:\/\/francheezer.com\/wp-content\/uploads\/2022\/10\/illustration-choix-francheezer.png","type":"","width":"","height":""}],"twitter_card":"summary_large_image","twitter_misc":{"Estimated reading time":"4 minutes"},"schema":{"@context":"https:\/\/schema.org","@graph":[{"@type":"WebPage","@id":"https:\/\/francheezer.com\/espace-franchiseur\/","url":"https:\/\/francheezer.com\/espace-franchiseur\/","name":"Franchisor area - Francheezer","isPartOf":{"@id":"https:\/\/francheezer.com\/#website"},"primaryImageOfPage":{"@id":"https:\/\/francheezer.com\/espace-franchiseur\/#primaryimage"},"image":{"@id":"https:\/\/francheezer.com\/espace-franchiseur\/#primaryimage"},"thumbnailUrl":"https:\/\/francheezer.com\/wp-content\/uploads\/2022\/10\/illustration-choix-francheezer.png","datePublished":"2021-01-07T15:56:25+00:00","dateModified":"2025-04-04T05:18:59+00:00","description":"Franchisee recruitment in Switzerland, franchisee consultancy in Switzerland: all the services to develop your brand in Switzerland.","breadcrumb":{"@id":"https:\/\/francheezer.com\/espace-franchiseur\/#breadcrumb"},"inLanguage":"en-GB","potentialAction":[{"@type":"ReadAction","target":["https:\/\/francheezer.com\/espace-franchiseur\/"]}]},{"@type":"ImageObject","inLanguage":"en-GB","@id":"https:\/\/francheezer.com\/espace-franchiseur\/#primaryimage","url":"https:\/\/francheezer.com\/wp-content\/uploads\/2022\/10\/illustration-choix-francheezer.png","contentUrl":"https:\/\/francheezer.com\/wp-content\/uploads\/2022\/10\/illustration-choix-francheezer.png"},{"@type":"BreadcrumbList","@id":"https:\/\/francheezer.com\/espace-franchiseur\/#breadcrumb","itemListElement":[{"@type":"ListItem","position":1,"name":"Accueil","item":"https:\/\/francheezer.com\/"},{"@type":"ListItem","position":2,"name":"Espace franchiseur"}]},{"@type":"WebSite","@id":"https:\/\/francheezer.com\/#website","url":"https:\/\/francheezer.com\/","name":"Francheezer","description":"","publisher":{"@id":"https:\/\/francheezer.com\/#organization"},"potentialAction":[{"@type":"SearchAction","target":{"@type":"EntryPoint","urlTemplate":"https:\/\/francheezer.com\/?s={search_term_string}"},"query-input":{"@type":"PropertyValueSpecification","valueRequired":true,"valueName":"search_term_string"}}],"inLanguage":"en-GB"},{"@type":"Organization","@id":"https:\/\/francheezer.com\/#organization","name":"Francheezer","url":"https:\/\/francheezer.com\/","logo":{"@type":"ImageObject","inLanguage":"en-GB","@id":"https:\/\/francheezer.com\/#\/schema\/logo\/image\/","url":"https:\/\/francheezer.com\/wp-content\/uploads\/2023\/03\/cropped-Francheezer-RVB-sans-Suisse-500-148.png","contentUrl":"https:\/\/francheezer.com\/wp-content\/uploads\/2023\/03\/cropped-Francheezer-RVB-sans-Suisse-500-148.png","width":500,"height":148,"caption":"Francheezer"},"image":{"@id":"https:\/\/francheezer.com\/#\/schema\/logo\/image\/"}}]}},"_links":{"self":[{"href":"https:\/\/francheezer.com\/en\/wp-json\/wp\/v2\/pages\/627","targetHints":{"allow":["GET"]}}],"collection":[{"href":"https:\/\/francheezer.com\/en\/wp-json\/wp\/v2\/pages"}],"about":[{"href":"https:\/\/francheezer.com\/en\/wp-json\/wp\/v2\/types\/page"}],"author":[{"embeddable":true,"href":"https:\/\/francheezer.com\/en\/wp-json\/wp\/v2\/users\/1"}],"replies":[{"embeddable":true,"href":"https:\/\/francheezer.com\/en\/wp-json\/wp\/v2\/comments?post=627"}],"version-history":[{"count":90,"href":"https:\/\/francheezer.com\/en\/wp-json\/wp\/v2\/pages\/627\/revisions"}],"predecessor-version":[{"id":1777,"href":"https:\/\/francheezer.com\/en\/wp-json\/wp\/v2\/pages\/627\/revisions\/1777"}],"wp:attachment":[{"href":"https:\/\/francheezer.com\/en\/wp-json\/wp\/v2\/media?parent=627"}],"curies":[{"name":"wp","href":"https:\/\/api.w.org\/{rel}","templated":true}]}}